{"id":27653,"date":"2024-04-09T20:58:10","date_gmt":"2024-04-09T20:58:10","guid":{"rendered":"https:\/\/cheveuxluxe.com\/index.php\/product\/jaguar-ciseaux-de-coupe-off-sl-cj4-plus-cf-5-5\/"},"modified":"2024-04-13T13:51:06","modified_gmt":"2024-04-13T13:51:06","slug":"jaguar-ciseaux-de-coupe-off-sl-cj4-plus-cf-5-5","status":"publish","type":"product","link":"https:\/\/cheveuxluxe.com\/index.php\/product\/jaguar-ciseaux-de-coupe-off-sl-cj4-plus-cf-5-5\/","title":{"rendered":"Jaguar Ciseaux de Coupe Off SL CJ4 Plus CF 5.5&Prime;"},"content":{"rendered":"<div class=\"product-content_bottom\">\n<div class=\"pdp-info\">\n<div class=\"pdp-tabs tab-container\">\n<div class=\"tab js-tab\">\n<h3 class=\"tab-title pdp-tabs_title js-tab-mobile-title open\"><span>Points cl\u00e9s<\/span><\/h3>\n<div class=\"tab-description pdp-tabs_description js-tab-description open\" itemprop=\"description\">\n<ul>\n<li>5.5&Prime; = 14.0 cm<\/li>\n<li>Droitier<\/li>\n<li>Rev\u00eatement en titane noir mat de qualit\u00e9 sup\u00e9rieure, dur\u00e9e de vie extr\u00eamement longue <\/li>\n<li>Protection en cas d\u2018allergie au nickel<\/li>\n<li>Design Offset pour une position de manche ergonomique et un travail d\u00e9tendu<\/li>\n<li>Anneau de pouce coud\u00e9 pour une position de travail tr\u00e8s d\u00e9tendue sans empreintes<\/li>\n<\/ul>\n<\/div>\n<\/div>\n<div class=\"tab js-tab\">\n<h3 class=\"tab-title pdp-tabs_title js-tab-mobile-title\"><span>Description<\/span><\/h3>\n<div class=\"tab-description pdp-tabs_description js-tab-description\" itemprop=\"description\">DUR\u00c9E DE VIE : Dur\u00e9e de tranchant extr\u00eamement longue gr\u00e2ce \u00e0 l\u2018utilisation de l\u2018acier de qualit\u00e9 forg\u00e9. Le trempage \u00e0 froid \u00e0 -180 \u00b0C lie le carbone dans la structure mol\u00e9culaire et rend ainsi la lame FRIODUR\u00ae plus dure. L\u2018acier est alors extr\u00eamement r\u00e9sistant et peut conserver son tranchant extr\u00eamement longtemps.<\/p>\n<p>FONCTIONNEMENT : La forme \u00e0 haute finition de la lame au centi\u00e8me de millim\u00e8tre pr\u00e8s gr\u00e2ce \u00e0 la technologie de rectification CNC et le proc\u00e9d\u00e9 de dressage BLC (Backlight + Computeraided) ainsi que le syst\u00e8me de vis rajustable, ferm\u00e9 en soi et plat SMART SPIN sont la garantie d\u2018un fonctionnement parfait et incomparable ais\u00e9.<\/p>\n<p>PR\u00c9CISION D\u2019AIGUISAGE : Lames convexes avec tranchants compl\u00e8tement int\u00e9gr\u00e9s et un angle de fil de lame tr\u00e8s pointu pour un tranchant maximal. Convient parfaitement \u00e0 l\u2018effilage gr\u00e2ce \u00e0 la rectification concave et au pon\u00e7age honing DC.<\/p><\/div>\n<\/div>\n<div class=\"tab js-tab\">\n<h3 class=\"tab-title pdp-tabs_title js-tab-mobile-title\"><span>Mode d&#8217;emploi<\/span><\/h3>\n<div class=\"tab-description pdp-tabs_description js-tab-description\">Pour une coupe r\u00e9ussie, travaillez sur des cheveux shampooin\u00e9s, et toujours humides.<br \/>Ainsi, vous homog\u00e9n\u00e9isez les mouvements, visualisez mieux les diff\u00e9rentes longueurs, et les cheveux restent en place.<\/div>\n<\/div>\n<div class=\"tab js-tab\">\n<h3 class=\"tab-title pdp-tabs_title js-tab-mobile-title\"><span>Livraison et stock<\/span><\/h3>\n<div class=\"tab-description pdp-tabs_description js-tab-description\">\n<div class=\"pdp-delivery_info\">\n<div class=\"content-asset\">Livraison et d\u00e9laisRetours et remboursements<\/div>\n<\/div>\n<\/div>\n<\/div>\n<div class=\"tab js-tab\">\n<h3 class=\"tab-title pdp-tabs_title js-tab-mobile-title\"><span>Pr\u00e9cautions d&#8217;emploi<\/span><\/h3>\n<div class=\"tab-description pdp-tabs_description js-tab-description\">Conserver hors de port\u00e9e des enfants.<\/div>\n<\/div>\n<\/div>\n<\/div>\n<\/div>\n","protected":false},"excerpt":{"rendered":"<p>Points cl\u00e9s 5.5&Prime; = 14.0 cm Droitier Rev\u00eatement en titane noir mat de qualit\u00e9 sup\u00e9rieure,&hellip;<\/p>\n","protected":false},"featured_media":16731,"comment_status":"open","ping_status":"closed","template":"","meta":[],"pwb-brand":[670],"product_cat":[503],"product_tag":[168,414,169],"class_list":{"0":"post-27653","1":"product","2":"type-product","3":"status-publish","4":"has-post-thumbnail","6":"pwb-brand-jaguar","7":"product_cat-materiel-de-coiffure-equipement-de-salon-22","8":"product_tag-equipement-de-salon","9":"product_tag-jaguar","10":"product_tag-materiel-de-coiffure","12":"first","13":"instock","14":"taxable","15":"shipping-taxable","16":"purchasable","17":"product-type-simple","18":"layout-style-3","19":"col-md-4 col-sm-4 col-xs-6","20":"col-lg-3","21":"product-style-default"},"aioseo_notices":[],"brands":[{"id":670,"name":"Jaguar","slug":"jaguar"}],"_links":{"self":[{"href":"https:\/\/cheveuxluxe.com\/index.php\/wp-json\/wp\/v2\/product\/27653","targetHints":{"allow":["GET"]}}],"collection":[{"href":"https:\/\/cheveuxluxe.com\/index.php\/wp-json\/wp\/v2\/product"}],"about":[{"href":"https:\/\/cheveuxluxe.com\/index.php\/wp-json\/wp\/v2\/types\/product"}],"replies":[{"embeddable":true,"href":"https:\/\/cheveuxluxe.com\/index.php\/wp-json\/wp\/v2\/comments?post=27653"}],"version-history":[{"count":0,"href":"https:\/\/cheveuxluxe.com\/index.php\/wp-json\/wp\/v2\/product\/27653\/revisions"}],"wp:featuredmedia":[{"embeddable":true,"href":"https:\/\/cheveuxluxe.com\/index.php\/wp-json\/wp\/v2\/media\/16731"}],"wp:attachment":[{"href":"https:\/\/cheveuxluxe.com\/index.php\/wp-json\/wp\/v2\/media?parent=27653"}],"wp:term":[{"taxonomy":"pwb-brand","embeddable":true,"href":"https:\/\/cheveuxluxe.com\/index.php\/wp-json\/wp\/v2\/pwb-brand?post=27653"},{"taxonomy":"product_cat","embeddable":true,"href":"https:\/\/cheveuxluxe.com\/index.php\/wp-json\/wp\/v2\/product_cat?post=27653"},{"taxonomy":"product_tag","embeddable":true,"href":"https:\/\/cheveuxluxe.com\/index.php\/wp-json\/wp\/v2\/product_tag?post=27653"}],"curies":[{"name":"wp","href":"https:\/\/api.w.org\/{rel}","templated":true}]}}