{"id":27672,"date":"2024-04-09T20:58:56","date_gmt":"2024-04-09T20:58:56","guid":{"rendered":"https:\/\/cheveuxluxe.com\/index.php\/product\/elchim-hot-honey-care-sublime-liss-treatment-smoothing-x12\/"},"modified":"2024-04-13T13:43:25","modified_gmt":"2024-04-13T13:43:25","slug":"elchim-hot-honey-care-sublime-liss-treatment-smoothing-x12","status":"publish","type":"product","link":"https:\/\/cheveuxluxe.com\/index.php\/product\/elchim-hot-honey-care-sublime-liss-treatment-smoothing-x12\/","title":{"rendered":"Elchim Hot Honey Care Sublime Liss Treatment Smoothing x12"},"content":{"rendered":"<div class=\"product-content_bottom\">\n<div class=\"pdp-info\">\n<div class=\"pdp-tabs tab-container\">\n<div class=\"tab js-tab\">\n<h3 class=\"tab-title pdp-tabs_title js-tab-mobile-title open\"><span>Points cl\u00e9s<\/span><\/h3>\n<div class=\"tab-description pdp-tabs_description js-tab-description open\" itemprop=\"description\">\n<ul>\n<li>Action lissante<\/li>\n<li>Effet imm\u00e9diat<\/li>\n<li>R\u00e9partition uniforme<\/li>\n<li>R\u00e9alis\u00e9e avec les principes nutritifs naturels du miel<\/li>\n<\/ul>\n<\/div>\n<\/div>\n<div class=\"tab js-tab\">\n<h3 class=\"tab-title pdp-tabs_title js-tab-mobile-title\"><span>Description<\/span><\/h3>\n<div class=\"tab-description pdp-tabs_description js-tab-description\" itemprop=\"description\">Avec Hot Honey Care Sublime Liss, vous pouvez avoir des cheveux lisses, doux et brillants. La technologie du s\u00e8che-cheveux Elchim rencontre le soin capillaire dans le syst\u00e8me innovant 3 en 1 : s\u00e9chage, coiffage et traitement en un seul passage !En ins\u00e9rant le dosette Sublime Liss dans le concentrateur cosm\u00e9tique sp\u00e9cial* de votre s\u00e8che-cheveux Elchim, vous obtiendrez imm\u00e9diatement des cheveux plus lisses, plus brillants et plus doux<\/div>\n<\/div>\n<div class=\"tab js-tab\">\n<h3 class=\"tab-title pdp-tabs_title js-tab-mobile-title\"><span>Mode d&#8217;emploi<\/span><\/h3>\n<div class=\"tab-description pdp-tabs_description js-tab-description\">Ins\u00e9rez les dosettes hot honey care sublime liss \u00e0 l&rsquo;int\u00e9rieur du concentrateur\u00a0s\u00e8che-cheveux compatible* elchim en assurant la parfaite fermeture du capuchon. S\u00e9chez et coiffez les cheveux comme d&rsquo;habitude et obtenez des r\u00e9sultats imm\u00e9diats apr\u00e8s quelques minutes. Traitement sans rin\u00e7age.<\/div>\n<\/div>\n<div class=\"tab js-tab\">\n<h3 class=\"tab-title pdp-tabs_title js-tab-mobile-title\"><span>Ingr\u00e9dients<\/span><\/h3>\n<div class=\"tab-description pdp-tabs_description js-tab-description\">\u00ab\u00a0acqua, dipropylene glycol, polysilicone-29, butylene glycol, ppg-26-buteth-26,phenoxyethanol, parfum (fragrance)], propylene glycol, peg-40 hydrogenated castor oil, potassium sorbaate, sodium benzoate, mel\/honey, lactic acid, hydrolyzed keratin, hexyl cinnamal, benzyl salicylate, linalool, limonene, hydroxypropyltrimonium hydrolyzed corn starch, alpha-isomethyl ionone, coumarin, citronellol, geraniol.\u00a0\u00bb<\/div>\n<\/div>\n<div class=\"tab js-tab\">\n<h3 class=\"tab-title pdp-tabs_title js-tab-mobile-title\"><span>Livraison et stock<\/span><\/h3>\n<div class=\"tab-description pdp-tabs_description js-tab-description\">\n<div class=\"pdp-delivery_info\">\n<div class=\"content-asset\">Livraison et d\u00e9laisRetours et remboursements<\/div>\n<\/div>\n<\/div>\n<\/div>\n<\/div>\n<\/div>\n<\/div>\n","protected":false},"excerpt":{"rendered":"<p>Points cl\u00e9s Action lissante Effet imm\u00e9diat R\u00e9partition uniforme R\u00e9alis\u00e9e avec les principes nutritifs naturels du&hellip;<\/p>\n","protected":false},"featured_media":27666,"comment_status":"open","ping_status":"closed","template":"","meta":[],"pwb-brand":[678],"product_cat":[438],"product_tag":[439,177,184],"class_list":{"0":"post-27672","1":"product","2":"type-product","3":"status-publish","4":"has-post-thumbnail","6":"pwb-brand-elchim","7":"product_cat-seche-cheveux","8":"product_tag-elchim","9":"product_tag-electro-et-materiel","10":"product_tag-seche-cheveux","12":"first","13":"instock","14":"taxable","15":"shipping-taxable","16":"purchasable","17":"product-type-simple","18":"layout-style-3","19":"col-md-4 col-sm-4 col-xs-6","20":"col-lg-3","21":"product-has-gallery","22":"product-style-default"},"aioseo_notices":[],"brands":[{"id":678,"name":"Elchim","slug":"elchim"}],"_links":{"self":[{"href":"https:\/\/cheveuxluxe.com\/index.php\/wp-json\/wp\/v2\/product\/27672","targetHints":{"allow":["GET"]}}],"collection":[{"href":"https:\/\/cheveuxluxe.com\/index.php\/wp-json\/wp\/v2\/product"}],"about":[{"href":"https:\/\/cheveuxluxe.com\/index.php\/wp-json\/wp\/v2\/types\/product"}],"replies":[{"embeddable":true,"href":"https:\/\/cheveuxluxe.com\/index.php\/wp-json\/wp\/v2\/comments?post=27672"}],"version-history":[{"count":0,"href":"https:\/\/cheveuxluxe.com\/index.php\/wp-json\/wp\/v2\/product\/27672\/revisions"}],"wp:featuredmedia":[{"embeddable":true,"href":"https:\/\/cheveuxluxe.com\/index.php\/wp-json\/wp\/v2\/media\/27666"}],"wp:attachment":[{"href":"https:\/\/cheveuxluxe.com\/index.php\/wp-json\/wp\/v2\/media?parent=27672"}],"wp:term":[{"taxonomy":"pwb-brand","embeddable":true,"href":"https:\/\/cheveuxluxe.com\/index.php\/wp-json\/wp\/v2\/pwb-brand?post=27672"},{"taxonomy":"product_cat","embeddable":true,"href":"https:\/\/cheveuxluxe.com\/index.php\/wp-json\/wp\/v2\/product_cat?post=27672"},{"taxonomy":"product_tag","embeddable":true,"href":"https:\/\/cheveuxluxe.com\/index.php\/wp-json\/wp\/v2\/product_tag?post=27672"}],"curies":[{"name":"wp","href":"https:\/\/api.w.org\/{rel}","templated":true}]}}