{"id":27679,"date":"2024-04-09T20:59:11","date_gmt":"2024-04-09T20:59:11","guid":{"rendered":"https:\/\/cheveuxluxe.com\/index.php\/product\/elchim-anemos-seche-cheveux\/"},"modified":"2024-04-13T13:43:26","modified_gmt":"2024-04-13T13:43:26","slug":"elchim-anemos-seche-cheveux","status":"publish","type":"product","link":"https:\/\/cheveuxluxe.com\/index.php\/product\/elchim-anemos-seche-cheveux\/","title":{"rendered":"Elchim Anemos S\u00e8che-cheveux"},"content":{"rendered":"<div class=\"product-content_bottom\">\n<div class=\"pdp-info\">\n<div class=\"pdp-tabs tab-container\">\n<div class=\"tab js-tab\">\n<h3 class=\"tab-title pdp-tabs_title js-tab-mobile-title open\"><span>Points cl\u00e9s<\/span><\/h3>\n<div class=\"tab-description pdp-tabs_description js-tab-description open\" itemprop=\"description\">\n<ul>\n<li>Moteur num\u00e9rique de 110 000 tours\/minute<\/li>\n<li>Puissance incroyable du moteur micro brushless sonique<\/li>\n<li>Poids ultra l\u00e9ger<\/li>\n<li>Super silencieux<\/li>\n<li>Con\u00e7u et fabriqu\u00e9 en Italie<\/li>\n<\/ul>\n<\/div>\n<\/div>\n<div class=\"tab js-tab\">\n<h3 class=\"tab-title pdp-tabs_title js-tab-mobile-title\"><span>Description<\/span><\/h3>\n<div class=\"tab-description pdp-tabs_description js-tab-description\" itemprop=\"description\">\n<p>Le s\u00e8che-cheveux nouvelle g\u00e9n\u00e9ration selon Elchim, r\u00eav\u00e9 et fabriqu\u00e9 selon la tradition du s\u00e8che-cheveux professionnel italien, r\u00e9interpr\u00e9t\u00e9 dans un nouveau design futuriste et iconique.Con\u00e7u et fabriqu\u00e9 en Italie pour des r\u00e9sultats professionnels.Puissance et contr\u00f4le parfait pour un coiffage pr\u00e9cis en peu de temps gr\u00e2ce \u00e0 une \u00e9tude approfondie de la dynamique des flux d&rsquo;air et des concentrateurs con\u00e7us pour am\u00e9liorer la pression (55 mBar) et le d\u00e9bit d&rsquo;air (1 000 L\/min).Ergonomie parfaite en seulement 290 gr.<\/p>\n<p>Le r\u00e9sultat de la bonne combinaison de l\u00e9g\u00e8ret\u00e9, d&rsquo;\u00e9quilibre et de conception de la poign\u00e9e. Moins de 69 dBA pour une r\u00e9duction des nuisances sonores dans le salon.Vitesse de 110 000 tr\/min gr\u00e2ce au moteur num\u00e9rique micro-brushless \u00e0 technologie sonique.\u00a0\u00bb<\/p>\n<\/div>\n<\/div>\n<div class=\"tab js-tab\">\n<h3 class=\"tab-title pdp-tabs_title js-tab-mobile-title\"><span>Livraison et stock<\/span><\/h3>\n<div class=\"tab-description pdp-tabs_description js-tab-description\">\n<div class=\"pdp-delivery_info\">\n<div class=\"content-asset\">Livraison et d\u00e9laisRetours et remboursements<\/div>\n<\/div>\n<\/div>\n<\/div>\n<div class=\"tab js-tab\">\n<h3 class=\"tab-title pdp-tabs_title js-tab-mobile-title\"><span>Pr\u00e9cautions d&#8217;emploi<\/span><\/h3>\n<div class=\"tab-description pdp-tabs_description js-tab-description\">Ne pas utiliser cet appareil a c\u00f4t\u00e9 de l\u2019eau. Ne pas utiliser cet appareil proche de la baignoire, douche ni conteneurs d\u2019eau<\/div>\n<\/div>\n<\/div>\n<\/div>\n<\/div>\n","protected":false},"excerpt":{"rendered":"<p>Points cl\u00e9s Moteur num\u00e9rique de 110 000 tours\/minute Puissance incroyable du moteur micro brushless sonique&hellip;<\/p>\n","protected":false},"featured_media":27673,"comment_status":"open","ping_status":"closed","template":"","meta":[],"pwb-brand":[678],"product_cat":[438],"product_tag":[439,177,184],"class_list":{"0":"post-27679","1":"product","2":"type-product","3":"status-publish","4":"has-post-thumbnail","6":"pwb-brand-elchim","7":"product_cat-seche-cheveux","8":"product_tag-elchim","9":"product_tag-electro-et-materiel","10":"product_tag-seche-cheveux","12":"first","13":"instock","14":"taxable","15":"shipping-taxable","16":"purchasable","17":"product-type-simple","18":"layout-style-3","19":"col-md-4 col-sm-4 col-xs-6","20":"col-lg-3","21":"product-has-gallery","22":"product-style-default"},"aioseo_notices":[],"brands":[{"id":678,"name":"Elchim","slug":"elchim"}],"_links":{"self":[{"href":"https:\/\/cheveuxluxe.com\/index.php\/wp-json\/wp\/v2\/product\/27679","targetHints":{"allow":["GET"]}}],"collection":[{"href":"https:\/\/cheveuxluxe.com\/index.php\/wp-json\/wp\/v2\/product"}],"about":[{"href":"https:\/\/cheveuxluxe.com\/index.php\/wp-json\/wp\/v2\/types\/product"}],"replies":[{"embeddable":true,"href":"https:\/\/cheveuxluxe.com\/index.php\/wp-json\/wp\/v2\/comments?post=27679"}],"version-history":[{"count":0,"href":"https:\/\/cheveuxluxe.com\/index.php\/wp-json\/wp\/v2\/product\/27679\/revisions"}],"wp:featuredmedia":[{"embeddable":true,"href":"https:\/\/cheveuxluxe.com\/index.php\/wp-json\/wp\/v2\/media\/27673"}],"wp:attachment":[{"href":"https:\/\/cheveuxluxe.com\/index.php\/wp-json\/wp\/v2\/media?parent=27679"}],"wp:term":[{"taxonomy":"pwb-brand","embeddable":true,"href":"https:\/\/cheveuxluxe.com\/index.php\/wp-json\/wp\/v2\/pwb-brand?post=27679"},{"taxonomy":"product_cat","embeddable":true,"href":"https:\/\/cheveuxluxe.com\/index.php\/wp-json\/wp\/v2\/product_cat?post=27679"},{"taxonomy":"product_tag","embeddable":true,"href":"https:\/\/cheveuxluxe.com\/index.php\/wp-json\/wp\/v2\/product_tag?post=27679"}],"curies":[{"name":"wp","href":"https:\/\/api.w.org\/{rel}","templated":true}]}}