{"id":27696,"date":"2024-04-09T20:59:52","date_gmt":"2024-04-09T20:59:52","guid":{"rendered":"https:\/\/cheveuxluxe.com\/index.php\/product\/elchim-hot-honey-care-x-traitement-en-volume-x12\/"},"modified":"2024-04-13T13:43:28","modified_gmt":"2024-04-13T13:43:28","slug":"elchim-hot-honey-care-x-traitement-en-volume-x12","status":"publish","type":"product","link":"https:\/\/cheveuxluxe.com\/index.php\/product\/elchim-hot-honey-care-x-traitement-en-volume-x12\/","title":{"rendered":"Elchim Hot Honey Care X Traitement en volume x12"},"content":{"rendered":"<div class=\"product-content_bottom\">\n<div class=\"pdp-info\">\n<div class=\"pdp-tabs tab-container\">\n<div class=\"tab js-tab\">\n<h3 class=\"tab-title pdp-tabs_title js-tab-mobile-title open\"><span>Points cl\u00e9s<\/span><\/h3>\n<div class=\"tab-description pdp-tabs_description js-tab-description open\" itemprop=\"description\">\n<ul>\n<li>Extra Volume<\/li>\n<li>Effet imm\u00e9diat<\/li>\n<li>Formule pour cheveux courts<\/li>\n<li>R\u00e9partition uniforme \u00e0 base de principes nutritifs naturels du miel<\/li>\n<\/ul>\n<\/div>\n<\/div>\n<div class=\"tab js-tab\">\n<h3 class=\"tab-title pdp-tabs_title js-tab-mobile-title\"><span>Description<\/span><\/h3>\n<div class=\"tab-description pdp-tabs_description js-tab-description\" itemprop=\"description\">\n<p>Hot Honey Care X-Volume d\u00e9velopp\u00e9 par les laboratoires Elchim est le seul syst\u00e8me 3 en 1 pour s\u00e9cher, coiffer et donner du volume aux cheveux en un seul passage.<\/p>\n<p>Le traitement, associ\u00e9 \u00e0 l&rsquo;utilisation des s\u00e8che-cheveux Elchim, transforme les cheveux lors du s\u00e9chage et du coiffage avec un effet imm\u00e9diat. La chaleur et le flux d&rsquo;air du s\u00e8che-cheveux activent les principes naturels du miel et des acides amin\u00e9s de soja et de bl\u00e9 avec une r\u00e9partition uniforme sur toute la longueur des cheveux.<\/p>\n<p>En ins\u00e9rant le pod X-Volume dans l&#8217;embout concentrateur sp\u00e9cial de votre s\u00e8che-cheveux Elchim, vous obtiendrez imm\u00e9diatement un volume visible et des cheveux plus doux et plus brillants.\u00a0\u00bb<\/p>\n<\/div>\n<\/div>\n<div class=\"tab js-tab\">\n<h3 class=\"tab-title pdp-tabs_title js-tab-mobile-title\"><span>Mode d&#8217;emploi<\/span><\/h3>\n<div class=\"tab-description pdp-tabs_description js-tab-description\">Ins\u00e9rez les dosettes hot honey care x volume \u00e0 l&rsquo;int\u00e9rieur du concentrateur\u00a0s\u00e8che-cheveux compatible* elchim en assurant la parfaite fermeture du capuchon. S\u00e9chez et coiffez les cheveux comme d&rsquo;habitude et obtenez des r\u00e9sultats imm\u00e9diats apr\u00e8s quelques minutes. Traitement sans rin\u00e7age.<\/div>\n<\/div>\n<div class=\"tab js-tab\">\n<h3 class=\"tab-title pdp-tabs_title js-tab-mobile-title\"><span>Ingr\u00e9dients<\/span><\/h3>\n<div class=\"tab-description pdp-tabs_description js-tab-description\">\u00ab\u00a0aqua (water), peg-12 dimethicone, peg-40 hydrogenated castor oil, phenoxyethanol, vp\/va copolymer, parfum (fragrance), mel(honey),polyquaternium-11, soy amino acids, wheat aminoacids, linalool, arginine hcl, serine, threonine, eugenol.\u00a0\u00bb<\/div>\n<\/div>\n<div class=\"tab js-tab\">\n<h3 class=\"tab-title pdp-tabs_title js-tab-mobile-title\"><span>Livraison et stock<\/span><\/h3>\n<div class=\"tab-description pdp-tabs_description js-tab-description\">\n<div class=\"pdp-delivery_info\">\n<div class=\"content-asset\">Livraison et d\u00e9laisRetours et remboursements<\/div>\n<\/div>\n<\/div>\n<\/div>\n<\/div>\n<\/div>\n<\/div>\n","protected":false},"excerpt":{"rendered":"<p>Points cl\u00e9s Extra Volume Effet imm\u00e9diat Formule pour cheveux courts R\u00e9partition uniforme \u00e0 base de&hellip;<\/p>\n","protected":false},"featured_media":27688,"comment_status":"open","ping_status":"closed","template":"","meta":[],"pwb-brand":[678],"product_cat":[438],"product_tag":[439,177,184],"class_list":{"0":"post-27696","1":"product","2":"type-product","3":"status-publish","4":"has-post-thumbnail","6":"pwb-brand-elchim","7":"product_cat-seche-cheveux","8":"product_tag-elchim","9":"product_tag-electro-et-materiel","10":"product_tag-seche-cheveux","12":"first","13":"instock","14":"taxable","15":"shipping-taxable","16":"purchasable","17":"product-type-simple","18":"layout-style-3","19":"col-md-4 col-sm-4 col-xs-6","20":"col-lg-3","21":"product-has-gallery","22":"product-style-default"},"aioseo_notices":[],"brands":[{"id":678,"name":"Elchim","slug":"elchim"}],"_links":{"self":[{"href":"https:\/\/cheveuxluxe.com\/index.php\/wp-json\/wp\/v2\/product\/27696","targetHints":{"allow":["GET"]}}],"collection":[{"href":"https:\/\/cheveuxluxe.com\/index.php\/wp-json\/wp\/v2\/product"}],"about":[{"href":"https:\/\/cheveuxluxe.com\/index.php\/wp-json\/wp\/v2\/types\/product"}],"replies":[{"embeddable":true,"href":"https:\/\/cheveuxluxe.com\/index.php\/wp-json\/wp\/v2\/comments?post=27696"}],"version-history":[{"count":0,"href":"https:\/\/cheveuxluxe.com\/index.php\/wp-json\/wp\/v2\/product\/27696\/revisions"}],"wp:featuredmedia":[{"embeddable":true,"href":"https:\/\/cheveuxluxe.com\/index.php\/wp-json\/wp\/v2\/media\/27688"}],"wp:attachment":[{"href":"https:\/\/cheveuxluxe.com\/index.php\/wp-json\/wp\/v2\/media?parent=27696"}],"wp:term":[{"taxonomy":"pwb-brand","embeddable":true,"href":"https:\/\/cheveuxluxe.com\/index.php\/wp-json\/wp\/v2\/pwb-brand?post=27696"},{"taxonomy":"product_cat","embeddable":true,"href":"https:\/\/cheveuxluxe.com\/index.php\/wp-json\/wp\/v2\/product_cat?post=27696"},{"taxonomy":"product_tag","embeddable":true,"href":"https:\/\/cheveuxluxe.com\/index.php\/wp-json\/wp\/v2\/product_tag?post=27696"}],"curies":[{"name":"wp","href":"https:\/\/api.w.org\/{rel}","templated":true}]}}