{"id":27705,"date":"2024-04-09T21:00:18","date_gmt":"2024-04-09T21:00:18","guid":{"rendered":"https:\/\/cheveuxluxe.com\/index.php\/product\/elchim-hot-honey-care-ultra-bodifying-treatment-x12\/"},"modified":"2024-04-13T13:43:29","modified_gmt":"2024-04-13T13:43:29","slug":"elchim-hot-honey-care-ultra-bodifying-treatment-x12","status":"publish","type":"product","link":"https:\/\/cheveuxluxe.com\/index.php\/product\/elchim-hot-honey-care-ultra-bodifying-treatment-x12\/","title":{"rendered":"Elchim Hot Honey Care Ultra Bodifying Treatment x12"},"content":{"rendered":"<div class=\"product-content_bottom\">\n<div class=\"pdp-info\">\n<div class=\"pdp-tabs tab-container\">\n<div class=\"tab js-tab\">\n<h3 class=\"tab-title pdp-tabs_title js-tab-mobile-title open\"><span>Points cl\u00e9s<\/span><\/h3>\n<div class=\"tab-description pdp-tabs_description js-tab-description open\" itemprop=\"description\">\n<ul>\n<li>Volume et corps<\/li>\n<li>Effet imm\u00e9diat<\/li>\n<li>Am\u00e9liore la texture des cheveux<\/li>\n<li>Formule pour cheveux longs<\/li>\n<li>R\u00e9partition uniforme \u00e0 base de principes nutritifs naturels du miel<\/li>\n<\/ul>\n<\/div>\n<\/div>\n<div class=\"tab js-tab\">\n<h3 class=\"tab-title pdp-tabs_title js-tab-mobile-title\"><span>Description<\/span><\/h3>\n<div class=\"tab-description pdp-tabs_description js-tab-description\" itemprop=\"description\">\n<p>Hot Honey Care Ultra Bodifying d\u00e9velopp\u00e9 par les laboratoires Elchim dans le seul syst\u00e8me 3 en 1 pour s\u00e9cher, coiffer et donner du volume aux cheveux en un seul passage.<\/p>\n<p>Le traitement, associ\u00e9 \u00e0 l&rsquo;utilisation des s\u00e8che-cheveux Elchim, transforme les cheveux lors du s\u00e9chage et du coiffage avec un effet imm\u00e9diat. La chaleur et le flux d&rsquo;air du s\u00e8che-cheveux activent les principes naturels des extraits de miel et de micro-algues, pour une r\u00e9partition uniforme sur les longueurs des cheveux. En ins\u00e9rant le pod Ultra Bodifying dans le concentrateur sp\u00e9cial pour votre s\u00e8che-cheveux Elchim, vous obtiendrez imm\u00e9diatement un volume optimal pour vos longueurs et ajouterez une brillance suppl\u00e9mentaire.<\/p>\n<\/div>\n<\/div>\n<div class=\"tab js-tab\">\n<h3 class=\"tab-title pdp-tabs_title js-tab-mobile-title\"><span>Mode d&#8217;emploi<\/span><\/h3>\n<div class=\"tab-description pdp-tabs_description js-tab-description\">Ins\u00e9rez les dosettes hot honey care ultra bodifying \u00e0 l&rsquo;int\u00e9rieur du concentrateur\u00a0s\u00e8che-cheveux compatible* elchim en assurant la parfaite fermeture du capuchon. S\u00e9chez et coiffez les cheveux comme d&rsquo;habitude et obtenez des r\u00e9sultats imm\u00e9diats apr\u00e8s quelques minutes. Traitement sans rin\u00e7age.<\/div>\n<\/div>\n<div class=\"tab js-tab\">\n<h3 class=\"tab-title pdp-tabs_title js-tab-mobile-title\"><span>Ingr\u00e9dients<\/span><\/h3>\n<div class=\"tab-description pdp-tabs_description js-tab-description\">aqua (water), pentylene glycol, peg-40 hydrogenated castor oil, phenoxyethanol, potassium sorbate, sodium benzoate, parfum (fragrance), mel(honey), lactic acid, plankton extract, limonene.<\/div>\n<\/div>\n<div class=\"tab js-tab\">\n<h3 class=\"tab-title pdp-tabs_title js-tab-mobile-title\"><span>Livraison et stock<\/span><\/h3>\n<div class=\"tab-description pdp-tabs_description js-tab-description\">\n<div class=\"pdp-delivery_info\">\n<div class=\"content-asset\">Livraison et d\u00e9laisRetours et remboursements<\/div>\n<\/div>\n<\/div>\n<\/div>\n<\/div>\n<\/div>\n<\/div>\n","protected":false},"excerpt":{"rendered":"<p>Points cl\u00e9s Volume et corps Effet imm\u00e9diat Am\u00e9liore la texture des cheveux Formule pour cheveux&hellip;<\/p>\n","protected":false},"featured_media":27697,"comment_status":"open","ping_status":"closed","template":"","meta":[],"pwb-brand":[678],"product_cat":[438],"product_tag":[439,177,184],"class_list":{"0":"post-27705","1":"product","2":"type-product","3":"status-publish","4":"has-post-thumbnail","6":"pwb-brand-elchim","7":"product_cat-seche-cheveux","8":"product_tag-elchim","9":"product_tag-electro-et-materiel","10":"product_tag-seche-cheveux","12":"first","13":"instock","14":"taxable","15":"shipping-taxable","16":"purchasable","17":"product-type-simple","18":"layout-style-3","19":"col-md-4 col-sm-4 col-xs-6","20":"col-lg-3","21":"product-has-gallery","22":"product-style-default"},"aioseo_notices":[],"brands":[{"id":678,"name":"Elchim","slug":"elchim"}],"_links":{"self":[{"href":"https:\/\/cheveuxluxe.com\/index.php\/wp-json\/wp\/v2\/product\/27705","targetHints":{"allow":["GET"]}}],"collection":[{"href":"https:\/\/cheveuxluxe.com\/index.php\/wp-json\/wp\/v2\/product"}],"about":[{"href":"https:\/\/cheveuxluxe.com\/index.php\/wp-json\/wp\/v2\/types\/product"}],"replies":[{"embeddable":true,"href":"https:\/\/cheveuxluxe.com\/index.php\/wp-json\/wp\/v2\/comments?post=27705"}],"version-history":[{"count":0,"href":"https:\/\/cheveuxluxe.com\/index.php\/wp-json\/wp\/v2\/product\/27705\/revisions"}],"wp:featuredmedia":[{"embeddable":true,"href":"https:\/\/cheveuxluxe.com\/index.php\/wp-json\/wp\/v2\/media\/27697"}],"wp:attachment":[{"href":"https:\/\/cheveuxluxe.com\/index.php\/wp-json\/wp\/v2\/media?parent=27705"}],"wp:term":[{"taxonomy":"pwb-brand","embeddable":true,"href":"https:\/\/cheveuxluxe.com\/index.php\/wp-json\/wp\/v2\/pwb-brand?post=27705"},{"taxonomy":"product_cat","embeddable":true,"href":"https:\/\/cheveuxluxe.com\/index.php\/wp-json\/wp\/v2\/product_cat?post=27705"},{"taxonomy":"product_tag","embeddable":true,"href":"https:\/\/cheveuxluxe.com\/index.php\/wp-json\/wp\/v2\/product_tag?post=27705"}],"curies":[{"name":"wp","href":"https:\/\/api.w.org\/{rel}","templated":true}]}}