{"id":27732,"date":"2024-04-09T21:01:32","date_gmt":"2024-04-09T21:01:32","guid":{"rendered":"https:\/\/cheveuxluxe.com\/index.php\/product\/ghd-professionnel-air-seche-cheveux\/"},"modified":"2024-04-13T13:43:33","modified_gmt":"2024-04-13T13:43:33","slug":"ghd-professionnel-air-seche-cheveux","status":"publish","type":"product","link":"https:\/\/cheveuxluxe.com\/index.php\/product\/ghd-professionnel-air-seche-cheveux\/","title":{"rendered":"ghd Professionnel Air S\u00e8che-Cheveux"},"content":{"rendered":"<div class=\"product-content_bottom\">\n<div class=\"pdp-info\">\n<div class=\"pdp-tabs tab-container\">\n<div class=\"tab js-tab\">\n<h3 class=\"tab-title pdp-tabs_title js-tab-mobile-title open\"><span>Points cl\u00e9s<\/span><\/h3>\n<div class=\"tab-description pdp-tabs_description js-tab-description open\" itemprop=\"description\">\n<ul>\n<li>Moteur professionnel AC 2100 Watts<\/li>\n<li>Technologie ionique exclusive ghd 3 niveaux de temp\u00e9ratures 2 vitesses de souffle<\/li>\n<li>Touche air froid 1 embout concentrateur d&rsquo;air Poids : 600g (sans embout ni cordon)<\/li>\n<li>Design ergonomique et ambidextre<\/li>\n<li>Cordon professionnel extra-long 3m<\/li>\n<li>Garantie pour les consommateurs : 2 ans<\/li>\n<li>Garantie pour les professionnels : 1 an<\/li>\n<\/ul>\n<\/div>\n<\/div>\n<div class=\"tab js-tab\">\n<h3 class=\"tab-title pdp-tabs_title js-tab-mobile-title\"><span>Description<\/span><\/h3>\n<div class=\"tab-description pdp-tabs_description js-tab-description\" itemprop=\"description\">\n<p>De beaux cheveux, tous les jours gr\u00e2ce au s\u00e8che-cheveux professionnel ghd air\u00ae, l\u2019alli\u00e9 beaut\u00e9 indispensable pour un coiffage parfait.<\/p>\n<p><strong>R\u00e9sultats parfaits<\/strong> : coiffage professionnel 2x plus vite* Id\u00e9al pour : tous types de cheveux.<\/p>\n<p><strong>Comment ?<\/strong> Son moteur professionnel AC de 2100 Watts d\u00e9livre un flux d&rsquo;air puissant pour un coiffage plus rapide. La technologie ionique exclusive rend les cheveux brillants, doux et sans frisottis, pour un r\u00e9sultat impeccable et brillant.<\/p>\n<p><strong>Dans ce coffret <\/strong>: le s\u00e8che-cheveux ghd ghd air\u00ae et son embout concentrateur d&rsquo;air.<\/p>\n<p>*vs un s\u00e8che-cheveux standard<\/p>\n<\/div>\n<\/div>\n<div class=\"tab js-tab\">\n<h3 class=\"tab-title pdp-tabs_title js-tab-mobile-title\"><span>Mode d&#8217;emploi<\/span><\/h3>\n<div class=\"tab-description pdp-tabs_description js-tab-description\">\n<p>1. Avant de d\u00e9buter votre coiffage, appliquez le spray thermoprotecteur ghd sur vos cheveux pour les prot\u00e9ger de la chaleur.<\/p>\n<p>2. Pr\u00e9-s\u00e9chez vos cheveux \u00e0 80% sur la temp\u00e9rature la plus basse.<\/p>\n<p>3. S\u00e9parez ensuite vos cheveux en sections en isolant les m\u00e8ches du dessus \u00e0 l&rsquo;aide de clips.<\/p>\n<p>4. Commencez par travailler les m\u00e8ches du dessous. \u00c0 l&rsquo;aide de la brosse ronde c\u00e9ramique ghd, s\u00e9chez vos cheveux par section en augmentant la temp\u00e9rature.<\/p>\n<p>5. Utilisez le bouton air froid pour fixer le mouvement final.<\/p>\n<\/div>\n<\/div>\n<div class=\"tab js-tab\">\n<h3 class=\"tab-title pdp-tabs_title js-tab-mobile-title\"><span>Livraison et stock<\/span><\/h3>\n<div class=\"tab-description pdp-tabs_description js-tab-description\">\n<div class=\"pdp-delivery_info\">\n<div class=\"content-asset\">Livraison et d\u00e9laisRetours et remboursements<\/div>\n<\/div>\n<\/div>\n<\/div>\n<div class=\"tab js-tab\">\n<h3 class=\"tab-title pdp-tabs_title js-tab-mobile-title\"><span>Pr\u00e9cautions d&#8217;emploi<\/span><\/h3>\n<div class=\"tab-description pdp-tabs_description js-tab-description\">\n<p>MISE EN GARDE: Ne pas utiliser cet appareil pr\u00e8s de l&rsquo;eau. MISE EN GARDE: Ne pas utiliser cet appareil \u00e0 proximit\u00e9 des baignoires, des douches, des lavabos ou autres r\u00e9cipients contenant de l&rsquo;eau. N&rsquo;utilisez jamais l&rsquo;appareil si celui-ci ne fonctionne pas correctement, si le cordon ou la prise sont endommag\u00e9s. Si le c\u00e2ble d&rsquo;alimentation est endommag\u00e9, il doit \u00eatre remplac\u00e9 par le fabricant Jemella Ltd, ou son service apr\u00e8s-vente ou des personnes de qualification similaire afin d&rsquo;\u00e9viter un danger.<\/p>\n<p>Cliquez ici pour les consignes de s\u00e9curit\u00e9<\/p>\n<\/div>\n<\/div>\n<\/div>\n<\/div>\n<\/div>\n","protected":false},"excerpt":{"rendered":"<p>Points cl\u00e9s Moteur professionnel AC 2100 Watts Technologie ionique exclusive ghd 3 niveaux de temp\u00e9ratures&hellip;<\/p>\n","protected":false},"featured_media":27725,"comment_status":"open","ping_status":"closed","template":"","meta":[],"pwb-brand":[679],"product_cat":[438],"product_tag":[177,440,184],"class_list":{"0":"post-27732","1":"product","2":"type-product","3":"status-publish","4":"has-post-thumbnail","6":"pwb-brand-ghd","7":"product_cat-seche-cheveux","8":"product_tag-electro-et-materiel","9":"product_tag-ghd","10":"product_tag-seche-cheveux","12":"first","13":"instock","14":"taxable","15":"shipping-taxable","16":"purchasable","17":"product-type-simple","18":"layout-style-3","19":"col-md-4 col-sm-4 col-xs-6","20":"col-lg-3","21":"product-has-gallery","22":"product-style-default"},"aioseo_notices":[],"brands":[{"id":679,"name":"ghd","slug":"ghd"}],"_links":{"self":[{"href":"https:\/\/cheveuxluxe.com\/index.php\/wp-json\/wp\/v2\/product\/27732","targetHints":{"allow":["GET"]}}],"collection":[{"href":"https:\/\/cheveuxluxe.com\/index.php\/wp-json\/wp\/v2\/product"}],"about":[{"href":"https:\/\/cheveuxluxe.com\/index.php\/wp-json\/wp\/v2\/types\/product"}],"replies":[{"embeddable":true,"href":"https:\/\/cheveuxluxe.com\/index.php\/wp-json\/wp\/v2\/comments?post=27732"}],"version-history":[{"count":0,"href":"https:\/\/cheveuxluxe.com\/index.php\/wp-json\/wp\/v2\/product\/27732\/revisions"}],"wp:featuredmedia":[{"embeddable":true,"href":"https:\/\/cheveuxluxe.com\/index.php\/wp-json\/wp\/v2\/media\/27725"}],"wp:attachment":[{"href":"https:\/\/cheveuxluxe.com\/index.php\/wp-json\/wp\/v2\/media?parent=27732"}],"wp:term":[{"taxonomy":"pwb-brand","embeddable":true,"href":"https:\/\/cheveuxluxe.com\/index.php\/wp-json\/wp\/v2\/pwb-brand?post=27732"},{"taxonomy":"product_cat","embeddable":true,"href":"https:\/\/cheveuxluxe.com\/index.php\/wp-json\/wp\/v2\/product_cat?post=27732"},{"taxonomy":"product_tag","embeddable":true,"href":"https:\/\/cheveuxluxe.com\/index.php\/wp-json\/wp\/v2\/product_tag?post=27732"}],"curies":[{"name":"wp","href":"https:\/\/api.w.org\/{rel}","templated":true}]}}