{"id":27752,"date":"2024-04-09T21:02:17","date_gmt":"2024-04-09T21:02:17","guid":{"rendered":"https:\/\/cheveuxluxe.com\/index.php\/product\/parlux-seche-cheveux-385-power-light-2100w-black\/"},"modified":"2024-04-13T13:43:37","modified_gmt":"2024-04-13T13:43:37","slug":"parlux-seche-cheveux-385-power-light-2100w-black","status":"publish","type":"product","link":"https:\/\/cheveuxluxe.com\/index.php\/product\/parlux-seche-cheveux-385-power-light-2100w-black\/","title":{"rendered":"Parlux S\u00e8che-cheveux 385 Power Light 2100W Black"},"content":{"rendered":"<div class=\"product-content_bottom\">\n<div class=\"pdp-info\">\n<div class=\"pdp-tabs tab-container\">\n<div class=\"tab js-tab\">\n<h3 class=\"tab-title pdp-tabs_title js-tab-mobile-title open\"><span>Points cl\u00e9s<\/span><\/h3>\n<div class=\"tab-description pdp-tabs_description js-tab-description open\" itemprop=\"description\">\n<ul>\n<li> 450 grammes<\/li>\n<li>2150 watts<\/li>\n<li>Moteur AC<\/li>\n<li>Technologie ceramic &amp; ionic <\/li>\n<\/ul>\n<\/div>\n<\/div>\n<div class=\"tab js-tab\">\n<h3 class=\"tab-title pdp-tabs_title js-tab-mobile-title\"><span>Description<\/span><\/h3>\n<div class=\"tab-description pdp-tabs_description js-tab-description\" itemprop=\"description\">450 grammes pour 2150 watts ? Un vrai challenge relev\u00e9 haut la main par Parlux\u00ae et son mod\u00e8le 385 Power Light ! Ce s\u00e8che-cheveux profite de la m\u00eame technologie Eco-Friendly que ses a\u00een\u00e9s mais il est plus petit, plus silencieux et plus puissant ! Pour compl\u00e9ter le portrait, le Parlux 385 est dot\u00e9 de 2 vitesses et de 4 temp\u00e9ratures et souffle \u00e0 79 m3\/h. Toutes ces merveilleuses qualit\u00e9s garantissent votre confort de travail m\u00eame quand vos journ\u00e9es sont tr\u00e8s charg\u00e9es !Pour vos clients, les avantages sont tout aussi s\u00e9duisants : avec la technologie ceramic &amp; ionic, l\u2019hydratation naturelle de la fibre capillaire est pr\u00e9serv\u00e9e et les cheveux restent doux et brillants s\u00e9chage apr\u00e8s s\u00e9chage.Livr\u00e9 avec deux embouts et un cordon de 3 m\u00e8tres, le 385 Power Light de Parlux\u00ae se pr\u00eate \u00e0 toutes vos envies et vous accompagnera dans tous vos d\u00e9placements !On aime : sa poign\u00e9e design et ergonomique pens\u00e9e pour un usage professionnel<\/div>\n<\/div>\n<div class=\"tab js-tab\">\n<h3 class=\"tab-title pdp-tabs_title js-tab-mobile-title\"><span>Mode d&#8217;emploi<\/span><\/h3>\n<div class=\"tab-description pdp-tabs_description js-tab-description\">Lavez les cheveux et pr\u00e9s\u00e9chez-les \u00e0 la serviette. Selon votre diagnostic, appliquez ou non un soin thermoprotecteur. Pour pr\u00e9server les ondulations naturelles des cheveux, utilisez le 385 de Parlux sans embout et froissez les cheveux \u00e0 la main. Pour un brushing lisse, utilisez un embout et travaillez m\u00e8che par m\u00e8che \u00e0 l\u2019aide d\u2019une brosse ronde.<\/div>\n<\/div>\n<div class=\"tab js-tab\">\n<h3 class=\"tab-title pdp-tabs_title js-tab-mobile-title\"><span>Livraison et stock<\/span><\/h3>\n<div class=\"tab-description pdp-tabs_description js-tab-description\">\n<div class=\"pdp-delivery_info\">\n<div class=\"content-asset\">Livraison et d\u00e9laisRetours et remboursements<\/div>\n<\/div>\n<\/div>\n<\/div>\n<\/div>\n<\/div>\n<\/div>\n","protected":false},"excerpt":{"rendered":"<p>Points cl\u00e9s 450 grammes 2150 watts Moteur AC Technologie ceramic &amp; ionic Description 450 grammes&hellip;<\/p>\n","protected":false},"featured_media":20129,"comment_status":"open","ping_status":"closed","template":"","meta":[],"pwb-brand":[680],"product_cat":[438],"product_tag":[177,441,184],"class_list":{"0":"post-27752","1":"product","2":"type-product","3":"status-publish","4":"has-post-thumbnail","6":"pwb-brand-parlux","7":"product_cat-seche-cheveux","8":"product_tag-electro-et-materiel","9":"product_tag-parlux","10":"product_tag-seche-cheveux","12":"first","13":"instock","14":"taxable","15":"shipping-taxable","16":"purchasable","17":"product-type-simple","18":"layout-style-3","19":"col-md-4 col-sm-4 col-xs-6","20":"col-lg-3","21":"product-style-default"},"aioseo_notices":[],"brands":[{"id":680,"name":"Parlux","slug":"parlux"}],"_links":{"self":[{"href":"https:\/\/cheveuxluxe.com\/index.php\/wp-json\/wp\/v2\/product\/27752","targetHints":{"allow":["GET"]}}],"collection":[{"href":"https:\/\/cheveuxluxe.com\/index.php\/wp-json\/wp\/v2\/product"}],"about":[{"href":"https:\/\/cheveuxluxe.com\/index.php\/wp-json\/wp\/v2\/types\/product"}],"replies":[{"embeddable":true,"href":"https:\/\/cheveuxluxe.com\/index.php\/wp-json\/wp\/v2\/comments?post=27752"}],"version-history":[{"count":0,"href":"https:\/\/cheveuxluxe.com\/index.php\/wp-json\/wp\/v2\/product\/27752\/revisions"}],"wp:featuredmedia":[{"embeddable":true,"href":"https:\/\/cheveuxluxe.com\/index.php\/wp-json\/wp\/v2\/media\/20129"}],"wp:attachment":[{"href":"https:\/\/cheveuxluxe.com\/index.php\/wp-json\/wp\/v2\/media?parent=27752"}],"wp:term":[{"taxonomy":"pwb-brand","embeddable":true,"href":"https:\/\/cheveuxluxe.com\/index.php\/wp-json\/wp\/v2\/pwb-brand?post=27752"},{"taxonomy":"product_cat","embeddable":true,"href":"https:\/\/cheveuxluxe.com\/index.php\/wp-json\/wp\/v2\/product_cat?post=27752"},{"taxonomy":"product_tag","embeddable":true,"href":"https:\/\/cheveuxluxe.com\/index.php\/wp-json\/wp\/v2\/product_tag?post=27752"}],"curies":[{"name":"wp","href":"https:\/\/api.w.org\/{rel}","templated":true}]}}