{"id":27753,"date":"2024-04-09T21:02:17","date_gmt":"2024-04-09T21:02:17","guid":{"rendered":"https:\/\/cheveuxluxe.com\/index.php\/product\/parlux-seche-cheveux-3800-ionic-eco-2100w-noir\/"},"modified":"2024-04-13T13:43:38","modified_gmt":"2024-04-13T13:43:38","slug":"parlux-seche-cheveux-3800-ionic-eco-2100w-noir","status":"publish","type":"product","link":"https:\/\/cheveuxluxe.com\/index.php\/product\/parlux-seche-cheveux-3800-ionic-eco-2100w-noir\/","title":{"rendered":"Parlux S\u00e8che-cheveux 3800 Ionic Eco 2100W Noir"},"content":{"rendered":"<div class=\"product-content_bottom\">\n<div class=\"pdp-info\">\n<div class=\"pdp-tabs tab-container\">\n<div class=\"tab js-tab\">\n<h3 class=\"tab-title pdp-tabs_title js-tab-mobile-title open\"><span>Points cl\u00e9s<\/span><\/h3>\n<div class=\"tab-description pdp-tabs_description js-tab-description open\" itemprop=\"description\">\n<ul>\n<li> Silencieux int\u00e9gr\u00e9<\/li>\n<li>Antistatique<\/li>\n<li>2100 watts<\/li>\n<li>Econome en \u00e9nergie <\/li>\n<\/ul>\n<\/div>\n<\/div>\n<div class=\"tab js-tab\">\n<h3 class=\"tab-title pdp-tabs_title js-tab-mobile-title\"><span>Description<\/span><\/h3>\n<div class=\"tab-description pdp-tabs_description js-tab-description\" itemprop=\"description\">Ultra rapide et puissant avec ses 2100 watts et son flux d\u2019air de 75 m3\/h, ce s\u00e8che-cheveux est aussi \u00ab \u00e9cofriendly \u00bb : \u00e9conome en \u00e9nergie, le 3800 Ionic &amp; Ceramic est fabriqu\u00e9 \u00e0 partir de mat\u00e9riaux recyclables, sans compromis sur ses qualit\u00e9s professionnelles.Son secret ? La technologie Ionic &amp; Ceramic haute performance, qui pr\u00e9serve la fibre capillaire du dess\u00e8chement et de l\u2019\u00e9lectricit\u00e9 statique.Pour plus de confort, Parlux\u00ae a int\u00e9gr\u00e9 un silencieux performant \u00e0 l\u2019arri\u00e8re de ce s\u00e8che-cheveux. Le r\u00e9sultat est sensationnel : jusqu\u2019\u00e0 50 % de bruits en moins. Dites adieu aux nuisances sonores, il n\u2019a jamais \u00e9t\u00e9 aussi agr\u00e9able de travailler avec Parlux\u00ae !Son plus : 4 temp\u00e9ratures, 2 vitesses et un bouton Instant Cold Shot pour r\u00e9pondre \u00e0 toutes vos attentes !<\/div>\n<\/div>\n<div class=\"tab js-tab\">\n<h3 class=\"tab-title pdp-tabs_title js-tab-mobile-title\"><span>Mode d&#8217;emploi<\/span><\/h3>\n<div class=\"tab-description pdp-tabs_description js-tab-description\">Branchez le s\u00e8che-cheveux et choisissez l\u2019embout adapt\u00e9 \u00e0 vos besoins. D\u00e9terminez la temp\u00e9rature et la vitesse, puis proc\u00e9dez au coiffage selon votre inspiration.<\/div>\n<\/div>\n<div class=\"tab js-tab\">\n<h3 class=\"tab-title pdp-tabs_title js-tab-mobile-title\"><span>Livraison et stock<\/span><\/h3>\n<div class=\"tab-description pdp-tabs_description js-tab-description\">\n<div class=\"pdp-delivery_info\">\n<div class=\"content-asset\">Livraison et d\u00e9laisRetours et remboursements<\/div>\n<\/div>\n<\/div>\n<\/div>\n<\/div>\n<\/div>\n<\/div>\n","protected":false},"excerpt":{"rendered":"<p>Points cl\u00e9s Silencieux int\u00e9gr\u00e9 Antistatique 2100 watts Econome en \u00e9nergie Description Ultra rapide et puissant&hellip;<\/p>\n","protected":false},"featured_media":20263,"comment_status":"open","ping_status":"closed","template":"","meta":[],"pwb-brand":[680],"product_cat":[438],"product_tag":[177,441,184],"class_list":{"0":"post-27753","1":"product","2":"type-product","3":"status-publish","4":"has-post-thumbnail","6":"pwb-brand-parlux","7":"product_cat-seche-cheveux","8":"product_tag-electro-et-materiel","9":"product_tag-parlux","10":"product_tag-seche-cheveux","12":"first","13":"instock","14":"taxable","15":"shipping-taxable","16":"purchasable","17":"product-type-simple","18":"layout-style-3","19":"col-md-4 col-sm-4 col-xs-6","20":"col-lg-3","21":"product-style-default"},"aioseo_notices":[],"brands":[{"id":680,"name":"Parlux","slug":"parlux"}],"_links":{"self":[{"href":"https:\/\/cheveuxluxe.com\/index.php\/wp-json\/wp\/v2\/product\/27753","targetHints":{"allow":["GET"]}}],"collection":[{"href":"https:\/\/cheveuxluxe.com\/index.php\/wp-json\/wp\/v2\/product"}],"about":[{"href":"https:\/\/cheveuxluxe.com\/index.php\/wp-json\/wp\/v2\/types\/product"}],"replies":[{"embeddable":true,"href":"https:\/\/cheveuxluxe.com\/index.php\/wp-json\/wp\/v2\/comments?post=27753"}],"version-history":[{"count":0,"href":"https:\/\/cheveuxluxe.com\/index.php\/wp-json\/wp\/v2\/product\/27753\/revisions"}],"wp:featuredmedia":[{"embeddable":true,"href":"https:\/\/cheveuxluxe.com\/index.php\/wp-json\/wp\/v2\/media\/20263"}],"wp:attachment":[{"href":"https:\/\/cheveuxluxe.com\/index.php\/wp-json\/wp\/v2\/media?parent=27753"}],"wp:term":[{"taxonomy":"pwb-brand","embeddable":true,"href":"https:\/\/cheveuxluxe.com\/index.php\/wp-json\/wp\/v2\/pwb-brand?post=27753"},{"taxonomy":"product_cat","embeddable":true,"href":"https:\/\/cheveuxluxe.com\/index.php\/wp-json\/wp\/v2\/product_cat?post=27753"},{"taxonomy":"product_tag","embeddable":true,"href":"https:\/\/cheveuxluxe.com\/index.php\/wp-json\/wp\/v2\/product_tag?post=27753"}],"curies":[{"name":"wp","href":"https:\/\/api.w.org\/{rel}","templated":true}]}}