{"id":27764,"date":"2024-04-09T21:02:39","date_gmt":"2024-04-09T21:02:39","guid":{"rendered":"https:\/\/cheveuxluxe.com\/index.php\/product\/velecta-paris-embout-diffuseur-seche-cheveux-iconic-3600-et-4000\/"},"modified":"2024-04-13T13:46:17","modified_gmt":"2024-04-13T13:46:17","slug":"velecta-paris-embout-diffuseur-seche-cheveux-iconic-3600-et-4000","status":"publish","type":"product","link":"https:\/\/cheveuxluxe.com\/index.php\/product\/velecta-paris-embout-diffuseur-seche-cheveux-iconic-3600-et-4000\/","title":{"rendered":"Velecta Paris Embout Diffuseur S\u00e8che-cheveux Iconic 3600 et 4000"},"content":{"rendered":"<div class=\"product-content_bottom\">\n<div class=\"pdp-info\">\n<div class=\"pdp-tabs tab-container\">\n<div class=\"tab js-tab\">\n<h3 class=\"tab-title pdp-tabs_title js-tab-mobile-title open\"><span>Points cl\u00e9s<\/span><\/h3>\n<div class=\"tab-description pdp-tabs_description js-tab-description open\" itemprop=\"description\">\n<ul>\n<li>Pour boucler ou donner du volume \u00e0 vos cheveux<\/li>\n<li>Compatible avec s\u00e8che-cheveux Velecta ICONIC TGR 1.7 (VR051684, VR051685, VR051687)<\/li>\n<\/ul>\n<\/div>\n<\/div>\n<div class=\"tab js-tab\">\n<h3 class=\"tab-title pdp-tabs_title js-tab-mobile-title\"><span>Description<\/span><\/h3>\n<div class=\"tab-description pdp-tabs_description js-tab-description\" itemprop=\"description\">Diffuseur pour boucler ou donner du volume \u00e0 vos cheveux.<br \/>Compatible avec s\u00e8che-cheveux Velecta ICONIC TGR 1.7 (VR051684, VR051685, VR051687).<\/div>\n<\/div>\n<div class=\"tab js-tab\">\n<h3 class=\"tab-title pdp-tabs_title js-tab-mobile-title\"><span>Livraison et stock<\/span><\/h3>\n<div class=\"tab-description pdp-tabs_description js-tab-description\">\n<div class=\"pdp-delivery_info\">\n<div class=\"content-asset\">Livraison et d\u00e9laisRetours et remboursements<\/div>\n<\/div>\n<\/div>\n<\/div>\n<\/div>\n<\/div>\n<\/div>\n","protected":false},"excerpt":{"rendered":"<p>Points cl\u00e9s Pour boucler ou donner du volume \u00e0 vos cheveux Compatible avec s\u00e8che-cheveux Velecta&hellip;<\/p>\n","protected":false},"featured_media":16889,"comment_status":"open","ping_status":"closed","template":"","meta":[],"pwb-brand":[681],"product_cat":[503],"product_tag":[168,169,442],"class_list":{"0":"post-27764","1":"product","2":"type-product","3":"status-publish","4":"has-post-thumbnail","6":"pwb-brand-velecta-paris","7":"product_cat-materiel-de-coiffure-equipement-de-salon-22","8":"product_tag-equipement-de-salon","9":"product_tag-materiel-de-coiffure","10":"product_tag-velecta-paris","12":"first","13":"instock","14":"taxable","15":"shipping-taxable","16":"purchasable","17":"product-type-simple","18":"layout-style-3","19":"col-md-4 col-sm-4 col-xs-6","20":"col-lg-3","21":"product-style-default"},"aioseo_notices":[],"brands":[{"id":681,"name":"Velecta Paris","slug":"velecta-paris"}],"_links":{"self":[{"href":"https:\/\/cheveuxluxe.com\/index.php\/wp-json\/wp\/v2\/product\/27764","targetHints":{"allow":["GET"]}}],"collection":[{"href":"https:\/\/cheveuxluxe.com\/index.php\/wp-json\/wp\/v2\/product"}],"about":[{"href":"https:\/\/cheveuxluxe.com\/index.php\/wp-json\/wp\/v2\/types\/product"}],"replies":[{"embeddable":true,"href":"https:\/\/cheveuxluxe.com\/index.php\/wp-json\/wp\/v2\/comments?post=27764"}],"version-history":[{"count":0,"href":"https:\/\/cheveuxluxe.com\/index.php\/wp-json\/wp\/v2\/product\/27764\/revisions"}],"wp:featuredmedia":[{"embeddable":true,"href":"https:\/\/cheveuxluxe.com\/index.php\/wp-json\/wp\/v2\/media\/16889"}],"wp:attachment":[{"href":"https:\/\/cheveuxluxe.com\/index.php\/wp-json\/wp\/v2\/media?parent=27764"}],"wp:term":[{"taxonomy":"pwb-brand","embeddable":true,"href":"https:\/\/cheveuxluxe.com\/index.php\/wp-json\/wp\/v2\/pwb-brand?post=27764"},{"taxonomy":"product_cat","embeddable":true,"href":"https:\/\/cheveuxluxe.com\/index.php\/wp-json\/wp\/v2\/product_cat?post=27764"},{"taxonomy":"product_tag","embeddable":true,"href":"https:\/\/cheveuxluxe.com\/index.php\/wp-json\/wp\/v2\/product_tag?post=27764"}],"curies":[{"name":"wp","href":"https:\/\/api.w.org\/{rel}","templated":true}]}}