{"id":27765,"date":"2024-04-09T21:02:40","date_gmt":"2024-04-09T21:02:40","guid":{"rendered":"https:\/\/cheveuxluxe.com\/index.php\/product\/parlux-alyon-seche-cheveux-bronze\/"},"modified":"2024-04-13T13:43:46","modified_gmt":"2024-04-13T13:43:46","slug":"parlux-alyon-seche-cheveux-bronze","status":"publish","type":"product","link":"https:\/\/cheveuxluxe.com\/index.php\/product\/parlux-alyon-seche-cheveux-bronze\/","title":{"rendered":"Parlux Alyon S\u00e8che-cheveux Bronze"},"content":{"rendered":"<div class=\"product-content_bottom\">\n<div class=\"pdp-info\">\n<div class=\"pdp-tabs tab-container\">\n<div class=\"tab js-tab\">\n<h3 class=\"tab-title pdp-tabs_title js-tab-mobile-title open\"><span>Points cl\u00e9s<\/span><\/h3>\n<div class=\"tab-description pdp-tabs_description js-tab-description open\" itemprop=\"description\">\n<ul>\n<li>Conception ergonomique et l\u00e9g\u00e8re<\/li>\n<li>Moteur de 2250 watts, d\u00e9bit d&rsquo;air : 84 m\u00e8tres cubes\/heure<\/li>\n<li>C\u00e2ble de 3,30 m\u00e8tres<\/li>\n<li>La surface est trait\u00e9e par une peinture antibact\u00e9rienne<\/li>\n<li>Respect de l&rsquo;environnement: mat\u00e9riaux utilis\u00e9s sont recyclables et un s\u00e9chage ultrarapide pour des \u00e9conomies d&rsquo;\u00e9nergie consid\u00e9rables<\/li>\n<\/ul>\n<\/div>\n<\/div>\n<div class=\"tab js-tab\">\n<h3 class=\"tab-title pdp-tabs_title js-tab-mobile-title\"><span>Description<\/span><\/h3>\n<div class=\"tab-description pdp-tabs_description js-tab-description\" itemprop=\"description\">Con\u00e7u pour les stylistes professionnels, le Parlux Alyon a \u00e9t\u00e9 cr\u00e9\u00e9 pour assurer une utilisation confortable et des performances sup\u00e9rieures.<\/p>\n<p>Le Parlux Alyon refl\u00e8te une recherche technologique approfondie visant \u00e0 r\u00e9pondre aux exigences des stylistes tout en augmentant les \u00e9conomies d&rsquo;\u00e9nergie et la sauvegarde de l&rsquo;environnement.<\/p>\n<p>Dot\u00e9 d&rsquo;un nouveau moteur plus puissant et d&rsquo;une dur\u00e9e de vie plus longue, ce s\u00e8che-cheveux est parfait pour le styliste professionnel et offre 3 000 heures de fonctionnement pour une performance sup\u00e9rieure. Le moteur de 2250 watts r\u00e9duit le temps de s\u00e9chage et pr\u00e9serve la beaut\u00e9 naturelle des cheveux. Le Parlux Alyon est \u00e9galement dot\u00e9 de la technologie ionique, essentielle pour des cheveux sains et sans \u00e9lectricit\u00e9 statique. Ce s\u00e9choir ergonomique et l\u00e9ger pr\u00e9sente un d\u00e9bit d&rsquo;air plus important, avec 84 m\u00e8tres cubes\/heure pour un s\u00e9chage tr\u00e8s rapide et des performances d&rsquo;\u00e9conomie d&rsquo;\u00e9nergie. Il comporte \u00e9galement une fa\u00e7ade avant anti-chaleur pour maintenir une basse temp\u00e9rature sur la partie avant du s\u00e8che-cheveux.<\/p>\n<p>La surface du Parlux Alyon est trait\u00e9e par une peinture antibact\u00e9rienne : cela emp\u00eache la prolif\u00e9ration des micro-organismes pendant l\u2019utilisation.<\/p><\/div>\n<\/div>\n<div class=\"tab js-tab\">\n<h3 class=\"tab-title pdp-tabs_title js-tab-mobile-title\"><span>Livraison et stock<\/span><\/h3>\n<div class=\"tab-description pdp-tabs_description js-tab-description\">\n<div class=\"pdp-delivery_info\">\n<div class=\"content-asset\">Livraison et d\u00e9laisRetours et remboursements<\/div>\n<\/div>\n<\/div>\n<\/div>\n<div class=\"tab js-tab\">\n<h3 class=\"tab-title pdp-tabs_title js-tab-mobile-title\"><span>Pr\u00e9cautions d&#8217;emploi<\/span><\/h3>\n<div class=\"tab-description pdp-tabs_description js-tab-description\">Lorsque vous utilisez cet appareil \u00e9lectrique, en particulier en pr\u00e9sence d\u2019enfants, les pr\u00e9cautions de base doivent toujours \u00eatre observ\u00e9es.<\/div>\n<\/div>\n<\/div>\n<\/div>\n<\/div>\n","protected":false},"excerpt":{"rendered":"<p>Points cl\u00e9s Conception ergonomique et l\u00e9g\u00e8re Moteur de 2250 watts, d\u00e9bit d&rsquo;air : 84 m\u00e8tres&hellip;<\/p>\n","protected":false},"featured_media":16912,"comment_status":"open","ping_status":"closed","template":"","meta":[],"pwb-brand":[680],"product_cat":[438],"product_tag":[177,441,184],"class_list":{"0":"post-27765","1":"product","2":"type-product","3":"status-publish","4":"has-post-thumbnail","6":"pwb-brand-parlux","7":"product_cat-seche-cheveux","8":"product_tag-electro-et-materiel","9":"product_tag-parlux","10":"product_tag-seche-cheveux","12":"first","13":"instock","14":"taxable","15":"shipping-taxable","16":"purchasable","17":"product-type-simple","18":"layout-style-3","19":"col-md-4 col-sm-4 col-xs-6","20":"col-lg-3","21":"product-style-default"},"aioseo_notices":[],"brands":[{"id":680,"name":"Parlux","slug":"parlux"}],"_links":{"self":[{"href":"https:\/\/cheveuxluxe.com\/index.php\/wp-json\/wp\/v2\/product\/27765","targetHints":{"allow":["GET"]}}],"collection":[{"href":"https:\/\/cheveuxluxe.com\/index.php\/wp-json\/wp\/v2\/product"}],"about":[{"href":"https:\/\/cheveuxluxe.com\/index.php\/wp-json\/wp\/v2\/types\/product"}],"replies":[{"embeddable":true,"href":"https:\/\/cheveuxluxe.com\/index.php\/wp-json\/wp\/v2\/comments?post=27765"}],"version-history":[{"count":0,"href":"https:\/\/cheveuxluxe.com\/index.php\/wp-json\/wp\/v2\/product\/27765\/revisions"}],"wp:featuredmedia":[{"embeddable":true,"href":"https:\/\/cheveuxluxe.com\/index.php\/wp-json\/wp\/v2\/media\/16912"}],"wp:attachment":[{"href":"https:\/\/cheveuxluxe.com\/index.php\/wp-json\/wp\/v2\/media?parent=27765"}],"wp:term":[{"taxonomy":"pwb-brand","embeddable":true,"href":"https:\/\/cheveuxluxe.com\/index.php\/wp-json\/wp\/v2\/pwb-brand?post=27765"},{"taxonomy":"product_cat","embeddable":true,"href":"https:\/\/cheveuxluxe.com\/index.php\/wp-json\/wp\/v2\/product_cat?post=27765"},{"taxonomy":"product_tag","embeddable":true,"href":"https:\/\/cheveuxluxe.com\/index.php\/wp-json\/wp\/v2\/product_tag?post=27765"}],"curies":[{"name":"wp","href":"https:\/\/api.w.org\/{rel}","templated":true}]}}