{"id":27768,"date":"2024-04-09T21:02:43","date_gmt":"2024-04-09T21:02:43","guid":{"rendered":"https:\/\/cheveuxluxe.com\/index.php\/product\/velecta-paris-seche-cheveux-revolution-2-2i-bleu-cosmos\/"},"modified":"2024-04-13T13:43:47","modified_gmt":"2024-04-13T13:43:47","slug":"velecta-paris-seche-cheveux-revolution-2-2i-bleu-cosmos","status":"publish","type":"product","link":"https:\/\/cheveuxluxe.com\/index.php\/product\/velecta-paris-seche-cheveux-revolution-2-2i-bleu-cosmos\/","title":{"rendered":"Velecta Paris S\u00e8che-cheveux Revolution 2.2i Bleu Cosmos"},"content":{"rendered":"<div class=\"product-content_bottom\">\n<div class=\"pdp-info\">\n<div class=\"pdp-tabs tab-container\">\n<div class=\"tab js-tab\">\n<h3 class=\"tab-title pdp-tabs_title js-tab-mobile-title open\"><span>Points cl\u00e9s<\/span><\/h3>\n<div class=\"tab-description pdp-tabs_description js-tab-description open\" itemprop=\"description\">\n<ul>\n<li>Ultra Puissant 2200W<\/li>\n<li>Embout inclus<\/li>\n<li>3x R\u00e9glage de la chaleur<\/li>\n<li>3x R\u00e9glage de la vitesse<\/li>\n<li>520g<\/li>\n<li>Embout froid<\/li>\n<li>Touche Air Froid<\/li>\n<li>72 dBA<\/li>\n<li>Technologie Light+<\/li>\n<li>Technologie ionique<\/li>\n<li>Embout clip easy (magn\u00e9tique)<\/li>\n<li>Cordon professionnel : 3m<\/li>\n<li>Bleu cosmos<\/li>\n<\/ul>\n<\/div>\n<\/div>\n<div class=\"tab js-tab\">\n<h3 class=\"tab-title pdp-tabs_title js-tab-mobile-title\"><span>Description<\/span><\/h3>\n<div class=\"tab-description pdp-tabs_description js-tab-description\" itemprop=\"description\">PUISSANCE XXL, FORMAT XXS<br \/>Un condens\u00e9 de puissance et de fonctionnalit\u00e9s dans un format ultra-compact pour une facilit\u00e9 et une pr\u00e9cision de coiffage unique. Ses lignes contemporaines et son design \u00e9pur\u00e9 sont agr\u00e9ment\u00e9s d&rsquo;une multitude de fonctionnalit\u00e9s : vitesse de souffle et temp\u00e9rature r\u00e9glable, touche froid, technologie ionique anti-frizz, embout clip easy, embout froid.<br \/>Appareil garanti 2 ans.<\/p>\n<p>VOTRE SIGNATURE LUMINEUSE<br \/>&gt; R\u00e9volution 2.2 i r\u00e9invente l\u2019instant coiffage.<br \/>&gt; Fonction \u00ab Light + \u00bb pour sublimer votre expertise<br \/>&gt; Possibilit\u00e9 de r\u00e9aliser un diagnostic pr\u00e9cis gr\u00e2ce \u00e0 sa technologie LED reproduisant la lumi\u00e8re naturelle.<br \/>&gt; Effets de lumi\u00e8re pour un dialogue visuel in\u00e9dit avec vos client(e)s.<\/div>\n<\/div>\n<div class=\"tab js-tab\">\n<h3 class=\"tab-title pdp-tabs_title js-tab-mobile-title\"><span>Mode d&#8217;emploi<\/span><\/h3>\n<div class=\"tab-description pdp-tabs_description js-tab-description\">Branchez le s\u00e8che-cheveux et d\u00e9terminez les param\u00e8tres de s\u00e9chage.<br \/>Puis, utilisez l\u2019embout adapt\u00e9 avant de commencer le s\u00e9chage.<br \/>Le conseil de pro : un dernier passage \u00e0 froid vous permet de lisser et de fixer vos coiffures !<\/div>\n<\/div>\n<div class=\"tab js-tab\">\n<h3 class=\"tab-title pdp-tabs_title js-tab-mobile-title\"><span>Livraison et stock<\/span><\/h3>\n<div class=\"tab-description pdp-tabs_description js-tab-description\">\n<div class=\"pdp-delivery_info\">\n<div class=\"content-asset\">Livraison et d\u00e9laisRetours et remboursements<\/div>\n<\/div>\n<\/div>\n<\/div>\n<\/div>\n<\/div>\n<\/div>\n","protected":false},"excerpt":{"rendered":"<p>Points cl\u00e9s Ultra Puissant 2200W Embout inclus 3x R\u00e9glage de la chaleur 3x R\u00e9glage de&hellip;<\/p>\n","protected":false},"featured_media":16914,"comment_status":"open","ping_status":"closed","template":"","meta":[],"pwb-brand":[681],"product_cat":[438],"product_tag":[177,184,442],"class_list":{"0":"post-27768","1":"product","2":"type-product","3":"status-publish","4":"has-post-thumbnail","6":"pwb-brand-velecta-paris","7":"product_cat-seche-cheveux","8":"product_tag-electro-et-materiel","9":"product_tag-seche-cheveux","10":"product_tag-velecta-paris","12":"first","13":"instock","14":"taxable","15":"shipping-taxable","16":"purchasable","17":"product-type-simple","18":"layout-style-3","19":"col-md-4 col-sm-4 col-xs-6","20":"col-lg-3","21":"product-has-gallery","22":"product-style-default"},"aioseo_notices":[],"brands":[{"id":681,"name":"Velecta Paris","slug":"velecta-paris"}],"_links":{"self":[{"href":"https:\/\/cheveuxluxe.com\/index.php\/wp-json\/wp\/v2\/product\/27768","targetHints":{"allow":["GET"]}}],"collection":[{"href":"https:\/\/cheveuxluxe.com\/index.php\/wp-json\/wp\/v2\/product"}],"about":[{"href":"https:\/\/cheveuxluxe.com\/index.php\/wp-json\/wp\/v2\/types\/product"}],"replies":[{"embeddable":true,"href":"https:\/\/cheveuxluxe.com\/index.php\/wp-json\/wp\/v2\/comments?post=27768"}],"version-history":[{"count":0,"href":"https:\/\/cheveuxluxe.com\/index.php\/wp-json\/wp\/v2\/product\/27768\/revisions"}],"wp:featuredmedia":[{"embeddable":true,"href":"https:\/\/cheveuxluxe.com\/index.php\/wp-json\/wp\/v2\/media\/16914"}],"wp:attachment":[{"href":"https:\/\/cheveuxluxe.com\/index.php\/wp-json\/wp\/v2\/media?parent=27768"}],"wp:term":[{"taxonomy":"pwb-brand","embeddable":true,"href":"https:\/\/cheveuxluxe.com\/index.php\/wp-json\/wp\/v2\/pwb-brand?post=27768"},{"taxonomy":"product_cat","embeddable":true,"href":"https:\/\/cheveuxluxe.com\/index.php\/wp-json\/wp\/v2\/product_cat?post=27768"},{"taxonomy":"product_tag","embeddable":true,"href":"https:\/\/cheveuxluxe.com\/index.php\/wp-json\/wp\/v2\/product_tag?post=27768"}],"curies":[{"name":"wp","href":"https:\/\/api.w.org\/{rel}","templated":true}]}}