{"id":27776,"date":"2024-04-09T21:02:55","date_gmt":"2024-04-09T21:02:55","guid":{"rendered":"https:\/\/cheveuxluxe.com\/index.php\/product\/velecta-paris-paramount-seche-cheveux-iconic-tgr-1740w-bleu-celeste\/"},"modified":"2024-04-13T13:43:50","modified_gmt":"2024-04-13T13:43:50","slug":"velecta-paris-paramount-seche-cheveux-iconic-tgr-1740w-bleu-celeste","status":"publish","type":"product","link":"https:\/\/cheveuxluxe.com\/index.php\/product\/velecta-paris-paramount-seche-cheveux-iconic-tgr-1740w-bleu-celeste\/","title":{"rendered":"Velecta Paris Paramount S\u00e8che-cheveux Iconic TGR 1740W Bleu Celeste"},"content":{"rendered":"<div class=\"product-content_bottom\">\n<div class=\"pdp-info\">\n<div class=\"pdp-tabs tab-container\">\n<div class=\"tab js-tab\">\n<h3 class=\"tab-title pdp-tabs_title js-tab-mobile-title open\"><span>Points cl\u00e9s<\/span><\/h3>\n<div class=\"tab-description pdp-tabs_description js-tab-description open\" itemprop=\"description\">\n<ul>\n<li>Puissant 1740W<\/li>\n<li>2x R\u00e9glage de la chaleur<\/li>\n<li>2x R\u00e9glage de la vitesse<\/li>\n<li>Ultra l\u00e9ger : 335g<\/li>\n<li>Silencieux : 68 dBA<\/li>\n<li>Ergonomique: pr\u00e9vention TMS<\/li>\n<li>Cordon professionnel : 3m<\/li>\n<li>Bleu c\u00e9leste<\/li>\n<\/ul>\n<\/div>\n<\/div>\n<div class=\"tab js-tab\">\n<h3 class=\"tab-title pdp-tabs_title js-tab-mobile-title\"><span>Description<\/span><\/h3>\n<div class=\"tab-description pdp-tabs_description js-tab-description\" itemprop=\"description\">La star poids plume !<br \/>Adopt\u00e9 par une multitude de professionnels en France et \u00e0 l\u2019\u00e9tranger, il est le petit \u00ab chouchou \u00bb des coiffeurs.<br \/>Ce s\u00e8che-cheveux professionnel allie l\u00e9g\u00e8ret\u00e9 et maniabilit\u00e9 pour des coiffages pr\u00e9cis en deux temps, trois mouvements.<br \/>Appareil garanti 2 ans.<br \/>Le + produit : Pr\u00e9vention TMS<\/div>\n<\/div>\n<div class=\"tab js-tab\">\n<h3 class=\"tab-title pdp-tabs_title js-tab-mobile-title\"><span>Mode d&#8217;emploi<\/span><\/h3>\n<div class=\"tab-description pdp-tabs_description js-tab-description\">Pour pr\u00e9server le mouvement naturel des cheveux, s\u00e9chez avec les doigts \u00e0 temp\u00e9rature mod\u00e9r\u00e9e en utilisant la touche att\u00e9nuation de chaleur, la t\u00eate pench\u00e9e vers le bas.<br \/>Une technique id\u00e9ale pour les cheveux souples, avec de l\u00e9g\u00e8res boucles.<br \/>Pour un brushing parfait, utilisez l\u2019embout plat et une brosse ronde.<br \/>Proc\u00e9dez par zone, en commen\u00e7ant par la base de la t\u00eate.<\/div>\n<\/div>\n<div class=\"tab js-tab\">\n<h3 class=\"tab-title pdp-tabs_title js-tab-mobile-title\"><span>Livraison et stock<\/span><\/h3>\n<div class=\"tab-description pdp-tabs_description js-tab-description\">\n<div class=\"pdp-delivery_info\">\n<div class=\"content-asset\">Livraison et d\u00e9laisRetours et remboursements<\/div>\n<\/div>\n<\/div>\n<\/div>\n<\/div>\n<\/div>\n<\/div>\n","protected":false},"excerpt":{"rendered":"<p>Points cl\u00e9s Puissant 1740W 2x R\u00e9glage de la chaleur 2x R\u00e9glage de la vitesse Ultra&hellip;<\/p>\n","protected":false},"featured_media":16887,"comment_status":"open","ping_status":"closed","template":"","meta":[],"pwb-brand":[681],"product_cat":[438],"product_tag":[177,184,442],"class_list":{"0":"post-27776","1":"product","2":"type-product","3":"status-publish","4":"has-post-thumbnail","6":"pwb-brand-velecta-paris","7":"product_cat-seche-cheveux","8":"product_tag-electro-et-materiel","9":"product_tag-seche-cheveux","10":"product_tag-velecta-paris","12":"first","13":"instock","14":"taxable","15":"shipping-taxable","16":"purchasable","17":"product-type-simple","18":"layout-style-3","19":"col-md-4 col-sm-4 col-xs-6","20":"col-lg-3","21":"product-has-gallery","22":"product-style-default"},"aioseo_notices":[],"brands":[{"id":681,"name":"Velecta Paris","slug":"velecta-paris"}],"_links":{"self":[{"href":"https:\/\/cheveuxluxe.com\/index.php\/wp-json\/wp\/v2\/product\/27776","targetHints":{"allow":["GET"]}}],"collection":[{"href":"https:\/\/cheveuxluxe.com\/index.php\/wp-json\/wp\/v2\/product"}],"about":[{"href":"https:\/\/cheveuxluxe.com\/index.php\/wp-json\/wp\/v2\/types\/product"}],"replies":[{"embeddable":true,"href":"https:\/\/cheveuxluxe.com\/index.php\/wp-json\/wp\/v2\/comments?post=27776"}],"version-history":[{"count":0,"href":"https:\/\/cheveuxluxe.com\/index.php\/wp-json\/wp\/v2\/product\/27776\/revisions"}],"wp:featuredmedia":[{"embeddable":true,"href":"https:\/\/cheveuxluxe.com\/index.php\/wp-json\/wp\/v2\/media\/16887"}],"wp:attachment":[{"href":"https:\/\/cheveuxluxe.com\/index.php\/wp-json\/wp\/v2\/media?parent=27776"}],"wp:term":[{"taxonomy":"pwb-brand","embeddable":true,"href":"https:\/\/cheveuxluxe.com\/index.php\/wp-json\/wp\/v2\/pwb-brand?post=27776"},{"taxonomy":"product_cat","embeddable":true,"href":"https:\/\/cheveuxluxe.com\/index.php\/wp-json\/wp\/v2\/product_cat?post=27776"},{"taxonomy":"product_tag","embeddable":true,"href":"https:\/\/cheveuxluxe.com\/index.php\/wp-json\/wp\/v2\/product_tag?post=27776"}],"curies":[{"name":"wp","href":"https:\/\/api.w.org\/{rel}","templated":true}]}}