{"id":27777,"date":"2024-04-09T21:02:55","date_gmt":"2024-04-09T21:02:55","guid":{"rendered":"https:\/\/cheveuxluxe.com\/index.php\/product\/s-pro-seche-cheveux-supermagic-1500w\/"},"modified":"2024-04-13T14:22:45","modified_gmt":"2024-04-13T14:22:45","slug":"s-pro-seche-cheveux-supermagic-1500w","status":"publish","type":"product","link":"https:\/\/cheveuxluxe.com\/index.php\/product\/s-pro-seche-cheveux-supermagic-1500w\/","title":{"rendered":"S-PRO S\u00e8che-Cheveux Supermagic 1500W"},"content":{"rendered":"<div class=\"product-content_bottom\">\n<div class=\"pdp-info\">\n<div class=\"pdp-tabs tab-container\">\n<div class=\"tab js-tab\">\n<h3 class=\"tab-title pdp-tabs_title js-tab-mobile-title open\"><span>Points cl\u00e9s<\/span><\/h3>\n<div class=\"tab-description pdp-tabs_description js-tab-description open\" itemprop=\"description\">\n<ul>\n<li>Puissance: 1500 Watt<\/li>\n<li>Fil \u00e9lectrique extra long (3m)<\/li>\n<li>2 diffuseurs<\/li>\n<li>Temp\u00e9rature: 4<\/li>\n<li>Vitesse: 2<\/li>\n<\/ul>\n<\/div>\n<\/div>\n<div class=\"tab js-tab\">\n<h3 class=\"tab-title pdp-tabs_title js-tab-mobile-title\"><span>Description<\/span><\/h3>\n<div class=\"tab-description pdp-tabs_description js-tab-description\" itemprop=\"description\">S-Pro Supermagic S\u00e8che-cheveux professionnel.<br \/>Moteur: H15 STANDARD. <br \/>4 r\u00e9glages de chaleur et 2 r\u00e9glages de vitesse.<br \/>Fil \u00e9l\u00e9ctrique extra long: 3 m\u00e8tres. Comprend 2 diffuseurs de taille diff\u00e9rente.<\/div>\n<\/div>\n<div class=\"tab js-tab\">\n<h3 class=\"tab-title pdp-tabs_title js-tab-mobile-title\"><span>Livraison et stock<\/span><\/h3>\n<div class=\"tab-description pdp-tabs_description js-tab-description\">\n<div class=\"pdp-delivery_info\">\n<div class=\"content-asset\">Livraison et d\u00e9laisRetours et remboursements<\/div>\n<\/div>\n<\/div>\n<\/div>\n<div class=\"tab js-tab\">\n<h3 class=\"tab-title pdp-tabs_title js-tab-mobile-title\"><span>Pr\u00e9cautions d&#8217;emploi<\/span><\/h3>\n<div class=\"tab-description pdp-tabs_description js-tab-description\">CONSIGNES DE S\u00c9CURIT\u00c9<br \/>Lorsque vous utilisez cet appareil \u00e9lectrique, en particulier en pr\u00e9sence d\u2019enfants, les pr\u00e9cautions de base doivent toujours \u00eatre observ\u00e9es. <br \/>-Cet appareil peut \u00eatre utilis\u00e9 par les enfants \u00e0 partir de l\u2019\u00e2ge de 8 ans et les personnes ayant des capacit\u00e9s physiques, sensorielles ou mentales r\u00e9duites, ou ayant un manque d\u2019exp\u00e9rience et de connaissances, si elles sont supervis\u00e9es ou qu\u2019elles ont \u00e9t\u00e9 form\u00e9es \u00e0 l\u2019utilisation de l\u2019appareil en toute s\u00e9curit\u00e9 et qu\u2019elles comprennent les risques associ\u00e9s.<br \/>-Les enfants ne doivent pas jouer avec l\u2019appareil.<br \/>-Le nettoyage et les op\u00e9rations d\u2019entretien de l\u2019utilisateur ne doivent pas \u00eatre effectu\u00e9s par des enfants sans surveillance.<br \/>-Veuillez utiliser cet appareil uniquement pour l\u2019usage pr\u00e9vu. <br \/>-Ne pas utiliser avec un convertisseur de tension.<br \/> Danger ! Choc \u00e9lectrique d\u00fb \u00e0 des dommages caus\u00e9s \u00e0 l\u2019appareil<br \/>-N\u2019utilisez pas l\u2019appareil si un c\u00e2ble ou une fiche est endommag\u00e9(e) ou en cas de dysfonctionnement de l\u2019appareil ou si ce dernier tombe ou est endommag\u00e9 d\u2019une fa\u00e7on quelconque.<br \/>-Si le cordon d\u2019alimentation est endommag\u00e9, il doit \u00eatre remplac\u00e9 par le fabricant ou son agent de maintenance ou toute autre personne qualifi\u00e9e de fa\u00e7on \u00e0 \u00e9viter tout danger \u00e9ventuel. <br \/>-Ne laissez pas le cordon pendre au bord de la surface de travail et ne le laissez pas en contact avec des surfaces chaudes. <\/p>\n<p>AVERTISSEMENT :<br \/>N\u2019utilisez pas cet appareil \u00e0 proximit\u00e9 d\u2019une baignoire, d\u2019une douche, d\u2019un lavabo ou de tout autre r\u00e9cipient contenant de l\u2019eau.<br \/>Danger ! Choc \u00e9lectrique d\u00fb \u00e0 la p\u00e9n\u00e9tration d\u2019un liquide<br \/>-Afin d\u2019\u00e9viter tout risque d\u2019\u00e9lectrocution, ne plongez jamais l\u2019appareil dans l\u2019eau ou ne le laissez pas en contact avec de l\u2019eau ou d\u2019autres liquides. N\u2019utilisez pas l\u2019appareil avec les mains mouill\u00e9es. Si l\u2019appareil est mouill\u00e9 ou tombe dans l\u2019eau, d\u00e9branchez imm\u00e9diatement la fiche de la prise de courant. Ne mettez pas vos mains dans l\u2019eau.<br \/>-Lors d\u2019une utilisation dans la salle de bain, d\u00e9branchez l\u2019appareil apr\u00e8s usage, la proximit\u00e9 de l\u2019eau \u00e9tant susceptible de pr\u00e9senter un risque m\u00eame lorsque l\u2019appareil est \u00e9teint.<br \/>-Pour davantage de protection, l\u2019installation d\u2019un dispositif \u00e0 courant r\u00e9siduel (RDC) ayant un courant de fonctionnement r\u00e9siduel nominal ne d\u00e9passant pas 30 mA est conseill\u00e9e dans le circuit \u00e9lectrique alimentant la salle de bains. Demandez conseil \u00e0 l\u2019installateur. L\u2019installation de l\u2019appareil et son utilisation doivent cependant \u00eatre conformes aux normes en vigueur dans votre pays.<br \/> Avertissement ! Blessures dues \u00e0 une mauvaise manipulation <br \/>-\u00c9teignez l\u2019appareil et d\u00e9branchez-le de la prise lorsqu\u2019il n\u2019est pas en service, avant d\u2019installer ou de retirer des accessoires et \u00e9galement avant de nettoyer l\u2019appareil.<br \/>-Veillez tout particuli\u00e8rement \u00e0 \u00e9viter tout contact direct avec la peau, le visage et le cou. <br \/>Attention ! Risque d\u2019endommagement de l\u2019appareil <br \/>-N\u2019utilisez jamais l\u2019appareil sans faire attention ! <br \/>-D\u00e9branchez syst\u00e9matiquement l\u2019appareil lorsqu\u2019il n\u2019est pas en service ou qu\u2019il est laiss\u00e9 sans surveillance. <br \/>-N\u2019enroulez pas le cordon autour de l\u2019appareil. <br \/>-N\u2019utilisez pas l\u2019appareil \u00e0 l\u2019ext\u00e9rieur ou dans des locaux humides. <br \/>-Ne portez jamais l\u2019appareil en le tenant par son cordon d\u2019alimentation. <br \/>-L\u2019utilisation peut entra\u00eener une chauffe de l\u2019appareil et des accessoires. Tenez-les \u00e0 l\u2019\u00e9cart des surfaces non r\u00e9sistantes \u00e0 la chaleur. Tenez-les \u00e0 l\u2019\u00e9cart de tout v\u00eatement, papier ou autre objet combustible et ne les couvrez pas. <br \/>-Laissez l\u2019appareil refroidir avant de le ranger.<br \/>ENTRETIEN ET NETTOYAGE <br \/>-D\u00e9branchez toujours l\u2019appareil de la prise et laissez-le refroidir compl\u00e8tement avant toute op\u00e9ration de nettoyage. <br \/>-N\u2019utilisez pas de produits abrasifs ni de brosses \u00e0 r\u00e9curer. N\u2019utilisez pas d\u2019alcool ni de solvants.<br \/>-N\u2019immergez jamais l\u2019appareil dans l\u2019eau ou tout autre liquide.<\/div>\n<\/div>\n<\/div>\n<\/div>\n<\/div>\n","protected":false},"excerpt":{"rendered":"<p>Points cl\u00e9s Puissance: 1500 Watt Fil \u00e9lectrique extra long (3m) 2 diffuseurs Temp\u00e9rature: 4 Vitesse:&hellip;<\/p>\n","protected":false},"featured_media":16891,"comment_status":"open","ping_status":"closed","template":"","meta":[],"pwb-brand":[653],"product_cat":[612],"product_tag":[613,347,127],"class_list":{"0":"post-27777","1":"product","2":"type-product","3":"status-publish","4":"has-post-thumbnail","6":"pwb-brand-s-pro","7":"product_cat-essentiels-coiffure-pour-etudiants","8":"product_tag-essentiels-coiffure-pour-etudiants","9":"product_tag-s-pro","10":"product_tag-shampooing-et-coiffure","12":"first","13":"instock","14":"taxable","15":"shipping-taxable","16":"purchasable","17":"product-type-simple","18":"layout-style-3","19":"col-md-4 col-sm-4 col-xs-6","20":"col-lg-3","21":"product-style-default"},"aioseo_notices":[],"brands":[{"id":653,"name":"S-PRO","slug":"s-pro"}],"_links":{"self":[{"href":"https:\/\/cheveuxluxe.com\/index.php\/wp-json\/wp\/v2\/product\/27777","targetHints":{"allow":["GET"]}}],"collection":[{"href":"https:\/\/cheveuxluxe.com\/index.php\/wp-json\/wp\/v2\/product"}],"about":[{"href":"https:\/\/cheveuxluxe.com\/index.php\/wp-json\/wp\/v2\/types\/product"}],"replies":[{"embeddable":true,"href":"https:\/\/cheveuxluxe.com\/index.php\/wp-json\/wp\/v2\/comments?post=27777"}],"version-history":[{"count":0,"href":"https:\/\/cheveuxluxe.com\/index.php\/wp-json\/wp\/v2\/product\/27777\/revisions"}],"wp:featuredmedia":[{"embeddable":true,"href":"https:\/\/cheveuxluxe.com\/index.php\/wp-json\/wp\/v2\/media\/16891"}],"wp:attachment":[{"href":"https:\/\/cheveuxluxe.com\/index.php\/wp-json\/wp\/v2\/media?parent=27777"}],"wp:term":[{"taxonomy":"pwb-brand","embeddable":true,"href":"https:\/\/cheveuxluxe.com\/index.php\/wp-json\/wp\/v2\/pwb-brand?post=27777"},{"taxonomy":"product_cat","embeddable":true,"href":"https:\/\/cheveuxluxe.com\/index.php\/wp-json\/wp\/v2\/product_cat?post=27777"},{"taxonomy":"product_tag","embeddable":true,"href":"https:\/\/cheveuxluxe.com\/index.php\/wp-json\/wp\/v2\/product_tag?post=27777"}],"curies":[{"name":"wp","href":"https:\/\/api.w.org\/{rel}","templated":true}]}}