{"id":27787,"date":"2024-04-09T21:03:04","date_gmt":"2024-04-09T21:03:04","guid":{"rendered":"https:\/\/cheveuxluxe.com\/index.php\/product\/valera-casque-seche-cheveux-ionic-comfort\/"},"modified":"2024-04-13T13:43:56","modified_gmt":"2024-04-13T13:43:56","slug":"valera-casque-seche-cheveux-ionic-comfort","status":"publish","type":"product","link":"https:\/\/cheveuxluxe.com\/index.php\/product\/valera-casque-seche-cheveux-ionic-comfort\/","title":{"rendered":"Valera Casque S\u00e8che Cheveux Ionic comfort"},"content":{"rendered":"<div class=\"product-content_bottom\">\n<div class=\"pdp-info\">\n<div class=\"pdp-tabs tab-container\">\n<div class=\"tab js-tab\">\n<h3 class=\"tab-title pdp-tabs_title js-tab-mobile-title open\"><span>Points cl\u00e9s<\/span><\/h3>\n<div class=\"tab-description pdp-tabs_description js-tab-description open\" itemprop=\"description\">\n<ul>\n<li> Mise en plis<\/li>\n<li>Boucles<\/li>\n<li>Ultra-l\u00e9ger<\/li>\n<li>Silencieux<\/li>\n<li>Ionisateur <\/li>\n<\/ul>\n<\/div>\n<\/div>\n<div class=\"tab js-tab\">\n<h3 class=\"tab-title pdp-tabs_title js-tab-mobile-title\"><span>Description<\/span><\/h3>\n<div class=\"tab-description pdp-tabs_description js-tab-description\" itemprop=\"description\">Etes-vous une jeune femme branch\u00e9e ? les boucles sont de nouveau tout \u00e0 fait tendances et Valera lance sur le march\u00e9 le Casque S\u00e8che-cheveux Ionic comfort, mis au point et produit en Suisse.Les Casques S\u00e8che-cheveux sont de v\u00e9ritables r\u00e9f\u00e9rences pour le s\u00e9chage \u00e0 la maison : c\u2019est simple et pas seulement r\u00e9serv\u00e9 aux dames d\u2019un certain \u00e2ge. Aucune femme ne saurait r\u00e9sister au confort de laisser s\u00e9cher ses cheveux, enroul\u00e9s autour de bigoudis, sous un Casque S\u00e8che-cheveux \u00e0 air chaud : il suffit de s\u2019installer confortablement, de lire un bon livre ou de se faire ses ongles.Cr\u00e9\u00e9es de cette mani\u00e8re classique, les boucles obtiennent un volume particuli\u00e8rement majestueux et le conserveront plus longtemps. Le Casque S\u00e8che-cheveux Ionic Comfort de Valera saura convaincre par sa fonction ionique pour un s\u00e9chage doux avec effet antistatique.<\/div>\n<\/div>\n<div class=\"tab js-tab\">\n<h3 class=\"tab-title pdp-tabs_title js-tab-mobile-title\"><span>Mode d&#8217;emploi<\/span><\/h3>\n<div class=\"tab-description pdp-tabs_description js-tab-description\">Avant d&rsquo;utiliser l&rsquo;appareil, se laver les cheveux puis les s\u00e9cher avec une serviette.Appliquer les bigoudis comme d&rsquo;habitude.Brancher l&rsquo;appareil \u00e0 la prise de courant.Enfiler l&rsquo;appareil en mettant la sangle en bandouli\u00e8re (en maintenant les interrupteurs et le c\u00e2ble d&rsquo;alimentation sur la gauche).Enfiler le casque de mani\u00e8re \u00e0 ce que les petits trous \u00e0 l&rsquo;int\u00e9rieur soient orient\u00e9s vers les cheveux.Connecter le casque \u00e0 l&rsquo;appareil en introduisant la partie \u00e9lastique dans la bouche de sortie de l&rsquo;air.Pour un fonctionnement et un gonflage corrects, le casque ne doit pas supporter le poids de la partie soufflante.R\u00e9gler en cons\u00e9quence la longueur de la sangle de suspension.Pour s\u00e9cher les cheveux, positionner l&rsquo;interrupteur sur 1 ou 2. Au terme du s\u00e9chage, positionner l&rsquo;interrupteur sur \u00abC \u00bb (COOL) pendant 1 ou 2 minutes afin de fixer la coiffure plus longtemps.Pour \u00e9teindre l&rsquo;appareil, ramener l&rsquo;interrupteur sur 0.Enlever le casque.<\/div>\n<\/div>\n<div class=\"tab js-tab\">\n<h3 class=\"tab-title pdp-tabs_title js-tab-mobile-title\"><span>Livraison et stock<\/span><\/h3>\n<div class=\"tab-description pdp-tabs_description js-tab-description\">\n<div class=\"pdp-delivery_info\">\n<div class=\"content-asset\">Livraison et d\u00e9laisRetours et remboursements<\/div>\n<\/div>\n<\/div>\n<\/div>\n<div class=\"tab js-tab\">\n<h3 class=\"tab-title pdp-tabs_title js-tab-mobile-title\"><span>Pr\u00e9cautions d&#8217;emploi<\/span><\/h3>\n<div class=\"tab-description pdp-tabs_description js-tab-description\">S&rsquo;assurer que l\u2019appareil est compl\u00e8tement sec avant de l\u2019utiliser. ATTENTION : ne pas utiliser cet appareil \u00e0 proximit\u00e9 de baignoires, de lavabos ou d&rsquo;autres r\u00e9cipients contenant de l&rsquo;eau. Ne pas utiliser l\u2019appareil s\u2019il pr\u00e9sente des anomalies. Ne pas tenter de r\u00e9parer soi-m\u00eame l&rsquo;appareil \u00e9lectrique mais s&rsquo;adresser plut\u00f4t \u00e0 un technicien agr\u00e9\u00e9. Tout c\u00e2ble d\u2019alimentation endommag\u00e9 doit \u00eatre remplac\u00e9 par le fabricant, par son service d\u2019assistance technique ou par une personne aux comp\u00e9tences professionnelles analogues de fa\u00e7on \u00e0 \u00e9viter tout risque. Consultez le manuel d&rsquo;utilisation ci-joint pour conna\u00eetre toutes les instructions de s\u00e9curit\u00e9 avant de l\u2019utilisation.<\/div>\n<\/div>\n<\/div>\n<\/div>\n<\/div>\n","protected":false},"excerpt":{"rendered":"<p>Points cl\u00e9s Mise en plis Boucles Ultra-l\u00e9ger Silencieux Ionisateur Description Etes-vous une jeune femme branch\u00e9e&hellip;<\/p>\n","protected":false},"featured_media":19811,"comment_status":"open","ping_status":"closed","template":"","meta":[],"pwb-brand":[682],"product_cat":[438],"product_tag":[177,184,447],"class_list":{"0":"post-27787","1":"product","2":"type-product","3":"status-publish","4":"has-post-thumbnail","6":"pwb-brand-valera","7":"product_cat-seche-cheveux","8":"product_tag-electro-et-materiel","9":"product_tag-seche-cheveux","10":"product_tag-valera","12":"first","13":"instock","14":"taxable","15":"shipping-taxable","16":"purchasable","17":"product-type-simple","18":"layout-style-3","19":"col-md-4 col-sm-4 col-xs-6","20":"col-lg-3","21":"product-style-default"},"aioseo_notices":[],"brands":[{"id":682,"name":"Valera","slug":"valera"}],"_links":{"self":[{"href":"https:\/\/cheveuxluxe.com\/index.php\/wp-json\/wp\/v2\/product\/27787","targetHints":{"allow":["GET"]}}],"collection":[{"href":"https:\/\/cheveuxluxe.com\/index.php\/wp-json\/wp\/v2\/product"}],"about":[{"href":"https:\/\/cheveuxluxe.com\/index.php\/wp-json\/wp\/v2\/types\/product"}],"replies":[{"embeddable":true,"href":"https:\/\/cheveuxluxe.com\/index.php\/wp-json\/wp\/v2\/comments?post=27787"}],"version-history":[{"count":0,"href":"https:\/\/cheveuxluxe.com\/index.php\/wp-json\/wp\/v2\/product\/27787\/revisions"}],"wp:featuredmedia":[{"embeddable":true,"href":"https:\/\/cheveuxluxe.com\/index.php\/wp-json\/wp\/v2\/media\/19811"}],"wp:attachment":[{"href":"https:\/\/cheveuxluxe.com\/index.php\/wp-json\/wp\/v2\/media?parent=27787"}],"wp:term":[{"taxonomy":"pwb-brand","embeddable":true,"href":"https:\/\/cheveuxluxe.com\/index.php\/wp-json\/wp\/v2\/pwb-brand?post=27787"},{"taxonomy":"product_cat","embeddable":true,"href":"https:\/\/cheveuxluxe.com\/index.php\/wp-json\/wp\/v2\/product_cat?post=27787"},{"taxonomy":"product_tag","embeddable":true,"href":"https:\/\/cheveuxluxe.com\/index.php\/wp-json\/wp\/v2\/product_tag?post=27787"}],"curies":[{"name":"wp","href":"https:\/\/api.w.org\/{rel}","templated":true}]}}