{"id":27806,"date":"2024-04-09T21:03:27","date_gmt":"2024-04-09T21:03:27","guid":{"rendered":"https:\/\/cheveuxluxe.com\/index.php\/product\/ghd-gold-lisseur\/"},"modified":"2024-04-13T13:44:08","modified_gmt":"2024-04-13T13:44:08","slug":"ghd-gold-lisseur","status":"publish","type":"product","link":"https:\/\/cheveuxluxe.com\/index.php\/product\/ghd-gold-lisseur\/","title":{"rendered":"ghd Gold Lisseur"},"content":{"rendered":"<div class=\"product-content_bottom\">\n<div class=\"pdp-info\">\n<div class=\"pdp-tabs tab-container\">\n<div class=\"tab js-tab\">\n<h3 class=\"tab-title pdp-tabs_title js-tab-mobile-title open\"><span>Points cl\u00e9s<\/span><\/h3>\n<div class=\"tab-description pdp-tabs_description js-tab-description open\" itemprop=\"description\">\n<ul>\n<li>Technologie dual-zone pour un contr\u00f4le constant de la temp\u00e9rature<\/li>\n<li>Temp\u00e9rature de coiffage optimale et unique de 185\u00b0C <\/li>\n<li>Plaques mobiles, lisses et profil\u00e9es<\/li>\n<li>Pr\u00eat en 25 secondes<\/li>\n<li>Design \u00e9l\u00e9gant et corps arrondi<\/li>\n<li>Embout de protection<\/li>\n<li>Mode veille automatique<\/li>\n<li>Cordon professionnel extra-long de 2,7m<\/li>\n<li>Voltage universel<\/li>\n<li>Garantie 2 ans<\/li>\n<\/ul>\n<\/div>\n<\/div>\n<div class=\"tab js-tab\">\n<h3 class=\"tab-title pdp-tabs_title js-tab-mobile-title\"><span>Description<\/span><\/h3>\n<div class=\"tab-description pdp-tabs_description js-tab-description\" itemprop=\"description\">\n<p>Laissez-vous s\u00e9duire par le styler\u00ae iconique ghd gold\u00ae pour lisser et boucler vos cheveux en un tour de main. Obtenez un r\u00e9sultat digne d&rsquo;un salon de coiffure gr\u00e2ce \u00e0 ce lisseur professionnel qui donnera vie \u00e0 toutes vos envies de coiffages : lissage parfait, wavy, boucles&#8230;<\/p>\n<p><strong>R\u00e9sultats incomparables<\/strong> : des cheveux plus lisses, plus doux et plus sains*<\/p>\n<p><strong>Id\u00e9al pour<\/strong> : tous types de cheveux et\/ou usage occasionnel.<\/p>\n<p><strong>Comment ?<\/strong> Dot\u00e9 de la technologie dual-zone pour des performances de pointe, il dispose de 2 capteurs de chaleur qui contr\u00f4lent la temp\u00e9rature optimale de 185\u00b0C de la racine \u00e0 la pointe. Les outils ghd disposent d&rsquo;une temp\u00e9rature unique de 185\u00b0C, sp\u00e9cialement \u00e9tudi\u00e9e pour coiffer durablement tous les types de cheveux, dans le plus grand respect de la fibre capillaire. Dans ce coffret : le styler\u00ae ghd gold\u00ae et son embout thermor\u00e9sistant.<\/p>\n<p>*D\u2019apr\u00e8s un test effectu\u00e9 aupr\u00e8s de 128 consommatrices, la grande majorit\u00e9 d\u2019entre elles a confirm\u00e9 que le ghd gold surpassait le styler\u00ae ghd V pour des cheveux plus lisses, plus doux et plus sains.<\/p>\n<\/div>\n<\/div>\n<div class=\"tab js-tab\">\n<h3 class=\"tab-title pdp-tabs_title js-tab-mobile-title\"><span>Mode d&#8217;emploi<\/span><\/h3>\n<div class=\"tab-description pdp-tabs_description js-tab-description\">\n<p>1. Avant de d\u00e9buter votre coiffage, appliquez le spray thermoprotecteur ghd sur vos cheveux pour les prot\u00e9ger de la chaleur. Pour une tenue prolong\u00e9e des boucles, mouvements et ondulations, pr\u00e9f\u00e9rez le spray de maintien ghd.<br \/>2. Le styler\u00ae ghd gold\u00ae s&rsquo;utilise sur cheveux secs uniquement. Pour un r\u00e9sultat optimal en un seul passage, prenez de fines m\u00e8ches et faites glisser lentement le styler\u00ae de la racine aux pointes.<br \/>3. Laissez refroidir quelques instants avant de passer les doigts dans vos cheveux.<\/p>\n<\/div>\n<\/div>\n<div class=\"tab js-tab\">\n<h3 class=\"tab-title pdp-tabs_title js-tab-mobile-title\"><span>Livraison et stock<\/span><\/h3>\n<div class=\"tab-description pdp-tabs_description js-tab-description\">\n<div class=\"pdp-delivery_info\">\n<div class=\"content-asset\">Livraison et d\u00e9laisRetours et remboursements<\/div>\n<\/div>\n<\/div>\n<\/div>\n<div class=\"tab js-tab\">\n<h3 class=\"tab-title pdp-tabs_title js-tab-mobile-title\"><span>Pr\u00e9cautions d&#8217;emploi<\/span><\/h3>\n<div class=\"tab-description pdp-tabs_description js-tab-description\">\n<p>MISE EN GARDE: Ne pas utiliser cet appareil pr\u00e8s de l&rsquo;eau.MISE EN GARDE: Ne pas utiliser cet appareil \u00e0 proximit\u00e9 des baignoires, des douches, des lavabos ou autres r\u00e9cipients contenant de l&rsquo;eau. N&rsquo;utilisez jamais l&rsquo;appareil si celui-ci ne fonctionne pas correctement, si le cordon ou la prise sont endommag\u00e9s. Si le c\u00e2ble d&rsquo;alimentation est endommag\u00e9, il doit \u00eatre remplac\u00e9 par le fabricant Jemella Ltd, ou son service apr\u00e8s-vente ou des personnes de qualification similaire afin d&rsquo;\u00e9viter un danger.<\/p>\n<p>Cliquez ici pour les consignes de s\u00e9curit\u00e9<\/p>\n<\/div>\n<\/div>\n<\/div>\n<\/div>\n<\/div>\n","protected":false},"excerpt":{"rendered":"<p>Points cl\u00e9s Technologie dual-zone pour un contr\u00f4le constant de la temp\u00e9rature Temp\u00e9rature de coiffage optimale&hellip;<\/p>\n","protected":false},"featured_media":27799,"comment_status":"open","ping_status":"closed","template":"","meta":[],"pwb-brand":[679],"product_cat":[448],"product_tag":[177,440,449],"class_list":{"0":"post-27806","1":"product","2":"type-product","3":"status-publish","4":"has-post-thumbnail","6":"pwb-brand-ghd","7":"product_cat-lisseurs","8":"product_tag-electro-et-materiel","9":"product_tag-ghd","10":"product_tag-lisseurs","12":"first","13":"instock","14":"taxable","15":"shipping-taxable","16":"purchasable","17":"product-type-simple","18":"layout-style-3","19":"col-md-4 col-sm-4 col-xs-6","20":"col-lg-3","21":"product-has-gallery","22":"product-style-default"},"aioseo_notices":[],"brands":[{"id":679,"name":"ghd","slug":"ghd"}],"_links":{"self":[{"href":"https:\/\/cheveuxluxe.com\/index.php\/wp-json\/wp\/v2\/product\/27806","targetHints":{"allow":["GET"]}}],"collection":[{"href":"https:\/\/cheveuxluxe.com\/index.php\/wp-json\/wp\/v2\/product"}],"about":[{"href":"https:\/\/cheveuxluxe.com\/index.php\/wp-json\/wp\/v2\/types\/product"}],"replies":[{"embeddable":true,"href":"https:\/\/cheveuxluxe.com\/index.php\/wp-json\/wp\/v2\/comments?post=27806"}],"version-history":[{"count":0,"href":"https:\/\/cheveuxluxe.com\/index.php\/wp-json\/wp\/v2\/product\/27806\/revisions"}],"wp:featuredmedia":[{"embeddable":true,"href":"https:\/\/cheveuxluxe.com\/index.php\/wp-json\/wp\/v2\/media\/27799"}],"wp:attachment":[{"href":"https:\/\/cheveuxluxe.com\/index.php\/wp-json\/wp\/v2\/media?parent=27806"}],"wp:term":[{"taxonomy":"pwb-brand","embeddable":true,"href":"https:\/\/cheveuxluxe.com\/index.php\/wp-json\/wp\/v2\/pwb-brand?post=27806"},{"taxonomy":"product_cat","embeddable":true,"href":"https:\/\/cheveuxluxe.com\/index.php\/wp-json\/wp\/v2\/product_cat?post=27806"},{"taxonomy":"product_tag","embeddable":true,"href":"https:\/\/cheveuxluxe.com\/index.php\/wp-json\/wp\/v2\/product_tag?post=27806"}],"curies":[{"name":"wp","href":"https:\/\/api.w.org\/{rel}","templated":true}]}}