{"id":27831,"date":"2024-04-09T21:04:41","date_gmt":"2024-04-09T21:04:41","guid":{"rendered":"https:\/\/cheveuxluxe.com\/index.php\/product\/ghd-platinum-lisseur\/"},"modified":"2024-04-13T13:44:12","modified_gmt":"2024-04-13T13:44:12","slug":"ghd-platinum-lisseur","status":"publish","type":"product","link":"https:\/\/cheveuxluxe.com\/index.php\/product\/ghd-platinum-lisseur\/","title":{"rendered":"ghd Platinum+ Lisseur"},"content":{"rendered":"<div class=\"product-content_bottom\">\n<div class=\"pdp-info\">\n<div class=\"pdp-tabs tab-container\">\n<div class=\"tab js-tab\">\n<h3 class=\"tab-title pdp-tabs_title js-tab-mobile-title open\"><span>Points cl\u00e9s<\/span><\/h3>\n<div class=\"tab-description pdp-tabs_description js-tab-description open\" itemprop=\"description\">\n<ul>\n<li>Technologie ultra-zone qui pr\u00e9dit les besoins de vos cheveux<\/li>\n<li>Temp\u00e9rature de coiffage optimale et unique de 185\u00b0C <\/li>\n<li>Articulation exclusive et brevet\u00e9e qui assure un alignement id\u00e9al des plaques pendant le coiffage<\/li>\n<li>Pr\u00eat en 20 secondes<\/li>\n<li>Embout de protection thermor\u00e9sistant<\/li>\n<li>Mode veille automatique au bout de 30 minutes <\/li>\n<li>Cordon professionnel extra-long de 2,7m<\/li>\n<li>Voltage universel<\/li>\n<li>Garantie 3 ans<\/li>\n<\/ul>\n<\/div>\n<\/div>\n<div class=\"tab js-tab\">\n<h3 class=\"tab-title pdp-tabs_title js-tab-mobile-title\"><span>Description<\/span><\/h3>\n<div class=\"tab-description pdp-tabs_description js-tab-description\" itemprop=\"description\">\n<p>Laissez-vous s\u00e9duire par le styler\u00ae intelligent ghd platinum+ et offrez le meilleur pour vos cheveux. Obtenez un r\u00e9sultat digne d&rsquo;un salon de coiffure gr\u00e2ce \u00e0 ce lisseur professionnel qui donnera vie \u00e0 toutes vos envies de coiffages : lissage parfait, wavy, boucles&#8230;<\/p>\n<p><strong>R\u00e9sultats exceptionnels<\/strong> : des cheveux visiblement plus sains en un seul passage ? Cheveux 70% + forts* ? 75% de brillance en +** ? Couleur 2x + pr\u00e9serv\u00e9e* Id\u00e9al pour : cheveux color\u00e9s\/m\u00e9ch\u00e9s, sensibilis\u00e9s ou de nature fragile et\/ou usage fr\u00e9quent.<\/p>\n<p><strong>Comment ?<\/strong> Dot\u00e9 d&rsquo;une technologie r\u00e9volutionnaire, ultra-zone pr\u00e9dictive, il pr\u00e9dit les besoins de vos cheveux en s\u2019adaptant \u00e0 l&rsquo;\u00e9paisseur, la taille de votre m\u00e8che et la vitesse \u00e0 laquelle vous vous coiffez. Il contr\u00f4le la temp\u00e9rature 250 fois par seconde pour vous assurer une temp\u00e9rature homog\u00e8ne et optimale sur toute la surface des plaques. Les outils ghd disposent d&rsquo;une temp\u00e9rature unique de 185\u00b0C, sp\u00e9cialement \u00e9tudi\u00e9e pour coiffer durablement tous les types de cheveux, dans le plus grand respect de la fibre capillaire.<\/p>\n<p><strong>Dans ce coffret <\/strong>: le styler\u00ae ghd platinum+ noir et son embout thermor\u00e9sistant.<\/p>\n<p>*Moins de casse et une couleur 2x plus pr\u00e9serv\u00e9e par rapport \u00e0 un lisseur chauffant \u00e0 230\u00b0C.<\/p>\n<p>**Test technique en laboratoire sur des cheveux bruns vs des cheveux s\u00e9ch\u00e9s naturellement.<\/p>\n<\/div>\n<\/div>\n<div class=\"tab js-tab\">\n<h3 class=\"tab-title pdp-tabs_title js-tab-mobile-title\"><span>Mode d&#8217;emploi<\/span><\/h3>\n<div class=\"tab-description pdp-tabs_description js-tab-description\">\n<p>1. Avant de d\u00e9buter votre coiffage, appliquez le spray thermoprotecteur ghd sur vos cheveux pour les prot\u00e9ger de la chaleur. Pour une tenue prolong\u00e9e des boucles, mouvements et ondulations, pr\u00e9f\u00e9rez le spray de maintien ghd.<\/p>\n<p>2. Le styler\u00ae ghd platinum+ s&rsquo;utilise sur cheveux secs uniquement. Pour un r\u00e9sultat optimal en un seul passage, prenez de fines m\u00e8ches et faites glisser lentement le styler\u00ae de la racine aux pointes.<\/p>\n<p>3. Laissez refroidir quelques instants avant de passer les doigts dans vos cheveux.<\/p>\n<\/div>\n<\/div>\n<div class=\"tab js-tab\">\n<h3 class=\"tab-title pdp-tabs_title js-tab-mobile-title\"><span>Livraison et stock<\/span><\/h3>\n<div class=\"tab-description pdp-tabs_description js-tab-description\">\n<div class=\"pdp-delivery_info\">\n<div class=\"content-asset\">Livraison et d\u00e9laisRetours et remboursements<\/div>\n<\/div>\n<\/div>\n<\/div>\n<div class=\"tab js-tab\">\n<h3 class=\"tab-title pdp-tabs_title js-tab-mobile-title\"><span>Pr\u00e9cautions d&#8217;emploi<\/span><\/h3>\n<div class=\"tab-description pdp-tabs_description js-tab-description\">\n<p>MISE EN GARDE: Ne pas utiliser cet appareil pr\u00e8s de l&rsquo;eau.MISE EN GARDE: Ne pas utiliser cet appareil \u00e0 proximit\u00e9 des baignoires, des douches, des lavabos ou autres r\u00e9cipients contenant de l&rsquo;eau. N&rsquo;utilisez jamais l&rsquo;appareil si celui-ci ne fonctionne pas correctement, si le cordon ou la prise sont endommag\u00e9s. Si le c\u00e2ble d&rsquo;alimentation est endommag\u00e9, il doit \u00eatre remplac\u00e9 par le fabricant Jemella Ltd, ou son service apr\u00e8s-vente ou des personnes de qualification similaire afin d&rsquo;\u00e9viter un danger.<\/p>\n<p>\u00a0<\/p>\n<p>Cliquez ici pour les consignes de s\u00e9curit\u00e9<\/p>\n<\/div>\n<\/div>\n<\/div>\n<\/div>\n<\/div>\n","protected":false},"excerpt":{"rendered":"<p>Points cl\u00e9s Technologie ultra-zone qui pr\u00e9dit les besoins de vos cheveux Temp\u00e9rature de coiffage optimale&hellip;<\/p>\n","protected":false},"featured_media":27823,"comment_status":"open","ping_status":"closed","template":"","meta":[],"pwb-brand":[679],"product_cat":[448],"product_tag":[177,440,449],"class_list":{"0":"post-27831","1":"product","2":"type-product","3":"status-publish","4":"has-post-thumbnail","6":"pwb-brand-ghd","7":"product_cat-lisseurs","8":"product_tag-electro-et-materiel","9":"product_tag-ghd","10":"product_tag-lisseurs","12":"first","13":"instock","14":"taxable","15":"shipping-taxable","16":"purchasable","17":"product-type-simple","18":"layout-style-3","19":"col-md-4 col-sm-4 col-xs-6","20":"col-lg-3","21":"product-has-gallery","22":"product-style-default"},"aioseo_notices":[],"brands":[{"id":679,"name":"ghd","slug":"ghd"}],"_links":{"self":[{"href":"https:\/\/cheveuxluxe.com\/index.php\/wp-json\/wp\/v2\/product\/27831","targetHints":{"allow":["GET"]}}],"collection":[{"href":"https:\/\/cheveuxluxe.com\/index.php\/wp-json\/wp\/v2\/product"}],"about":[{"href":"https:\/\/cheveuxluxe.com\/index.php\/wp-json\/wp\/v2\/types\/product"}],"replies":[{"embeddable":true,"href":"https:\/\/cheveuxluxe.com\/index.php\/wp-json\/wp\/v2\/comments?post=27831"}],"version-history":[{"count":0,"href":"https:\/\/cheveuxluxe.com\/index.php\/wp-json\/wp\/v2\/product\/27831\/revisions"}],"wp:featuredmedia":[{"embeddable":true,"href":"https:\/\/cheveuxluxe.com\/index.php\/wp-json\/wp\/v2\/media\/27823"}],"wp:attachment":[{"href":"https:\/\/cheveuxluxe.com\/index.php\/wp-json\/wp\/v2\/media?parent=27831"}],"wp:term":[{"taxonomy":"pwb-brand","embeddable":true,"href":"https:\/\/cheveuxluxe.com\/index.php\/wp-json\/wp\/v2\/pwb-brand?post=27831"},{"taxonomy":"product_cat","embeddable":true,"href":"https:\/\/cheveuxluxe.com\/index.php\/wp-json\/wp\/v2\/product_cat?post=27831"},{"taxonomy":"product_tag","embeddable":true,"href":"https:\/\/cheveuxluxe.com\/index.php\/wp-json\/wp\/v2\/product_tag?post=27831"}],"curies":[{"name":"wp","href":"https:\/\/api.w.org\/{rel}","templated":true}]}}