{"id":27839,"date":"2024-04-09T21:04:59","date_gmt":"2024-04-09T21:04:59","guid":{"rendered":"https:\/\/cheveuxluxe.com\/index.php\/product\/ghd-styler-original\/"},"modified":"2024-04-13T13:44:14","modified_gmt":"2024-04-13T13:44:14","slug":"ghd-styler-original","status":"publish","type":"product","link":"https:\/\/cheveuxluxe.com\/index.php\/product\/ghd-styler-original\/","title":{"rendered":"ghd Styler Original"},"content":{"rendered":"<div class=\"product-content_bottom\">\n<div class=\"pdp-info\">\n<div class=\"pdp-tabs tab-container\">\n<div class=\"tab js-tab\">\n<h3 class=\"tab-title pdp-tabs_title js-tab-mobile-title open\"><span>Points cl\u00e9s<\/span><\/h3>\n<div class=\"tab-description pdp-tabs_description js-tab-description open\" itemprop=\"description\">\n<ul>\n<li>Technologie single-zone pour un contr\u00f4le constant de la temp\u00e9rature<\/li>\n<li>Temp\u00e9rature de coiffage optimale et unique de 185\u00b0C<\/li>\n<li>Pr\u00eat en 30 secondes<\/li>\n<li>Corps arrondi<\/li>\n<li>Mode veille automatique<\/li>\n<li>Cordon professionnel extra-long de 2,7m<\/li>\n<li>Voltage universel<\/li>\n<li>Garantie 2 ans<\/li>\n<\/ul>\n<\/div>\n<\/div>\n<div class=\"tab js-tab\">\n<h3 class=\"tab-title pdp-tabs_title js-tab-mobile-title\"><span>Mode d&#8217;emploi<\/span><\/h3>\n<div class=\"tab-description pdp-tabs_description js-tab-description\">\n<p>1. Avant de d\u00e9buter votre coiffage, appliquez le spray thermoprotecteur ghd Bodyguard sur vos cheveux pour les prot\u00e9ger de la chaleur. Pour une tenue prolong\u00e9e des boucles, mouvements et ondulations, pr\u00e9f\u00e9rez le spray de maintien ghd Curly Ever After.<\/p>\n<p>2. Le styler\u00ae ghd original s&rsquo;utilise sur cheveux secs uniquement. Pour un r\u00e9sultat optimal en un seul passage, prenez de fines m\u00e8ches et faites glisser lentement le styler\u00ae de la racine aux pointes.<\/p>\n<p>3. Laissez refroidir quelques instants avant de passer les doigts dans vos cheveux.<\/p>\n<\/div>\n<\/div>\n<div class=\"tab js-tab\">\n<h3 class=\"tab-title pdp-tabs_title js-tab-mobile-title\"><span>Livraison et stock<\/span><\/h3>\n<div class=\"tab-description pdp-tabs_description js-tab-description\">\n<div class=\"pdp-delivery_info\">\n<div class=\"content-asset\">Livraison et d\u00e9laisRetours et remboursements<\/div>\n<\/div>\n<\/div>\n<\/div>\n<div class=\"tab js-tab\">\n<h3 class=\"tab-title pdp-tabs_title js-tab-mobile-title\"><span>Pr\u00e9cautions d&#8217;emploi<\/span><\/h3>\n<div class=\"tab-description pdp-tabs_description js-tab-description\">MISE EN GARDE: Ne pas utiliser cet appareil pr\u00e8s de l&rsquo;eau.MISE EN GARDE: Ne pas utiliser cet appareil \u00e0 proximit\u00e9 des baignoires, des douches, des lavabos ou autres r\u00e9cipients contenant de l&rsquo;eau.N&rsquo;utilisez jamais l&rsquo;appareil si celui-ci ne fonctionne pas correctement, si le cordon ou la prise sont endommag\u00e9s. Si le c\u00e2ble d&rsquo;alimentation est endommag\u00e9, il doit \u00eatre remplac\u00e9 par le fabricant Jemella Ltd, ou son service apr\u00e8s-vente ou des personnes de qualification similaire afin d&rsquo;\u00e9viter un danger.\u00a0\u00bb<\/div>\n<\/div>\n<\/div>\n<\/div>\n<\/div>\n","protected":false},"excerpt":{"rendered":"<p>Points cl\u00e9s Technologie single-zone pour un contr\u00f4le constant de la temp\u00e9rature Temp\u00e9rature de coiffage optimale&hellip;<\/p>\n","protected":false},"featured_media":27833,"comment_status":"open","ping_status":"closed","template":"","meta":[],"pwb-brand":[679],"product_cat":[448],"product_tag":[177,440,449],"class_list":{"0":"post-27839","1":"product","2":"type-product","3":"status-publish","4":"has-post-thumbnail","6":"pwb-brand-ghd","7":"product_cat-lisseurs","8":"product_tag-electro-et-materiel","9":"product_tag-ghd","10":"product_tag-lisseurs","12":"first","13":"instock","14":"taxable","15":"shipping-taxable","16":"purchasable","17":"product-type-simple","18":"layout-style-3","19":"col-md-4 col-sm-4 col-xs-6","20":"col-lg-3","21":"product-has-gallery","22":"product-style-default"},"aioseo_notices":[],"brands":[{"id":679,"name":"ghd","slug":"ghd"}],"_links":{"self":[{"href":"https:\/\/cheveuxluxe.com\/index.php\/wp-json\/wp\/v2\/product\/27839","targetHints":{"allow":["GET"]}}],"collection":[{"href":"https:\/\/cheveuxluxe.com\/index.php\/wp-json\/wp\/v2\/product"}],"about":[{"href":"https:\/\/cheveuxluxe.com\/index.php\/wp-json\/wp\/v2\/types\/product"}],"replies":[{"embeddable":true,"href":"https:\/\/cheveuxluxe.com\/index.php\/wp-json\/wp\/v2\/comments?post=27839"}],"version-history":[{"count":0,"href":"https:\/\/cheveuxluxe.com\/index.php\/wp-json\/wp\/v2\/product\/27839\/revisions"}],"wp:featuredmedia":[{"embeddable":true,"href":"https:\/\/cheveuxluxe.com\/index.php\/wp-json\/wp\/v2\/media\/27833"}],"wp:attachment":[{"href":"https:\/\/cheveuxluxe.com\/index.php\/wp-json\/wp\/v2\/media?parent=27839"}],"wp:term":[{"taxonomy":"pwb-brand","embeddable":true,"href":"https:\/\/cheveuxluxe.com\/index.php\/wp-json\/wp\/v2\/pwb-brand?post=27839"},{"taxonomy":"product_cat","embeddable":true,"href":"https:\/\/cheveuxluxe.com\/index.php\/wp-json\/wp\/v2\/product_cat?post=27839"},{"taxonomy":"product_tag","embeddable":true,"href":"https:\/\/cheveuxluxe.com\/index.php\/wp-json\/wp\/v2\/product_tag?post=27839"}],"curies":[{"name":"wp","href":"https:\/\/api.w.org\/{rel}","templated":true}]}}