{"id":27847,"date":"2024-04-09T21:05:19","date_gmt":"2024-04-09T21:05:19","guid":{"rendered":"https:\/\/cheveuxluxe.com\/index.php\/product\/ghd-chronos\/"},"modified":"2024-04-13T13:44:15","modified_gmt":"2024-04-13T13:44:15","slug":"ghd-chronos","status":"publish","type":"product","link":"https:\/\/cheveuxluxe.com\/index.php\/product\/ghd-chronos\/","title":{"rendered":"ghd Chronos"},"content":{"rendered":"<div class=\"product-content_bottom\">\n<div class=\"pdp-info\">\n<div class=\"pdp-tabs tab-container\">\n<div class=\"tab js-tab\">\n<h3 class=\"tab-title pdp-tabs_title js-tab-mobile-title open\"><span>Points cl\u00e9s<\/span><\/h3>\n<div class=\"tab-description pdp-tabs_description js-tab-description open\" itemprop=\"description\">\n<ul>\n<li>Technologie HD motion-responsive\u2122 pour un coiffage 3x plus rapide*, des r\u00e9sultats haute-d\u00e9finition et une tenue 24h**.<\/li>\n<li>Temp\u00e9rature optimale de coiffage de 185\u00b0C.<\/li>\n<li>Plaques mobiles en c\u00e9ramique haute-performance et au rev\u00eatement ultra gloss pour un coiffage sans accroc.<\/li>\n<li>Articulation unique repens\u00e9e et design ergonomique pour un meilleur contr\u00f4le du coiffage.<\/li>\n<li>Chauffe en 20 secondes.<\/li>\n<\/ul>\n<\/div>\n<\/div>\n<div class=\"tab js-tab\">\n<h3 class=\"tab-title pdp-tabs_title js-tab-mobile-title\"><span>Description<\/span><\/h3>\n<div class=\"tab-description pdp-tabs_description js-tab-description\" itemprop=\"description\">\n<p>LISSEUR 3X PLUS RAPIDE* POUR DES R\u00c9SULTATS HAUTE D\u00c9FINITION 24H** EN UN SEUL PASSAGE.<br \/>Entrez dans l&rsquo;\u00e8re du coiffage haute d\u00e9finition avec le nouveau lisseur ghd Chronos, un coiffage 3 fois plus rapide* pour des r\u00e9sultats haute d\u00e9finition 24h en un seul passage**. D\u00e9couvrez la derni\u00e8re prouesse technologique, le lisseur ghd le plus avanc\u00e9 et vivez une exp\u00e9rience de coiffage ultime, sans aucun dommage caus\u00e9 par une chaleur extr\u00eame*** et pour des r\u00e9sultats haute-d\u00e9finition.<\/p>\n<p>DES R\u00c9SULTATS HAUTE-D\u00c9FINITION :- Jusqu&rsquo;\u00e0 85% de brillance en plus*- 2x moins de frisottis**- 3x plus de protection contre la casse***<\/p>\n<p>ID\u00c9AL POUR : Tous types et longueurs de cheveux. Des coiffures sans limites : lissage, ondulations, boucles. Utilisation quotidienne.<\/p>\n<p>COMMENT ?\u00a0 La technologie HD motion-responsive\u2122 utilise un algorithme intelligent pour identifier la mani\u00e8re dont le lisseur est utilis\u00e9, afin d&rsquo;optimiser la chaleur et la puissance d\u00e9livr\u00e9es pour des performances optimales. 2 fois plus r\u00e9active que la technologie du lisseur ghd platinum+, elle identifie vos mouvements durant votre coiffage et r\u00e9agit en d\u00e9livrant la bonne quantit\u00e9 d&rsquo;\u00e9nergie sur l\u2019ensemble des plaques pour maintenir la temp\u00e9rature optimale de 185\u00b0C \u00e0 un niveau de pr\u00e9cision sup\u00e9rieur. Une meilleure homog\u00e9n\u00e9it\u00e9 de la chaleur permet d&rsquo;obtenir des r\u00e9sultats sup\u00e9rieurs. Qu&rsquo;il s&rsquo;agisse de lisser ou de boucler, de coiffer rapidement ou lentement, de prendre de petites ou de grandes sections : avec ghd chronos, un nouveau standard de pr\u00e9cision est n\u00e9, pour des coiffures 3 fois plus rapides* et haute d\u00e9finition en un seul passage.<\/p>\n<p>*Vs. ghd original. R\u00e9sultats mesur\u00e9s avec comme r\u00e9f\u00e9rence la brillance sur des cheveux bruns vs des cheveux s\u00e9ch\u00e9s naturellement, test effectu\u00e9 en laboratoire.** Test sur 142 consommatrices, Janvier 2022. 86% des femmes interrog\u00e9es ont d\u00e9clar\u00e9 que leur coiffure a tenu 24h apr\u00e8s s&rsquo;\u00eatre coiff\u00e9es avec ghd chronos. ***Vs. lisseur concurrent chauffant \u00e0 235\u00b0C *Test technique effectu\u00e9 en laboratoire sur cheveux bruns vs des cheveux s\u00e9ch\u00e9s naturellement. **Test technique effectu\u00e9 en laboratoire sur des cheveux cr\u00e9pus vs des cheveux s\u00e9ch\u00e9s naturellement. ***La chaleur extr\u00eame fait r\u00e9f\u00e9rence \u00e0 tout traitement thermique qui entra\u00eene une plus faible r\u00e9sistance \u00e0 la traction effectu\u00e9e sur un cheveu humide, \u00e9valu\u00e9e par cycle, d\u00e9passant 0,005 mesur\u00e9 sur au moins 100 cycles sur des cheveux Caucasiens bruns. (Une \u00ab r\u00e9duction de densit\u00e9 \u00bb)<\/p>\n<\/div>\n<\/div>\n<div class=\"tab js-tab\">\n<h3 class=\"tab-title pdp-tabs_title js-tab-mobile-title\"><span>Mode d&#8217;emploi<\/span><\/h3>\n<div class=\"tab-description pdp-tabs_description js-tab-description\">\n<p>\u00c9TAPE 1 :<br \/>Avant de d\u00e9buter votre coiffage, appliquez le spray thermoprotecteur ghd bodyguard sur vos cheveux pour les prot\u00e9ger de la chaleur : en version classique, cheveux color\u00e9s ou cheveux fins, en fonction de vos besoins. Faites p\u00e9n\u00e9trer le produit \u00e0 l&rsquo;aide de la brosse ghd.<\/p>\n<p>\u00c9TAPE 2 :<br \/>Utilisez ghd Chronos sur cheveux secs uniquement. Faites glisser ghd Chronos de la racine \u00e0 la pointe.<\/p>\n<p>\u00c9TAPE 3 :Laissez refroidir quelques instants avant de brosser vos cheveux pour un r\u00e9sultat plus naturel.Sublimez vos cheveux \u00e0 l&rsquo;aide du spray brillance de finition Shiny Ever After.<\/p>\n<\/div>\n<\/div>\n<div class=\"tab js-tab\">\n<h3 class=\"tab-title pdp-tabs_title js-tab-mobile-title\"><span>Livraison et stock<\/span><\/h3>\n<div class=\"tab-description pdp-tabs_description js-tab-description\">\n<div class=\"pdp-delivery_info\">\n<div class=\"content-asset\">Livraison et d\u00e9laisRetours et remboursements<\/div>\n<\/div>\n<\/div>\n<\/div>\n<\/div>\n<\/div>\n<\/div>\n","protected":false},"excerpt":{"rendered":"<p>Points cl\u00e9s Technologie HD motion-responsive\u2122 pour un coiffage 3x plus rapide*, des r\u00e9sultats haute-d\u00e9finition et&hellip;<\/p>\n","protected":false},"featured_media":27840,"comment_status":"open","ping_status":"closed","template":"","meta":[],"pwb-brand":[679],"product_cat":[448],"product_tag":[177,440,449],"class_list":{"0":"post-27847","1":"product","2":"type-product","3":"status-publish","4":"has-post-thumbnail","6":"pwb-brand-ghd","7":"product_cat-lisseurs","8":"product_tag-electro-et-materiel","9":"product_tag-ghd","10":"product_tag-lisseurs","12":"first","13":"instock","14":"taxable","15":"shipping-taxable","16":"purchasable","17":"product-type-simple","18":"layout-style-3","19":"col-md-4 col-sm-4 col-xs-6","20":"col-lg-3","21":"product-has-gallery","22":"product-style-default"},"aioseo_notices":[],"brands":[{"id":679,"name":"ghd","slug":"ghd"}],"_links":{"self":[{"href":"https:\/\/cheveuxluxe.com\/index.php\/wp-json\/wp\/v2\/product\/27847","targetHints":{"allow":["GET"]}}],"collection":[{"href":"https:\/\/cheveuxluxe.com\/index.php\/wp-json\/wp\/v2\/product"}],"about":[{"href":"https:\/\/cheveuxluxe.com\/index.php\/wp-json\/wp\/v2\/types\/product"}],"replies":[{"embeddable":true,"href":"https:\/\/cheveuxluxe.com\/index.php\/wp-json\/wp\/v2\/comments?post=27847"}],"version-history":[{"count":0,"href":"https:\/\/cheveuxluxe.com\/index.php\/wp-json\/wp\/v2\/product\/27847\/revisions"}],"wp:featuredmedia":[{"embeddable":true,"href":"https:\/\/cheveuxluxe.com\/index.php\/wp-json\/wp\/v2\/media\/27840"}],"wp:attachment":[{"href":"https:\/\/cheveuxluxe.com\/index.php\/wp-json\/wp\/v2\/media?parent=27847"}],"wp:term":[{"taxonomy":"pwb-brand","embeddable":true,"href":"https:\/\/cheveuxluxe.com\/index.php\/wp-json\/wp\/v2\/pwb-brand?post=27847"},{"taxonomy":"product_cat","embeddable":true,"href":"https:\/\/cheveuxluxe.com\/index.php\/wp-json\/wp\/v2\/product_cat?post=27847"},{"taxonomy":"product_tag","embeddable":true,"href":"https:\/\/cheveuxluxe.com\/index.php\/wp-json\/wp\/v2\/product_tag?post=27847"}],"curies":[{"name":"wp","href":"https:\/\/api.w.org\/{rel}","templated":true}]}}