{"id":27856,"date":"2024-04-09T21:05:43","date_gmt":"2024-04-09T21:05:43","guid":{"rendered":"https:\/\/cheveuxluxe.com\/index.php\/product\/loreal-professionnel-steampod-4-0-lisseur-et-boucleur-vapeur\/"},"modified":"2024-04-13T13:44:16","modified_gmt":"2024-04-13T13:44:16","slug":"loreal-professionnel-steampod-4-0-lisseur-et-boucleur-vapeur","status":"publish","type":"product","link":"https:\/\/cheveuxluxe.com\/index.php\/product\/loreal-professionnel-steampod-4-0-lisseur-et-boucleur-vapeur\/","title":{"rendered":"L&rsquo;Or\u00e9al Professionnel Steampod 4.0 Lisseur et Boucleur Vapeur"},"content":{"rendered":"<div class=\"product-content_bottom\">\n<div class=\"pdp-info\">\n<div class=\"pdp-tabs tab-container\">\n<div class=\"tab js-tab\">\n<h3 class=\"tab-title pdp-tabs_title js-tab-mobile-title open\"><span>Points cl\u00e9s<\/span><\/h3>\n<div class=\"tab-description pdp-tabs_description js-tab-description open\" itemprop=\"description\">\n<ul>\n<li>[MOINS DE DOMMAGES] Cheveux 85% moins cassants.*<\/li>\n<li>Coiffage 3x plus rapide.*<\/li>\n<li>Meilleure exp\u00e9rience de lissage : 30% plus pr\u00e8s de la racine en comparaison avec le SteamPod 3<\/li>\n<li>Plaque flottante : pour une adh\u00e9rence optimale sur tous types de cheveux<\/li>\n<li>Technologie vapeur brevet\u00e9e : d\u00e9bit continu de 0,8g\/min de vapeur s\u00e8che pour des cheveux visiblement plus lisses\u00b9<\/li>\n<li>Nouveau jeu de 3 peignes sp\u00e9cial vapeur : con\u00e7us pour garantir une diffusion uniforme de la vapeur sur tous types de cheveux<\/li>\n<\/ul>\n<\/div>\n<\/div>\n<div class=\"tab js-tab\">\n<h3 class=\"tab-title pdp-tabs_title js-tab-mobile-title\"><span>Description<\/span><\/h3>\n<div class=\"tab-description pdp-tabs_description js-tab-description\" itemprop=\"description\">\n<p>Lissez, ondulez ou bouclez sans effort avec le SteamPod 4, le premier styler professionnel tout-en-un avec la technologie vapeur brevet\u00e9e de L&rsquo;Or\u00e9al Professionnel. Cr\u00e9ez n&rsquo;importe quelle coiffure, avec n&rsquo;importe quel type de cheveux. 3x plus rapide\u00b9, 2x plus lisse\u00b9 avec 95% de dommages en moins.\u00b2 Coiffures longue tenue\u00b3, boucles plus d\u00e9finies\u2074 et des cheveux plus disciplin\u00e9s\u00b9.<\/p>\n<p>D\u00e9couvrez le nouveau SteamPod 4 avec des fonctionnalit\u00e9s exclusives et un design plus ergonomique. Le SteamPod 4 est dot\u00e9 de plaques en c\u00e9ramique plus larges pour faciliter le lissage : rapprochez-vous d\u00e9sormais de 30 % des racines et obtenez des cheveux parfaitement lisses de la racine aux pointes. Le nouveau verrouillage pour boucles vous permet de chauffer doucement vos cheveux jusqu&rsquo;\u00e0 100\u00b0C et le design plus fin et plus rond cr\u00e9e des boucles plus rebondies\u2074 et plus d\u00e9finies\u2074. Le SteamPod 4 continue de b\u00e9n\u00e9ficier de la technologie vapeur brevet\u00e9e : un flux continu de vapeur s\u00e8che (0,8g\/min) pour des cheveux visiblement plus lisses.\u2075 D\u00e9couvrez les accessoires exclusifs de SteamPod 4 pour profiter au maximum de votre exp\u00e9rience SteamPod : SteamPod 4 est livr\u00e9 avec un jeu de 3 peignes optimis\u00e9s pour la vapeur : adapt\u00e9s pour assurer une distribution uniforme de la vapeur sur chaque type de cheveux, des capuchons thermo-protecteurs pour un lissage en toute s\u00e9curit\u00e9 et une pochette de voyage r\u00e9sistante \u00e0 la chaleur.<\/p>\n<p>\u00b9Test instrumental soin lissant + Steampod vs Steampod sans peigne sans vapeur.<\/p>\n<p>\u00b2Casse du cheveux mesur\u00e9e apr\u00e8s 15 passages du SteamPod 4 vs SteamPod 4 sans peigne ni vapeur.\u00a0<\/p>\n<p>\u00b3Test instrumental : performance de lissage vs SteamPod 4 sans peigne ni vapeur.<\/p>\n<p>\u2074Test sensoriel sur 38 sujets, SteamPod 4 vs. SteamPod 3. 5Test sensoriel sur 30 personnes.<\/p>\n<\/div>\n<\/div>\n<div class=\"tab js-tab\">\n<h3 class=\"tab-title pdp-tabs_title js-tab-mobile-title\"><span>Mode d&#8217;emploi<\/span><\/h3>\n<div class=\"tab-description pdp-tabs_description js-tab-description\">\n<p>Tout d&rsquo;abord, choisissez le bon peigne en fonction de votre type de cheveux : &#8211; Peigne \u00e0 dents fines : pour les types de cheveux I \u00e0 IV sur l&rsquo;\u00e9chelle de L&rsquo;Or\u00e9al* (lisses \u00e0 ondul\u00e9s) ; &#8211; Peigne \u00e0 dents interm\u00e9diaires : pour les cheveux de type V sur l&rsquo;\u00e9chelle L&rsquo;Or\u00e9al* (cheveux boucl\u00e9s) ; &#8211; Peigne \u00e0 dents larges : pour les cheveux de types VI et VII sur l&rsquo;\u00e9chelle de L&rsquo;Or\u00e9al* (tr\u00e8s fris\u00e9s \u00e0 cr\u00e9pus). Remarque : pour certains looks (ondulations en S, coiffures boucl\u00e9es&#8230;), le peigne doit \u00eatre retir\u00e9.<\/p>\n<p>Remplissez le r\u00e9servoir d&rsquo;eau avec de l&rsquo;eau d\u00e9min\u00e9ralis\u00e9e. L&rsquo;utilisation d&rsquo;eau ordinaire du robinet peut entra\u00eener une d\u00e9faillance du produit. Remarque : le SteamPod fonctionne m\u00eame lorsque le r\u00e9servoir d&rsquo;eau est vide, mais pour des r\u00e9sultats optimaux, le r\u00e9servoir d&rsquo;eau doit \u00eatre rempli avant l&rsquo;utilisation. Allumez ensuite l&rsquo;appareil et r\u00e9glez la bonne temp\u00e9rature en fonction de la texture de vos cheveux : &#8211; 180\u00b0C pour les cheveux fins et sensibles (color\u00e9s ou d\u00e9color\u00e9s) ; &#8211; 200-210\u00b0C pour les cheveux \u00e9pais et naturels. Placez les capuchons de protection thermique sur les plaques de frisage pour un lissage en toute s\u00e9curit\u00e9. Veillez \u00e0 ce que les fl\u00e8ches soient orient\u00e9es vers le bas lorsque vous coiffez vos cheveux.<\/p>\n<p>*L&rsquo;\u00e9chelle de L&rsquo;Or\u00e9al correspond \u00e0 l&rsquo;\u00e9chelle de Walker : &#8211; Peigne \u00e0 dents fines : type 1A \u00e0 2C ; &#8211; Peigne \u00e0 dents interm\u00e9diaires : type 3A \u00e0 3C ; &#8211; Peigne \u00e0 dents larges : type 4A \u00e0 4C.<\/p>\n<\/div>\n<\/div>\n<div class=\"tab js-tab\">\n<h3 class=\"tab-title pdp-tabs_title js-tab-mobile-title\"><span>Livraison et stock<\/span><\/h3>\n<div class=\"tab-description pdp-tabs_description js-tab-description\">\n<div class=\"pdp-delivery_info\">\n<div class=\"content-asset\">Livraison et d\u00e9laisRetours et remboursements<\/div>\n<\/div>\n<\/div>\n<\/div>\n<\/div>\n<\/div>\n<\/div>\n","protected":false},"excerpt":{"rendered":"<p>Points cl\u00e9s [MOINS DE DOMMAGES] Cheveux 85% moins cassants.* Coiffage 3x plus rapide.* Meilleure exp\u00e9rience&hellip;<\/p>\n","protected":false},"featured_media":27848,"comment_status":"open","ping_status":"closed","template":"","meta":[],"pwb-brand":[649],"product_cat":[448],"product_tag":[177,325,449],"class_list":{"0":"post-27856","1":"product","2":"type-product","3":"status-publish","4":"has-post-thumbnail","6":"pwb-brand-loreal-professionnel","7":"product_cat-lisseurs","8":"product_tag-electro-et-materiel","9":"product_tag-loreal-professionnel","10":"product_tag-lisseurs","12":"first","13":"instock","14":"taxable","15":"shipping-taxable","16":"purchasable","17":"product-type-simple","18":"layout-style-3","19":"col-md-4 col-sm-4 col-xs-6","20":"col-lg-3","21":"product-has-gallery","22":"product-style-default"},"aioseo_notices":[],"brands":[{"id":649,"name":"L'Or\u00e9al Professionnel","slug":"loreal-professionnel"}],"_links":{"self":[{"href":"https:\/\/cheveuxluxe.com\/index.php\/wp-json\/wp\/v2\/product\/27856","targetHints":{"allow":["GET"]}}],"collection":[{"href":"https:\/\/cheveuxluxe.com\/index.php\/wp-json\/wp\/v2\/product"}],"about":[{"href":"https:\/\/cheveuxluxe.com\/index.php\/wp-json\/wp\/v2\/types\/product"}],"replies":[{"embeddable":true,"href":"https:\/\/cheveuxluxe.com\/index.php\/wp-json\/wp\/v2\/comments?post=27856"}],"version-history":[{"count":0,"href":"https:\/\/cheveuxluxe.com\/index.php\/wp-json\/wp\/v2\/product\/27856\/revisions"}],"wp:featuredmedia":[{"embeddable":true,"href":"https:\/\/cheveuxluxe.com\/index.php\/wp-json\/wp\/v2\/media\/27848"}],"wp:attachment":[{"href":"https:\/\/cheveuxluxe.com\/index.php\/wp-json\/wp\/v2\/media?parent=27856"}],"wp:term":[{"taxonomy":"pwb-brand","embeddable":true,"href":"https:\/\/cheveuxluxe.com\/index.php\/wp-json\/wp\/v2\/pwb-brand?post=27856"},{"taxonomy":"product_cat","embeddable":true,"href":"https:\/\/cheveuxluxe.com\/index.php\/wp-json\/wp\/v2\/product_cat?post=27856"},{"taxonomy":"product_tag","embeddable":true,"href":"https:\/\/cheveuxluxe.com\/index.php\/wp-json\/wp\/v2\/product_tag?post=27856"}],"curies":[{"name":"wp","href":"https:\/\/api.w.org\/{rel}","templated":true}]}}