{"id":27865,"date":"2024-04-09T21:05:57","date_gmt":"2024-04-09T21:05:57","guid":{"rendered":"https:\/\/cheveuxluxe.com\/index.php\/product\/rotacrimp-fer-a-gaufrer-automatise\/"},"modified":"2024-04-13T13:44:21","modified_gmt":"2024-04-13T13:44:21","slug":"rotacrimp-fer-a-gaufrer-automatise","status":"publish","type":"product","link":"https:\/\/cheveuxluxe.com\/index.php\/product\/rotacrimp-fer-a-gaufrer-automatise\/","title":{"rendered":"Rotacrimp Fer \u00e0 Gaufrer Automatis\u00e9"},"content":{"rendered":"<div class=\"product-content_bottom\">\n<div class=\"pdp-info\">\n<div class=\"pdp-tabs tab-container\">\n<div class=\"tab js-tab\">\n<h3 class=\"tab-title pdp-tabs_title js-tab-mobile-title open\"><span>Points cl\u00e9s<\/span><\/h3>\n<div class=\"tab-description pdp-tabs_description js-tab-description open\" itemprop=\"description\">\n<ul>\n<li>Barillets ondul\u00e9s pour une texture et un volume gaufr\u00e9s<\/li>\n<li>Introduit automatiquement les cheveux entre les barilletsrotatifs<\/li>\n<li>2 r\u00e9glages de temp\u00e9rature<\/li>\n<li>Pour tous les types de cheveux<\/li>\n<li>Cordon pivotant \u00e0 360\u00b0 de 3 m<\/li>\n<li>Arr\u00eat automatique au bout d\u2019une heure<\/li>\n<\/ul>\n<\/div>\n<\/div>\n<div class=\"tab js-tab\">\n<h3 class=\"tab-title pdp-tabs_title js-tab-mobile-title\"><span>Description<\/span><\/h3>\n<div class=\"tab-description pdp-tabs_description js-tab-description\" itemprop=\"description\">1. R\u00e9duit significativement le temps de coiffage en introduisant automatiquement les cheveux entre les barillets ondul\u00e9s rotatifs.<br \/>2. Cr\u00e9e sans effort des styles et des motifs textur\u00e9s en quelques secondes.<br \/>3. Offre un rendu uniforme.<br \/>4. L\u2019intensit\u00e9 de chaque ondulation est d\u00e9finie par la pression exerc\u00e9e sur le fer.<br \/>5. Apporte \u00e9galement de la brillance et du volume aux racines pour les chignons.<\/div>\n<\/div>\n<div class=\"tab js-tab\">\n<h3 class=\"tab-title pdp-tabs_title js-tab-mobile-title\"><span>Mode d&#8217;emploi<\/span><\/h3>\n<div class=\"tab-description pdp-tabs_description js-tab-description\">1. Brancher l\u2019appareil<br \/>2. Pour allumer l\u2019appareil, r\u00e9gler le contr\u00f4le de temp\u00e9rature sur le param\u00e8tre d\u00e9sir\u00e9<br \/>3. Pour \u00e9viter d\u2019ab\u00eemer les cheveux, r\u00e9gler la temp\u00e9rature en fonction du type et du style de cheveux : 190\u00b0 C : pour cheveux fins, fragiles et color\u00e9s 220\u00b0 C : pour cheveux ondul\u00e9s normaux \u00e0 \u00e9pais<br \/>4. Le voyant LED clignote pendant que l\u2019appareil chauffe \u00e0 la temp\u00e9rature d\u00e9sir\u00e9e. Une fois la temp\u00e9rature atteinte, le voyant cesse de clignoter<br \/>5. Pour optimiser le r\u00e9sultat de la coiffure, les cheveux doivent \u00eatre propres et secs<br \/>&#8211; Saisir une petite section entre les barillets tournants, en partant de la racine.<br \/>&#8211; Activer les barillets tournants en pin\u00e7ant les fers. Veiller \u00e0 faire glisser les barillets vers le bas.<br \/>&#8211; Bien que les fers tirent automatiquement sur les cheveux, il est conseill\u00e9 de guider le mouvement pour obtenir de meilleurs r\u00e9sultats.<br \/>&#8211; L\u2019intensit\u00e9 de chaque ondulation est d\u00e9finie par la pression exerc\u00e9e sur le fer.<br \/>6. Pour \u00e9teindre l\u2019appareil, mettre le bouton de temp\u00e9rature sur \u00ab 0 \u00bb.<br \/>7. D\u00e9brancher le fer apr\u00e8s utilisation et le laisser refroidir avant de le ranger.<\/div>\n<\/div>\n<div class=\"tab js-tab\">\n<h3 class=\"tab-title pdp-tabs_title js-tab-mobile-title\"><span>Livraison et stock<\/span><\/h3>\n<div class=\"tab-description pdp-tabs_description js-tab-description\">\n<div class=\"pdp-delivery_info\">\n<div class=\"content-asset\">Livraison et d\u00e9laisRetours et remboursements<\/div>\n<\/div>\n<\/div>\n<\/div>\n<div class=\"tab js-tab\">\n<h3 class=\"tab-title pdp-tabs_title js-tab-mobile-title\"><span>Pr\u00e9cautions d&#8217;emploi<\/span><\/h3>\n<div class=\"tab-description pdp-tabs_description js-tab-description\">N\u2019utilisez pas cet appareil \u00e0 proximit\u00e9 d\u2019une baignoire, d\u2019une douche, d\u2019un lavabo ou de tout autre r\u00e9cipient contenant de l\u2019eau.<\/p>\n<p>x Afin d\u2019\u00e9viter tout risque d\u2019\u00e9lectrocution, ne plongez jamais l\u2019appareil dans l\u2019eau ou ne le laissez pas en contact avec de l\u2019eau ou d\u2019autres liquides. N\u2019utilisez pas l\u2019appareil avec les mains mouill\u00e9es. Si l\u2019appareil est mouill\u00e9 ou tombe dans l\u2019eau, d\u00e9branchez imm\u00e9diatement la fiche de la prise de courant. Ne mettez pas vos mains dans l\u2019eau.<br \/>x Lors d\u2019une utilisation dans la salle de bain, d\u00e9branchez l\u2019appareil apr\u00e8s utilisation, la proximit\u00e9 de l\u2019eau \u00e9tant susceptible de pr\u00e9senter un risque m\u00eame lorsque l\u2019appareil est \u00e9teint.<br \/>x Pour davantage de protection, l\u2019installation d\u2019un dispositif \u00e0 courant r\u00e9siduel (RDC) ayant un courant de fonctionnement r\u00e9siduel nominal ne d\u00e9passant pas 30 mA est conseill\u00e9e dans le circuit \u00e9lectrique alimentant la salle de bains. Demandez conseil \u00e0 l\u2019installateur. L\u2019installation de l\u2019appareil et son utilisation doivent cependant \u00eatre conformes aux normes en vigueur dans votre pays. Avertissement ! Blessures dues \u00e0 une mauvaise manipulation<br \/>x \u00c9teignez l\u2019appareil et d\u00e9branchez-le de la prise lorsqu\u2019il n\u2019est pas en service, avant d\u2019installer ou de retirer des accessoires et \u00e9galement avant de nettoyer l\u2019appareil.<br \/>x N\u2019utilisez jamais l\u2019appareil sur des cheveux synth\u00e9tiques<br \/>x Veillez tout particuli\u00e8rement \u00e0 \u00e9viter tout contact avec la peau, le visage et le cou.<br \/>Attention ! Risque d\u2019endommagement de l\u2019appareil<br \/>x N\u2019utilisez jamais l\u2019appareil sans faire attention !<br \/>x D\u00e9branchez syst\u00e9matiquement l\u2019appareil lorsqu\u2019il n\u2019est pas en service ou qu\u2019il est laiss\u00e9 sans surveillance.<br \/>x N\u2019enroulez pas le cordon autour de l\u2019appareil.<br \/>x N\u2019utilisez pas l\u2019appareil \u00e0 l\u2019ext\u00e9rieur ou dans des locaux humides.<br \/>x Ne portez jamais l\u2019appareil en le tenant par son cordon d\u2019alimentation.<br \/>x L\u2019utilisation entra\u00eene une chauffe de l\u2019appareil et des accessoires. Tenez-les \u00e0 l\u2019\u00e9cart des surfaces non r\u00e9sistantes \u00e0 la chaleur. Tenez-les \u00e0 l\u2019\u00e9cart de tout v\u00eatement, papier ou autre objet combustible et ne les couvrez pas.<br \/>x N\u2019appliquez jamais de produits capillaires directement sur l\u2019appareil. N\u2019orientez aucun spray dans sa direction.<br \/>x Laissez l\u2019appareil refroidir avant de le ranger.<\/p>\n<p>ENTRETIEN ET NETTOYAGE<br \/>x D\u00e9branchez toujours l\u2019appareil de la prise et laissez-le refroidir compl\u00e8tement avant toute op\u00e9ration de nettoyage.<br \/>x N\u2019utilisez pas de produits abrasifs ni de brosses \u00e0 r\u00e9curer. N\u2019utilisez pas d\u2019alcool ni de solvants.<br \/>x Essuyez le bo\u00eetier et les plaques en c\u00e9ramique avec un chiffon doux et l\u00e9g\u00e8rement humide, puis s\u00e9chez-les avec un chiffon doux et sec.<br \/>x N\u2019immergez jamais l\u2019appareil dans l\u2019eau ou tout autre liquide.<\/div>\n<\/div>\n<\/div>\n<\/div>\n<\/div>\n","protected":false},"excerpt":{"rendered":"<p>Points cl\u00e9s Barillets ondul\u00e9s pour une texture et un volume gaufr\u00e9s Introduit automatiquement les cheveux&hellip;<\/p>\n","protected":false},"featured_media":16930,"comment_status":"open","ping_status":"closed","template":"","meta":[],"pwb-brand":[668],"product_cat":[448],"product_tag":[177,449,407],"class_list":{"0":"post-27865","1":"product","2":"type-product","3":"status-publish","4":"has-post-thumbnail","6":"pwb-brand-ultron","7":"product_cat-lisseurs","8":"product_tag-electro-et-materiel","9":"product_tag-lisseurs","10":"product_tag-ultron","12":"first","13":"instock","14":"taxable","15":"shipping-taxable","16":"purchasable","17":"product-type-simple","18":"layout-style-3","19":"col-md-4 col-sm-4 col-xs-6","20":"col-lg-3","21":"product-has-gallery","22":"product-style-default"},"aioseo_notices":[],"brands":[{"id":668,"name":"Ultron","slug":"ultron"}],"_links":{"self":[{"href":"https:\/\/cheveuxluxe.com\/index.php\/wp-json\/wp\/v2\/product\/27865","targetHints":{"allow":["GET"]}}],"collection":[{"href":"https:\/\/cheveuxluxe.com\/index.php\/wp-json\/wp\/v2\/product"}],"about":[{"href":"https:\/\/cheveuxluxe.com\/index.php\/wp-json\/wp\/v2\/types\/product"}],"replies":[{"embeddable":true,"href":"https:\/\/cheveuxluxe.com\/index.php\/wp-json\/wp\/v2\/comments?post=27865"}],"version-history":[{"count":0,"href":"https:\/\/cheveuxluxe.com\/index.php\/wp-json\/wp\/v2\/product\/27865\/revisions"}],"wp:featuredmedia":[{"embeddable":true,"href":"https:\/\/cheveuxluxe.com\/index.php\/wp-json\/wp\/v2\/media\/16930"}],"wp:attachment":[{"href":"https:\/\/cheveuxluxe.com\/index.php\/wp-json\/wp\/v2\/media?parent=27865"}],"wp:term":[{"taxonomy":"pwb-brand","embeddable":true,"href":"https:\/\/cheveuxluxe.com\/index.php\/wp-json\/wp\/v2\/pwb-brand?post=27865"},{"taxonomy":"product_cat","embeddable":true,"href":"https:\/\/cheveuxluxe.com\/index.php\/wp-json\/wp\/v2\/product_cat?post=27865"},{"taxonomy":"product_tag","embeddable":true,"href":"https:\/\/cheveuxluxe.com\/index.php\/wp-json\/wp\/v2\/product_tag?post=27865"}],"curies":[{"name":"wp","href":"https:\/\/api.w.org\/{rel}","templated":true}]}}