{"id":27866,"date":"2024-04-09T21:05:58","date_gmt":"2024-04-09T21:05:58","guid":{"rendered":"https:\/\/cheveuxluxe.com\/index.php\/product\/ultron-airflux-fer-a-coiffer-a-flux-dair\/"},"modified":"2024-04-13T13:44:22","modified_gmt":"2024-04-13T13:44:22","slug":"ultron-airflux-fer-a-coiffer-a-flux-dair","status":"publish","type":"product","link":"https:\/\/cheveuxluxe.com\/index.php\/product\/ultron-airflux-fer-a-coiffer-a-flux-dair\/","title":{"rendered":"Ultron Airflux Fer \u00e0 Coiffer \u00e0 Flux d\u2019Air"},"content":{"rendered":"<div class=\"product-content_bottom\">\n<div class=\"pdp-info\">\n<div class=\"pdp-tabs tab-container\">\n<div class=\"tab js-tab\">\n<h3 class=\"tab-title pdp-tabs_title js-tab-mobile-title open\"><span>Points cl\u00e9s<\/span><\/h3>\n<div class=\"tab-description pdp-tabs_description js-tab-description open\" itemprop=\"description\">\n<ul>\n<li>Technologie de refroidissement de l\u2019air<\/li>\n<li>Ventilation et fixation des boucles \u00e0 360\u00b0<\/li>\n<li>Plaques flottantes en titane<\/li>\n<li>Finition mate au toucher doux<\/li>\n<li>5 r\u00e9glages de temp\u00e9rature : 140 \u00b0 &#8211; 220 \u00b0C<\/li>\n<li>Arr\u00eat automatique au bout de 30 minutes<\/li>\n<li>Voyant LED<\/li>\n<li>Cordon pivotant \u00e0 360\u00b0 de 3 m<\/li>\n<\/ul>\n<\/div>\n<\/div>\n<div class=\"tab js-tab\">\n<h3 class=\"tab-title pdp-tabs_title js-tab-mobile-title\"><span>Description<\/span><\/h3>\n<div class=\"tab-description pdp-tabs_description js-tab-description\" itemprop=\"description\">1. Innovation dernier cri combinant la mise en pli par la chaleur avec un flux d\u2019air froid<br \/>2. Cr\u00e9e un look longue dur\u00e9e avec un seul outil !<br \/>3. Ergonomique et l\u00e9ger, avec pince facile \u00e0 utiliser pour des coiffures lisses et boucl\u00e9es.<br \/>4. Ventilation \u00e0 360\u00b0 autour du barillet pour refroidir et fixer instantan\u00e9ment les boucles, similaire \u00e0 la fonction \u00ab souffle d\u2019air froid \u00bb des s\u00e8che-cheveux.<br \/>5. R\u00e9sultat : boucles rapides et longue dur\u00e9e.<br \/>6. Plaques flottantes en titane pour une r\u00e9partition homog\u00e8ne de la temp\u00e9rature.<br \/>7. R\u00e9glage de la temp\u00e9rature entre 140\u00b0 et 220\u00b0 C pour tous les types de cheveux.<\/div>\n<\/div>\n<div class=\"tab js-tab\">\n<h3 class=\"tab-title pdp-tabs_title js-tab-mobile-title\"><span>Mode d&#8217;emploi<\/span><\/h3>\n<div class=\"tab-description pdp-tabs_description js-tab-description\">CONSIGNES DE COIFFAGE<\/p>\n<p>Avant utilisation, s\u00e9chez et peignez soigneusement vos cheveux.<\/p>\n<p>LISSER LES CHEVEUX<br \/>1. Appuyez sur le bouton de d\u00e9verrouillage des plaques.<br \/>2. Placez une petite m\u00e8che (+\/- 2,5 cm) prise au niveau des racines entre les plaques chauffantes, pr\u00e8s du bouton de verrouillage.<br \/>3. En tenant l\u2019appareil parall\u00e8lement au sol, faites glisser doucement les cheveux des racines jusqu\u2019aux pointes.<br \/>4. R\u00e9p\u00e9tez l\u2019action si n\u00e9cessaire.<\/p>\n<p>BOUCLER LES CHEVEUX<br \/>1. Appuyez sur le bouton de d\u00e9verrouillage des plaques.<br \/>2. Placez une petite m\u00e8che (+\/- 2,5 cm) prise au niveau des racines entre les plaques chauffantes, pr\u00e8s du bouton de verrouillage.<br \/>3. Enroulez la m\u00e8che autour du fer \u00e0 coiffer tout en tournant l\u2019appareil afin de former une seule boucle de cheveux.<br \/>4. Tout en maintenant une pression constante et en gardant le bout de l\u2019appareil tourn\u00e9 vers le bas, faites-le glisser doucement le long des cheveux, des racines jusqu\u2019aux pointes, afin de former une boucle. Plus la m\u00e8che est enroul\u00e9e, et plus la boucle sera d\u00e9finie.<br \/>5. R\u00e9p\u00e9tez l\u2019action si n\u00e9cessaire.<\/div>\n<\/div>\n<div class=\"tab js-tab\">\n<h3 class=\"tab-title pdp-tabs_title js-tab-mobile-title\"><span>Livraison et stock<\/span><\/h3>\n<div class=\"tab-description pdp-tabs_description js-tab-description\">\n<div class=\"pdp-delivery_info\">\n<div class=\"content-asset\">Livraison et d\u00e9laisRetours et remboursements<\/div>\n<\/div>\n<\/div>\n<\/div>\n<div class=\"tab js-tab\">\n<h3 class=\"tab-title pdp-tabs_title js-tab-mobile-title\"><span>Pr\u00e9cautions d&#8217;emploi<\/span><\/h3>\n<div class=\"tab-description pdp-tabs_description js-tab-description\">N\u2019utilisez pas cet appareil \u00e0 proximit\u00e9 d\u2019une baignoire, d\u2019une douche, d\u2019un lavabo ou de tout autre r\u00e9cipient contenant de l\u2019eau.<\/p>\n<p>x Afin d\u2019\u00e9viter tout risque d\u2019\u00e9lectrocution, ne plongez jamais l\u2019appareil dans l\u2019eau ou ne le laissez pas en contact avec de l\u2019eau ou d\u2019autres liquides. N\u2019utilisez pas l\u2019appareil avec les mains mouill\u00e9es. Si l\u2019appareil est mouill\u00e9 ou tombe dans l\u2019eau, d\u00e9branchez imm\u00e9diatement la fiche de la prise de courant. Ne mettez pas vos mains dans l\u2019eau.<br \/>x Lors d\u2019une utilisation dans la salle de bain, d\u00e9branchez l\u2019appareil apr\u00e8s utilisation, la proximit\u00e9 de l\u2019eau \u00e9tant susceptible de pr\u00e9senter un risque m\u00eame lorsque l\u2019appareil est \u00e9teint.<br \/>x Pour davantage de protection, l\u2019installation d\u2019un dispositif \u00e0 courant r\u00e9siduel (RDC) ayant un courant de fonctionnement r\u00e9siduel nominal ne d\u00e9passant pas 30 mA est conseill\u00e9e dans le circuit \u00e9lectrique alimentant la salle de bains. Demandez conseil \u00e0 l\u2019installateur. L\u2019installation de l\u2019appareil et son utilisation doivent cependant \u00eatre conformes aux normes en vigueur dans votre pays. Avertissement ! Blessures dues \u00e0 une mauvaise manipulation<br \/>x \u00c9teignez l\u2019appareil et d\u00e9branchez-le de la prise lorsqu\u2019il n\u2019est pas en service, avant d\u2019installer ou de retirer des accessoires et \u00e9galement avant de nettoyer l\u2019appareil.<br \/>x N\u2019utilisez jamais l\u2019appareil sur des cheveux synth\u00e9tiques<br \/>x Veillez tout particuli\u00e8rement \u00e0 \u00e9viter tout contact avec la peau, le visage et le cou.<br \/>Attention ! Risque d\u2019endommagement de l\u2019appareil<br \/>x N\u2019utilisez jamais l\u2019appareil sans faire attention !<br \/>x D\u00e9branchez syst\u00e9matiquement l\u2019appareil lorsqu\u2019il n\u2019est pas en service ou qu\u2019il est laiss\u00e9 sans surveillance.<br \/>x N\u2019enroulez pas le cordon autour de l\u2019appareil.<br \/>x N\u2019utilisez pas l\u2019appareil \u00e0 l\u2019ext\u00e9rieur ou dans des locaux humides.<br \/>x Ne portez jamais l\u2019appareil en le tenant par son cordon d\u2019alimentation.<br \/>x L\u2019utilisation entra\u00eene une chauffe de l\u2019appareil et des accessoires. Tenez-les \u00e0 l\u2019\u00e9cart des surfaces non r\u00e9sistantes \u00e0 la chaleur. Tenez-les \u00e0 l\u2019\u00e9cart de tout v\u00eatement, papier ou autre objet combustible et ne les couvrez pas.<br \/>x N\u2019appliquez jamais de produits capillaires directement sur l\u2019appareil. N\u2019orientez aucun spray dans sa direction.<br \/>x Laissez l\u2019appareil refroidir avant de le ranger.<\/p>\n<p>ENTRETIEN ET NETTOYAGE<br \/>x D\u00e9branchez toujours l\u2019appareil de la prise et laissez-le refroidir compl\u00e8tement avant toute op\u00e9ration de nettoyage.<br \/>x N\u2019utilisez pas de produits abrasifs ni de brosses \u00e0 r\u00e9curer. N\u2019utilisez pas d\u2019alcool ni de solvants.<br \/>x Essuyez le bo\u00eetier et les plaques en c\u00e9ramique avec un chiffon doux et l\u00e9g\u00e8rement humide, puis s\u00e9chez-les avec un chiffon doux et sec.<br \/>x N\u2019immergez jamais l\u2019appareil dans l\u2019eau ou tout autre liquide.<\/div>\n<\/div>\n<\/div>\n<\/div>\n<\/div>\n","protected":false},"excerpt":{"rendered":"<p>Points cl\u00e9s Technologie de refroidissement de l\u2019air Ventilation et fixation des boucles \u00e0 360\u00b0 Plaques&hellip;<\/p>\n","protected":false},"featured_media":16936,"comment_status":"open","ping_status":"closed","template":"","meta":[],"pwb-brand":[668],"product_cat":[448],"product_tag":[177,449,407],"class_list":{"0":"post-27866","1":"product","2":"type-product","3":"status-publish","4":"has-post-thumbnail","6":"pwb-brand-ultron","7":"product_cat-lisseurs","8":"product_tag-electro-et-materiel","9":"product_tag-lisseurs","10":"product_tag-ultron","12":"first","13":"instock","14":"taxable","15":"shipping-taxable","16":"purchasable","17":"product-type-simple","18":"layout-style-3","19":"col-md-4 col-sm-4 col-xs-6","20":"col-lg-3","21":"product-has-gallery","22":"product-style-default"},"aioseo_notices":[],"brands":[{"id":668,"name":"Ultron","slug":"ultron"}],"_links":{"self":[{"href":"https:\/\/cheveuxluxe.com\/index.php\/wp-json\/wp\/v2\/product\/27866","targetHints":{"allow":["GET"]}}],"collection":[{"href":"https:\/\/cheveuxluxe.com\/index.php\/wp-json\/wp\/v2\/product"}],"about":[{"href":"https:\/\/cheveuxluxe.com\/index.php\/wp-json\/wp\/v2\/types\/product"}],"replies":[{"embeddable":true,"href":"https:\/\/cheveuxluxe.com\/index.php\/wp-json\/wp\/v2\/comments?post=27866"}],"version-history":[{"count":0,"href":"https:\/\/cheveuxluxe.com\/index.php\/wp-json\/wp\/v2\/product\/27866\/revisions"}],"wp:featuredmedia":[{"embeddable":true,"href":"https:\/\/cheveuxluxe.com\/index.php\/wp-json\/wp\/v2\/media\/16936"}],"wp:attachment":[{"href":"https:\/\/cheveuxluxe.com\/index.php\/wp-json\/wp\/v2\/media?parent=27866"}],"wp:term":[{"taxonomy":"pwb-brand","embeddable":true,"href":"https:\/\/cheveuxluxe.com\/index.php\/wp-json\/wp\/v2\/pwb-brand?post=27866"},{"taxonomy":"product_cat","embeddable":true,"href":"https:\/\/cheveuxluxe.com\/index.php\/wp-json\/wp\/v2\/product_cat?post=27866"},{"taxonomy":"product_tag","embeddable":true,"href":"https:\/\/cheveuxluxe.com\/index.php\/wp-json\/wp\/v2\/product_tag?post=27866"}],"curies":[{"name":"wp","href":"https:\/\/api.w.org\/{rel}","templated":true}]}}