{"id":27871,"date":"2024-04-09T21:06:00","date_gmt":"2024-04-09T21:06:00","guid":{"rendered":"https:\/\/cheveuxluxe.com\/index.php\/product\/proxelli-lisseur-professionel-lana-1\/"},"modified":"2024-04-13T14:23:50","modified_gmt":"2024-04-13T14:23:50","slug":"proxelli-lisseur-professionel-lana-1","status":"publish","type":"product","link":"https:\/\/cheveuxluxe.com\/index.php\/product\/proxelli-lisseur-professionel-lana-1\/","title":{"rendered":"Proxelli Lisseur Professionel Lana 1&Prime;"},"content":{"rendered":"<div class=\"product-content_bottom\">\n<div class=\"pdp-info\">\n<div class=\"pdp-tabs tab-container\">\n<div class=\"tab js-tab\">\n<h3 class=\"tab-title pdp-tabs_title js-tab-mobile-title open\"><span>Points cl\u00e9s<\/span><\/h3>\n<div class=\"tab-description pdp-tabs_description js-tab-description open\" itemprop=\"description\">\n<ul>\n<li> Plaques flottantes de 1 pouce (25&#215;100 mm)<\/li>\n<li>Chauffage rapide (80 \u00b0 -230 \u00b0 C)<\/li>\n<li>Ecran tactile<\/li>\n<li>8 \u00e9l\u00e9ments chauffants<\/li>\n<li>Tapis en silicone antid\u00e9rapant inclus <\/li>\n<\/ul>\n<\/div>\n<\/div>\n<div class=\"tab js-tab\">\n<h3 class=\"tab-title pdp-tabs_title js-tab-mobile-title\"><span>Description<\/span><\/h3>\n<div class=\"tab-description pdp-tabs_description js-tab-description\" itemprop=\"description\">Plaques flottantes de 1 pouce (25&#215;100 mm)<br \/>Chauffage rapide<br \/>R\u00e9glage de la temp\u00e9rature par \u00e9cran tactile (80 \u00b0 -230 \u00b0 C)<br \/>Bouton \u00ab\u00a0M\u00a0\u00bb: d\u00e9finit le mode id\u00e9al pour les cheveux fins (180 \u00b0 C), moyens (200 \u00b0 C) ou \u00e9pais (230 \u00b0 C)<br \/>8 \u00e9l\u00e9ments chauffants offrant une chaleur exceptionnelle: r\u00e9cup\u00e9ration de chaleur exceptionnelle et r\u00e9partition uniforme de la chaleur<br \/>Tapis en silicone antid\u00e9rapant inclus<\/div>\n<\/div>\n<div class=\"tab js-tab\">\n<h3 class=\"tab-title pdp-tabs_title js-tab-mobile-title\"><span>Livraison et stock<\/span><\/h3>\n<div class=\"tab-description pdp-tabs_description js-tab-description\">\n<div class=\"pdp-delivery_info\">\n<div class=\"content-asset\">Livraison et d\u00e9laisRetours et remboursements<\/div>\n<\/div>\n<\/div>\n<\/div>\n<\/div>\n<\/div>\n<\/div>\n","protected":false},"excerpt":{"rendered":"<p>Points cl\u00e9s Plaques flottantes de 1 pouce (25&#215;100 mm) Chauffage rapide (80 \u00b0 -230 \u00b0&hellip;<\/p>\n","protected":false},"featured_media":19372,"comment_status":"open","ping_status":"closed","template":"","meta":[],"pwb-brand":[665],"product_cat":[612],"product_tag":[613,395,127],"class_list":{"0":"post-27871","1":"product","2":"type-product","3":"status-publish","4":"has-post-thumbnail","6":"pwb-brand-proxelli","7":"product_cat-essentiels-coiffure-pour-etudiants","8":"product_tag-essentiels-coiffure-pour-etudiants","9":"product_tag-proxelli","10":"product_tag-shampooing-et-coiffure","12":"first","13":"instock","14":"taxable","15":"shipping-taxable","16":"purchasable","17":"product-type-simple","18":"layout-style-3","19":"col-md-4 col-sm-4 col-xs-6","20":"col-lg-3","21":"product-has-gallery","22":"product-style-default"},"aioseo_notices":[],"brands":[{"id":665,"name":"Proxelli","slug":"proxelli"}],"_links":{"self":[{"href":"https:\/\/cheveuxluxe.com\/index.php\/wp-json\/wp\/v2\/product\/27871","targetHints":{"allow":["GET"]}}],"collection":[{"href":"https:\/\/cheveuxluxe.com\/index.php\/wp-json\/wp\/v2\/product"}],"about":[{"href":"https:\/\/cheveuxluxe.com\/index.php\/wp-json\/wp\/v2\/types\/product"}],"replies":[{"embeddable":true,"href":"https:\/\/cheveuxluxe.com\/index.php\/wp-json\/wp\/v2\/comments?post=27871"}],"version-history":[{"count":0,"href":"https:\/\/cheveuxluxe.com\/index.php\/wp-json\/wp\/v2\/product\/27871\/revisions"}],"wp:featuredmedia":[{"embeddable":true,"href":"https:\/\/cheveuxluxe.com\/index.php\/wp-json\/wp\/v2\/media\/19372"}],"wp:attachment":[{"href":"https:\/\/cheveuxluxe.com\/index.php\/wp-json\/wp\/v2\/media?parent=27871"}],"wp:term":[{"taxonomy":"pwb-brand","embeddable":true,"href":"https:\/\/cheveuxluxe.com\/index.php\/wp-json\/wp\/v2\/pwb-brand?post=27871"},{"taxonomy":"product_cat","embeddable":true,"href":"https:\/\/cheveuxluxe.com\/index.php\/wp-json\/wp\/v2\/product_cat?post=27871"},{"taxonomy":"product_tag","embeddable":true,"href":"https:\/\/cheveuxluxe.com\/index.php\/wp-json\/wp\/v2\/product_tag?post=27871"}],"curies":[{"name":"wp","href":"https:\/\/api.w.org\/{rel}","templated":true}]}}