{"id":27912,"date":"2024-04-09T21:07:50","date_gmt":"2024-04-09T21:07:50","guid":{"rendered":"https:\/\/cheveuxluxe.com\/index.php\/product\/babyliss-pro-curling-iron-deep-waver\/"},"modified":"2024-04-13T15:47:20","modified_gmt":"2024-04-13T15:47:20","slug":"babyliss-pro-curling-iron-deep-waver","status":"publish","type":"product","link":"https:\/\/cheveuxluxe.com\/index.php\/product\/babyliss-pro-curling-iron-deep-waver\/","title":{"rendered":"BaByliss Pro Curling Iron Deep Waver"},"content":{"rendered":"<div class=\"product-content_bottom\">\n<div class=\"pdp-info\">\n<div class=\"pdp-tabs tab-container\">\n<div class=\"tab js-tab\">\n<h3 class=\"tab-title pdp-tabs_title js-tab-mobile-title open\"><span>Points cl\u00e9s<\/span><\/h3>\n<div class=\"tab-description pdp-tabs_description js-tab-description open\" itemprop=\"description\">\n<ul>\n<li>Plaques extra larges en titane-c\u00e9ramique pour une texture et une brillance instantan\u00e9es<\/li>\n<li>Plaques chauffantes en c\u00e9ramique ultra-performantes<\/li>\n<li>Contr\u00f4le constant et r\u00e9gul\u00e9 de la temp\u00e9rature<\/li>\n<li>5\u00a0r\u00e9glages num\u00e9riques de la temp\u00e9rature jusqu&rsquo;\u00e0 210\u00b0C<\/li>\n<li>Tapis chauffant avec compartiment de stockage<\/li>\n<li>Longueur de salon\u00a0: 2,7\u00a0m de cordon pivotant<\/li>\n<\/ul>\n<\/div>\n<\/div>\n<div class=\"tab js-tab\">\n<h3 class=\"tab-title pdp-tabs_title js-tab-mobile-title\"><span>Description<\/span><\/h3>\n<div class=\"tab-description pdp-tabs_description js-tab-description\" itemprop=\"description\">\n<p>Cr\u00e9ez instantan\u00e9ment des ondulations et des textures gr\u00e2ce \u00e0 ce styler professionnel si simple \u00e0 utiliser. Il suffit de tenir les cheveux pendant quelques secondes pour obtenir de superbes vagues de plage avec un fini brillant. Les plaques ondulantes extra-larges compos\u00e9es d\u2019un m\u00e9lange parfait de titane-c\u00e9ramique permettent un transfert de chaleur avanc\u00e9 pour des r\u00e9sultats instantan\u00e9s m\u00eame \u00e0 basse temp\u00e9rature. La technologie de chauffage c\u00e9ramique garantit que la chaleur des plaques reste constante \u00e0 tout moment pour des r\u00e9sultats de coiffage garantis et durables.<\/p>\n<p>\u00a0<\/p>\n<ul>\n<li>Tr\u00e8s larges plaques de titane-c\u00e9ramique pour des ondulations profondes et sans frisottis<\/li>\n<li>Des \u00e9l\u00e9ments chauffants en c\u00e9ramique perfectionn\u00e9s permettent de chauffer en 15\u00a0secondes avec un contr\u00f4le constant et r\u00e9gul\u00e9 de la temp\u00e9rature<\/li>\n<li>5\u00a0r\u00e9glages num\u00e9riques de la temp\u00e9rature jusqu&rsquo;\u00e0 210\u00b0C<\/li>\n<li>Conseil de s\u00e9curit\u00e9 pour le refroidissement<\/li>\n<li>Cordon pivotant de 2,7\u00a0m de long pour faciliter l&rsquo;utilisation<\/li>\n<li>Tapis chauffant avec compartiment de rangement pour plus de commodit\u00e9 et de s\u00e9curit\u00e9<\/li>\n<\/ul>\n<p>\u00a0<\/p>\n<p>Contenu de la bo\u00eete\u00a0: Tapis chauffant avec compartiment de rangement, cordon pivotant de 2,7\u00a0m de long<\/p>\n<p>\u00a0<\/p>\n<\/div>\n<\/div>\n<div class=\"tab js-tab\">\n<h3 class=\"tab-title pdp-tabs_title js-tab-mobile-title\"><span>Mode d&#8217;emploi<\/span><\/h3>\n<div class=\"tab-description pdp-tabs_description js-tab-description\">\n<p>1. Prenez une m\u00e8che de cheveux et placez-la entre les plaques sup\u00e9rieure et inf\u00e9rieure du styler. La plaque sup\u00e9rieure du styler doit \u00eatre orient\u00e9e \u00e0 l&rsquo;oppos\u00e9 de la t\u00eate (la plaque de base plate prot\u00e9gera votre visage).<\/p>\n<p>2. Serrez les poign\u00e9es ensemble jusqu&rsquo;\u00e0 ce qu&rsquo;elles se ferment et maintenez-les en place pendant 5\u00a0secondes maximum. Veillez \u00e0 \u00e9viter que les surfaces chaudes du styler n&rsquo;entrent en contact avec la peau, en particulier les yeux, les oreilles, le visage et le cou.<\/p>\n<p>3. Rel\u00e2chez les poign\u00e9es, d\u00e9placez doucement le styler vers le bas de la m\u00e8che et repositionnez-le pour qu&rsquo;il chevauche la derni\u00e8re vague cr\u00e9\u00e9e, afin d&rsquo;assurer un effet de vague continue dans les cheveux.<\/p>\n<p>4. Continuez \u00e0 descendre sur la m\u00e8che de cheveux, vers les pointes.<\/p>\n<\/div>\n<\/div>\n<div class=\"tab js-tab\">\n<h3 class=\"tab-title pdp-tabs_title js-tab-mobile-title\"><span>Livraison et stock<\/span><\/h3>\n<div class=\"tab-description pdp-tabs_description js-tab-description\">\n<div class=\"pdp-delivery_info\">\n<div class=\"content-asset\">Livraison et d\u00e9laisRetours et remboursements<\/div>\n<\/div>\n<\/div>\n<\/div>\n<\/div>\n<\/div>\n<\/div>\n","protected":false},"excerpt":{"rendered":"<p>Points cl\u00e9s Plaques extra larges en titane-c\u00e9ramique pour une texture et une brillance instantan\u00e9es Plaques&hellip;<\/p>\n","protected":false},"featured_media":27911,"comment_status":"open","ping_status":"closed","template":"","meta":[],"pwb-brand":[629],"product_cat":[451],"product_tag":[405,452,177],"class_list":{"0":"post-27912","1":"product","2":"type-product","3":"status-publish","4":"has-post-thumbnail","6":"pwb-brand-babyliss-pro","7":"product_cat-boucleurs","8":"product_tag-babyliss-pro","9":"product_tag-boucleurs","10":"product_tag-electro-et-materiel","12":"first","13":"instock","14":"taxable","15":"shipping-taxable","16":"purchasable","17":"product-type-simple","18":"layout-style-3","19":"col-md-4 col-sm-4 col-xs-6","20":"col-lg-3","21":"product-style-default"},"aioseo_notices":[],"brands":[{"id":629,"name":"BaByliss PRO","slug":"babyliss-pro"}],"_links":{"self":[{"href":"https:\/\/cheveuxluxe.com\/index.php\/wp-json\/wp\/v2\/product\/27912","targetHints":{"allow":["GET"]}}],"collection":[{"href":"https:\/\/cheveuxluxe.com\/index.php\/wp-json\/wp\/v2\/product"}],"about":[{"href":"https:\/\/cheveuxluxe.com\/index.php\/wp-json\/wp\/v2\/types\/product"}],"replies":[{"embeddable":true,"href":"https:\/\/cheveuxluxe.com\/index.php\/wp-json\/wp\/v2\/comments?post=27912"}],"version-history":[{"count":0,"href":"https:\/\/cheveuxluxe.com\/index.php\/wp-json\/wp\/v2\/product\/27912\/revisions"}],"wp:featuredmedia":[{"embeddable":true,"href":"https:\/\/cheveuxluxe.com\/index.php\/wp-json\/wp\/v2\/media\/27911"}],"wp:attachment":[{"href":"https:\/\/cheveuxluxe.com\/index.php\/wp-json\/wp\/v2\/media?parent=27912"}],"wp:term":[{"taxonomy":"pwb-brand","embeddable":true,"href":"https:\/\/cheveuxluxe.com\/index.php\/wp-json\/wp\/v2\/pwb-brand?post=27912"},{"taxonomy":"product_cat","embeddable":true,"href":"https:\/\/cheveuxluxe.com\/index.php\/wp-json\/wp\/v2\/product_cat?post=27912"},{"taxonomy":"product_tag","embeddable":true,"href":"https:\/\/cheveuxluxe.com\/index.php\/wp-json\/wp\/v2\/product_tag?post=27912"}],"curies":[{"name":"wp","href":"https:\/\/api.w.org\/{rel}","templated":true}]}}