{"id":27928,"date":"2024-04-09T21:08:20","date_gmt":"2024-04-09T21:08:20","guid":{"rendered":"https:\/\/cheveuxluxe.com\/index.php\/product\/babyliss-pro-4-artists-fer-a-boucler-keratin-lustre-32mm\/"},"modified":"2024-04-13T16:17:38","modified_gmt":"2024-04-13T16:17:38","slug":"babyliss-pro-4-artists-fer-a-boucler-keratin-lustre-32mm","status":"publish","type":"product","link":"https:\/\/cheveuxluxe.com\/index.php\/product\/babyliss-pro-4-artists-fer-a-boucler-keratin-lustre-32mm\/","title":{"rendered":"BaByliss Pro 4 Artists Fer \u00e0 Boucler Keratin Lustre 32mm"},"content":{"rendered":"<div class=\"product-content_bottom\">\n<div class=\"pdp-info\">\n<div class=\"pdp-tabs tab-container\">\n<div class=\"tab js-tab\">\n<h3 class=\"tab-title pdp-tabs_title js-tab-mobile-title open\"><span>Points cl\u00e9s<\/span><\/h3>\n<div class=\"tab-description pdp-tabs_description js-tab-description open\" itemprop=\"description\">\n<ul>\n<li> Tube extra long technologie KERATIN LUSTRE<\/li>\n<li>Contr\u00f4le pr\u00e9cis de la temp\u00e9rature<\/li>\n<li>Mise \u00e0 temp\u00e9rature et r\u00e9cup\u00e9ration rapides<\/li>\n<li>Haute temp\u00e9rature jusqu\u2019\u00e0 210\u00b0 C<\/li>\n<li>Affichage et r\u00e9glage digital temp\u00e9rature 11 niveaux<\/li>\n<li>Embout isolant<\/li>\n<li>Support de protection<\/li>\n<li>Arr\u00eat automatique pour la s\u00e9curit\u00e9<\/li>\n<li>Cordon d\u2019alimentation rotatif de 3 m<\/li>\n<li>Trousse thermor\u00e9sistante pratique et s\u00fbre<\/li>\n<li>Gant de protection thermor\u00e9sistant <\/li>\n<\/ul>\n<\/div>\n<\/div>\n<div class=\"tab js-tab\">\n<h3 class=\"tab-title pdp-tabs_title js-tab-mobile-title\"><span>Description<\/span><\/h3>\n<div class=\"tab-description pdp-tabs_description js-tab-description\" itemprop=\"description\">Les fers \u00e0 boucler Babyliss DIGICURL permettent de r\u00e9aliser des boucles soyeuses et qui durent longtemps gr\u00e2ce \u00e0 leurs tubes chauffants KERATIN LUSTRE extra-longs et \u00e0 une haute temp\u00e9rature jusqu\u2019\u00e0 210\u00b0 C. L\u2019\u00e9l\u00e9ment chauffant tr\u00e8s performant permet un r\u00e9glage tr\u00e8s pr\u00e9cis de la temp\u00e9rature, une chauffe rapide et une r\u00e9partition totalement homog\u00e8ne de la chaleur pour des r\u00e9sultats rapides et durables.Keratin Lustre :Les fers \u00e0 boucler Babyliss DIGICURL sont dot\u00e9s de tubes chauffants en c\u00e9ramique infus\u00e9e de k\u00e9ratine. Cette technologie apporte douceur et brillance \u00e0 la chevelure.Tubes chauffants extra longs :Les outils parfaits pour une utilisation sur cheveux longs \u00e0 tr\u00e8s longs. Le tube chauffant extra-long offre 60% de surface de chauffe et de boucle en plus ! Un r\u00e9el gain de temps et une garantie des meilleurs r\u00e9sultats, les cheveux longs pouvant \u00eatre enroul\u00e9s sur toute la longueur du tube sans chevauchement.L\u2019affichage digital de la temp\u00e9rature permet de contr\u00f4ler en permanence le niveau de temp\u00e9rature s\u00e9lectionn\u00e9. Il clignote jusqu\u2019\u00e0 ce que la temp\u00e9rature s\u00e9lectionn\u00e9e soit atteinte.<\/div>\n<\/div>\n<div class=\"tab js-tab\">\n<h3 class=\"tab-title pdp-tabs_title js-tab-mobile-title\"><span>Mode d&#8217;emploi<\/span><\/h3>\n<div class=\"tab-description pdp-tabs_description js-tab-description\">Contr\u00f4le, s\u00e9curit\u00e9 et totale libert\u00e9 de cr\u00e9ation :Les fers \u00e0 boucler Babyliss DIGICURL ne disposent pas de levier pour une libert\u00e9 totale en utilisation.11 niveaux de r\u00e9glage de la temp\u00e9rature \u00e0 choisir entre 160\u00b0C et 210\u00b0C offrent la garantie de plus de protection de la fibre capillaire et permettent une utilisation sur tous types de cheveux.Les fers \u00e0 boucler Babyliss DIGICURL disposent d\u2019une fonction d\u2019arr\u00eat automatique. En cas d\u2019utilisation prolong\u00e9e au-del\u00e0 de 72 minutes, ils s\u2019arr\u00eateront automatiquement pour une s\u00e9curit\u00e9 totale.Veillez \u00e0 rester vigilants lors de la manipulation de l\u2019outil, c\u2019est un produit \u00e0 haute temp\u00e9rature.<\/div>\n<\/div>\n<div class=\"tab js-tab\">\n<h3 class=\"tab-title pdp-tabs_title js-tab-mobile-title\"><span>Livraison et stock<\/span><\/h3>\n<div class=\"tab-description pdp-tabs_description js-tab-description\">\n<div class=\"pdp-delivery_info\">\n<div class=\"content-asset\">Livraison et d\u00e9laisRetours et remboursements<\/div>\n<\/div>\n<\/div>\n<\/div>\n<\/div>\n<\/div>\n<\/div>\n","protected":false},"excerpt":{"rendered":"<p>Points cl\u00e9s Tube extra long technologie KERATIN LUSTRE Contr\u00f4le pr\u00e9cis de la temp\u00e9rature Mise \u00e0&hellip;<\/p>\n","protected":false},"featured_media":16965,"comment_status":"open","ping_status":"closed","template":"","meta":[],"pwb-brand":[629],"product_cat":[451],"product_tag":[405,452,177],"class_list":{"0":"post-27928","1":"product","2":"type-product","3":"status-publish","4":"has-post-thumbnail","6":"pwb-brand-babyliss-pro","7":"product_cat-boucleurs","8":"product_tag-babyliss-pro","9":"product_tag-boucleurs","10":"product_tag-electro-et-materiel","12":"first","13":"instock","14":"taxable","15":"shipping-taxable","16":"purchasable","17":"product-type-simple","18":"layout-style-3","19":"col-md-4 col-sm-4 col-xs-6","20":"col-lg-3","21":"product-style-default"},"aioseo_notices":[],"brands":[{"id":629,"name":"BaByliss PRO","slug":"babyliss-pro"}],"_links":{"self":[{"href":"https:\/\/cheveuxluxe.com\/index.php\/wp-json\/wp\/v2\/product\/27928","targetHints":{"allow":["GET"]}}],"collection":[{"href":"https:\/\/cheveuxluxe.com\/index.php\/wp-json\/wp\/v2\/product"}],"about":[{"href":"https:\/\/cheveuxluxe.com\/index.php\/wp-json\/wp\/v2\/types\/product"}],"replies":[{"embeddable":true,"href":"https:\/\/cheveuxluxe.com\/index.php\/wp-json\/wp\/v2\/comments?post=27928"}],"version-history":[{"count":0,"href":"https:\/\/cheveuxluxe.com\/index.php\/wp-json\/wp\/v2\/product\/27928\/revisions"}],"wp:featuredmedia":[{"embeddable":true,"href":"https:\/\/cheveuxluxe.com\/index.php\/wp-json\/wp\/v2\/media\/16965"}],"wp:attachment":[{"href":"https:\/\/cheveuxluxe.com\/index.php\/wp-json\/wp\/v2\/media?parent=27928"}],"wp:term":[{"taxonomy":"pwb-brand","embeddable":true,"href":"https:\/\/cheveuxluxe.com\/index.php\/wp-json\/wp\/v2\/pwb-brand?post=27928"},{"taxonomy":"product_cat","embeddable":true,"href":"https:\/\/cheveuxluxe.com\/index.php\/wp-json\/wp\/v2\/product_cat?post=27928"},{"taxonomy":"product_tag","embeddable":true,"href":"https:\/\/cheveuxluxe.com\/index.php\/wp-json\/wp\/v2\/product_tag?post=27928"}],"curies":[{"name":"wp","href":"https:\/\/api.w.org\/{rel}","templated":true}]}}