{"id":27941,"date":"2024-04-09T21:08:46","date_gmt":"2024-04-09T21:08:46","guid":{"rendered":"https:\/\/cheveuxluxe.com\/index.php\/product\/ghd-rise-brosse-chauffante\/"},"modified":"2024-04-13T13:44:43","modified_gmt":"2024-04-13T13:44:43","slug":"ghd-rise-brosse-chauffante","status":"publish","type":"product","link":"https:\/\/cheveuxluxe.com\/index.php\/product\/ghd-rise-brosse-chauffante\/","title":{"rendered":"ghd Rise Brosse Chauffante"},"content":{"rendered":"<div class=\"product-content_bottom\">\n<div class=\"pdp-info\">\n<div class=\"pdp-tabs tab-container\">\n<div class=\"tab js-tab\">\n<h3 class=\"tab-title pdp-tabs_title js-tab-mobile-title open\"><span>Points cl\u00e9s<\/span><\/h3>\n<div class=\"tab-description pdp-tabs_description js-tab-description open\" itemprop=\"description\">\n<ul>\n<li>Corps chauffant de 32mm : la taille parfaite pour donner du corps et du rebond aux cheveux<\/li>\n<li>Technologie ultra-zone\u2122 : dot\u00e9e de capteurs Infinity mesurant 250 fois par seconde que la temp\u00e9rature optimale de coiffage est maintenue en continu, pour un coiffage parfait en un seul passage<\/li>\n<li>Temp\u00e9rature optimale de coiffage de 185\u00b0C : pour obtenir des r\u00e9sultats exceptionnels et durables, sans compromettre la sant\u00e9 de vos cheveux. Id\u00e9ale pour tous les types de cheveux<\/li>\n<li>Picots : 5mm, en nylon, con\u00e7us pour cr\u00e9er un volume maximal et offrir une glisse agr\u00e9able sur les longueurs<\/li>\n<li>L\u00e9ger, design ergonomique et cordon professionnel rotatif de 2,7m : pour plus de confort lors de l&rsquo;utilisation<\/li>\n<li>Stabilisateur en silicone : pour prot\u00e9ger les surfaces<\/li>\n<li>Mode veille automatique : d\u00e8s 30 minutes d&rsquo;inutilisation<\/li>\n<li>Voltage universel<\/li>\n<li>Prise europ\u00e9enne<\/li>\n<li>Garantie : 2 ans<\/li>\n<\/ul>\n<\/div>\n<\/div>\n<div class=\"tab js-tab\">\n<h3 class=\"tab-title pdp-tabs_title js-tab-mobile-title\"><span>Description<\/span><\/h3>\n<div class=\"tab-description pdp-tabs_description js-tab-description\" itemprop=\"description\">\n<p>D\u00e9couvrez ghd rise\u2122, la nouvelle brosse volume professionnelle de ghd, id\u00e9ale pour donner du volume en racine et de la mati\u00e8re aux longueurs*. Pour cette ann\u00e9e o\u00f9 le volume r\u00e8gne d\u00e9sormais en ma\u00eetre, n&rsquo;attendez plus pour apprendre \u00e0 r\u00e9aliser une multitude de looks avec ghd rise : lissage tout en volume, ondulations a\u00e9riennes, brushing boucl\u00e9&#8230; facilement.<\/p>\n<p><strong>R\u00e9sultats <\/strong>: 2x fois de volume* de la racine \u00e0 la pointe, coiffage durable, cheveux doux, brillants, le tout sans chaleur extr\u00eame.<\/p>\n<p><strong>Id\u00e9al pour :<\/strong> Pour tous types et longueurs de cheveux.<\/p>\n<p><strong>Comment ?<\/strong> La brosse chauffante ghd rise contient le meilleur de la technologie ghd &#8211; la technologie ultra-zone\u2122 &#8211; pour une exp\u00e9rience sur-mesure, un r\u00e9sultat parfait et un coiffage respectueux de la fibre capillaire. Ses picots en nylon de 5mm ont \u00e9t\u00e9 sp\u00e9cialement con\u00e7us pour un contact au plus proche de la racine et un d\u00e9collement maximal, tout en pr\u00e9servant le cuir chevelu de la chaleur. Son corps de 32mm de diam\u00e8tre quant \u00e0 lui est id\u00e9al pour cr\u00e9er du volume et donner du rebond sur n&rsquo;importe quelle longueur des cheveux. Les outils ghd dipose d&rsquo;une temp\u00e9rature unique de 185\u00b0C, sp\u00e9cialement \u00e9tudi\u00e9e pour coiffer parfaitement tous les types de cheveux, dans le plus grand respect de la fibre capillaire.<\/p>\n<p><strong>Ce coffret contient<\/strong> : la brosse volume ghd rise\u2122<\/p>\n<p>*vs cheveux s\u00e9ch\u00e9s naturellement\u00a0<\/p>\n<\/div>\n<\/div>\n<div class=\"tab js-tab\">\n<h3 class=\"tab-title pdp-tabs_title js-tab-mobile-title\"><span>Mode d&#8217;emploi<\/span><\/h3>\n<div class=\"tab-description pdp-tabs_description js-tab-description\">\n<p>1. \u00c0 utiliser sur cheveux secs uniquement. D\u00e9m\u00ealer les cheveux au pr\u00e9alable.<\/p>\n<p>2. Pr\u00e9parer les cheveux avec un voile de spray thermoprotecteur.<\/p>\n<p>3. Prendre une m\u00e8che et placer ghd rise sous la m\u00e8che, en racine. Attendre 5 \u00e0 8 secondes.<\/p>\n<p>4. Faire glisser ghd rise jusqu&rsquo;\u00e0 la pointe en donnant le mouvement souhait\u00e9.<\/p>\n<p>5. R\u00e9p\u00e9ter sur l&rsquo;ensemble de la chevelure.<\/p>\n<\/div>\n<\/div>\n<div class=\"tab js-tab\">\n<h3 class=\"tab-title pdp-tabs_title js-tab-mobile-title\"><span>Livraison et stock<\/span><\/h3>\n<div class=\"tab-description pdp-tabs_description js-tab-description\">\n<div class=\"pdp-delivery_info\">\n<div class=\"content-asset\">Livraison et d\u00e9laisRetours et remboursements<\/div>\n<\/div>\n<\/div>\n<\/div>\n<div class=\"tab js-tab\">\n<h3 class=\"tab-title pdp-tabs_title js-tab-mobile-title\"><span>Pr\u00e9cautions d&#8217;emploi<\/span><\/h3>\n<div class=\"tab-description pdp-tabs_description js-tab-description\">\n<p>MISE EN GARDE: Ne pas utiliser cet appareil pr\u00e8s de l&rsquo;eau. MISE EN GARDE: Ne pas utiliser cet appareil \u00e0 proximit\u00e9 des baignoires, des douches, des lavabos ou autres r\u00e9cipients contenant de l&rsquo;eau. N&rsquo;utilisez jamais l&rsquo;appareil si celui-ci ne fonctionne pas correctement, si le cordon ou la prise sont endommag\u00e9s. Si le c\u00e2ble d&rsquo;alimentation est endommag\u00e9, il doit \u00eatre remplac\u00e9 par le fabricant Jemella Ltd, ou son service apr\u00e8s-vente ou des personnes de qualification similaire afin d&rsquo;\u00e9viter un danger.<\/p>\n<p>Cliquez ici pour les consignes de s\u00e9curit\u00e9<\/p>\n<\/div>\n<\/div>\n<\/div>\n<\/div>\n<\/div>\n","protected":false},"excerpt":{"rendered":"<p>Points cl\u00e9s Corps chauffant de 32mm : la taille parfaite pour donner du corps et&hellip;<\/p>\n","protected":false},"featured_media":27933,"comment_status":"open","ping_status":"closed","template":"","meta":[],"pwb-brand":[679],"product_cat":[453],"product_tag":[454,177,440],"class_list":{"0":"post-27941","1":"product","2":"type-product","3":"status-publish","4":"has-post-thumbnail","6":"pwb-brand-ghd","7":"product_cat-brosses-soufflantes","8":"product_tag-brosses-soufflantes","9":"product_tag-electro-et-materiel","10":"product_tag-ghd","12":"first","13":"instock","14":"taxable","15":"shipping-taxable","16":"purchasable","17":"product-type-simple","18":"layout-style-3","19":"col-md-4 col-sm-4 col-xs-6","20":"col-lg-3","21":"product-has-gallery","22":"product-style-default"},"aioseo_notices":[],"brands":[{"id":679,"name":"ghd","slug":"ghd"}],"_links":{"self":[{"href":"https:\/\/cheveuxluxe.com\/index.php\/wp-json\/wp\/v2\/product\/27941","targetHints":{"allow":["GET"]}}],"collection":[{"href":"https:\/\/cheveuxluxe.com\/index.php\/wp-json\/wp\/v2\/product"}],"about":[{"href":"https:\/\/cheveuxluxe.com\/index.php\/wp-json\/wp\/v2\/types\/product"}],"replies":[{"embeddable":true,"href":"https:\/\/cheveuxluxe.com\/index.php\/wp-json\/wp\/v2\/comments?post=27941"}],"version-history":[{"count":0,"href":"https:\/\/cheveuxluxe.com\/index.php\/wp-json\/wp\/v2\/product\/27941\/revisions"}],"wp:featuredmedia":[{"embeddable":true,"href":"https:\/\/cheveuxluxe.com\/index.php\/wp-json\/wp\/v2\/media\/27933"}],"wp:attachment":[{"href":"https:\/\/cheveuxluxe.com\/index.php\/wp-json\/wp\/v2\/media?parent=27941"}],"wp:term":[{"taxonomy":"pwb-brand","embeddable":true,"href":"https:\/\/cheveuxluxe.com\/index.php\/wp-json\/wp\/v2\/pwb-brand?post=27941"},{"taxonomy":"product_cat","embeddable":true,"href":"https:\/\/cheveuxluxe.com\/index.php\/wp-json\/wp\/v2\/product_cat?post=27941"},{"taxonomy":"product_tag","embeddable":true,"href":"https:\/\/cheveuxluxe.com\/index.php\/wp-json\/wp\/v2\/product_tag?post=27941"}],"curies":[{"name":"wp","href":"https:\/\/api.w.org\/{rel}","templated":true}]}}