{"id":27942,"date":"2024-04-09T21:08:49","date_gmt":"2024-04-09T21:08:49","guid":{"rendered":"https:\/\/cheveuxluxe.com\/index.php\/product\/babyliss-pro-brosse-soufflante-rotative-800\/"},"modified":"2024-04-13T16:17:37","modified_gmt":"2024-04-13T16:17:37","slug":"babyliss-pro-brosse-soufflante-rotative-800","status":"publish","type":"product","link":"https:\/\/cheveuxluxe.com\/index.php\/product\/babyliss-pro-brosse-soufflante-rotative-800\/","title":{"rendered":"BaByliss Pro Brosse Soufflante Rotative 800"},"content":{"rendered":"<div class=\"product-content_bottom\">\n<div class=\"pdp-info\">\n<div class=\"pdp-tabs tab-container\">\n<div class=\"tab js-tab\">\n<h3 class=\"tab-title pdp-tabs_title js-tab-mobile-title open\"><span>Points cl\u00e9s<\/span><\/h3>\n<div class=\"tab-description pdp-tabs_description js-tab-description open\" itemprop=\"description\">\n<ul>\n<li> Brosse soufflante<\/li>\n<li>C\u00e9ramique<\/li>\n<li>800 watts<\/li>\n<li>Brushing <\/li>\n<\/ul>\n<\/div>\n<\/div>\n<div class=\"tab js-tab\">\n<h3 class=\"tab-title pdp-tabs_title js-tab-mobile-title\"><span>Description<\/span><\/h3>\n<div class=\"tab-description pdp-tabs_description js-tab-description\" itemprop=\"description\">Finis les frisottis et l\u2019\u00e9lectricit\u00e9 statique ! Dot\u00e9e d\u2019un rev\u00eatement c\u00e9ramique, la brosse soufflante BaBylissPro\u00ae dispose de trois r\u00e9glages de temp\u00e9rature, dont une option d\u00e9di\u00e9e \u00e0 l\u2019air frais pour fixer la chevelure.Gr\u00e2ce aux poils de sanglier renforc\u00e9s de picots avec embouts en \u00e9poxyde, la brosse d\u00e9m\u00eale tr\u00e8s facilement la chevelure. \u00c0 la cl\u00e9, un brushing rapide et des cheveux impeccablement coiff\u00e9s.En variant les techniques, vous ma\u00eetrisez le volume du r\u00e9sultat final. En un tour de main, vous obtenez ce dont vous r\u00eaviez : un brushing \u00e9clatant, souple et dynamique, ou lisse et glamour !La brosse soufflante BaBylissPro\u00ae est parfaitement adapt\u00e9e au quotidien des professionnels. Son cordon rotatif de 2m70 est id\u00e9al pour travailler confortablement en salon ou \u00e0 domicile, et son filtre arri\u00e8re basculant facilite l\u2019entretien de votre appareil.Cet \u00e9quipement est fourni avec deux brosses rondes interchangeables de 40mm et 50mm.<\/div>\n<\/div>\n<div class=\"tab js-tab\">\n<h3 class=\"tab-title pdp-tabs_title js-tab-mobile-title\"><span>Mode d&#8217;emploi<\/span><\/h3>\n<div class=\"tab-description pdp-tabs_description js-tab-description\">Allumez la brosse soufflante rotative BaBylissPro\u00ae et s\u00e9lectionnez la temp\u00e9rature ad\u00e9quate. S\u00e9parez la chevelure en m\u00e8ches, que vous enroulerez autour de la brosse. Quand le brushing est termin\u00e9, stylisez les pointes et admirez le r\u00e9sultat !Vous pouvez utiliser la brosse BaBylissPro\u00ae sur cheveux secs ou humides.<\/div>\n<\/div>\n<div class=\"tab js-tab\">\n<h3 class=\"tab-title pdp-tabs_title js-tab-mobile-title\"><span>Livraison et stock<\/span><\/h3>\n<div class=\"tab-description pdp-tabs_description js-tab-description\">\n<div class=\"pdp-delivery_info\">\n<div class=\"content-asset\">Livraison et d\u00e9laisRetours et remboursements<\/div>\n<\/div>\n<\/div>\n<\/div>\n<\/div>\n<\/div>\n<\/div>\n","protected":false},"excerpt":{"rendered":"<p>Points cl\u00e9s Brosse soufflante C\u00e9ramique 800 watts Brushing Description Finis les frisottis et l\u2019\u00e9lectricit\u00e9 statique&hellip;<\/p>\n","protected":false},"featured_media":19926,"comment_status":"open","ping_status":"closed","template":"","meta":[],"pwb-brand":[629],"product_cat":[453],"product_tag":[405,454,177],"class_list":{"0":"post-27942","1":"product","2":"type-product","3":"status-publish","4":"has-post-thumbnail","6":"pwb-brand-babyliss-pro","7":"product_cat-brosses-soufflantes","8":"product_tag-babyliss-pro","9":"product_tag-brosses-soufflantes","10":"product_tag-electro-et-materiel","12":"first","13":"instock","14":"taxable","15":"shipping-taxable","16":"purchasable","17":"product-type-simple","18":"layout-style-3","19":"col-md-4 col-sm-4 col-xs-6","20":"col-lg-3","21":"product-has-gallery","22":"product-style-default"},"aioseo_notices":[],"brands":[{"id":629,"name":"BaByliss PRO","slug":"babyliss-pro"}],"_links":{"self":[{"href":"https:\/\/cheveuxluxe.com\/index.php\/wp-json\/wp\/v2\/product\/27942","targetHints":{"allow":["GET"]}}],"collection":[{"href":"https:\/\/cheveuxluxe.com\/index.php\/wp-json\/wp\/v2\/product"}],"about":[{"href":"https:\/\/cheveuxluxe.com\/index.php\/wp-json\/wp\/v2\/types\/product"}],"replies":[{"embeddable":true,"href":"https:\/\/cheveuxluxe.com\/index.php\/wp-json\/wp\/v2\/comments?post=27942"}],"version-history":[{"count":0,"href":"https:\/\/cheveuxluxe.com\/index.php\/wp-json\/wp\/v2\/product\/27942\/revisions"}],"wp:featuredmedia":[{"embeddable":true,"href":"https:\/\/cheveuxluxe.com\/index.php\/wp-json\/wp\/v2\/media\/19926"}],"wp:attachment":[{"href":"https:\/\/cheveuxluxe.com\/index.php\/wp-json\/wp\/v2\/media?parent=27942"}],"wp:term":[{"taxonomy":"pwb-brand","embeddable":true,"href":"https:\/\/cheveuxluxe.com\/index.php\/wp-json\/wp\/v2\/pwb-brand?post=27942"},{"taxonomy":"product_cat","embeddable":true,"href":"https:\/\/cheveuxluxe.com\/index.php\/wp-json\/wp\/v2\/product_cat?post=27942"},{"taxonomy":"product_tag","embeddable":true,"href":"https:\/\/cheveuxluxe.com\/index.php\/wp-json\/wp\/v2\/product_tag?post=27942"}],"curies":[{"name":"wp","href":"https:\/\/api.w.org\/{rel}","templated":true}]}}