{"id":27944,"date":"2024-04-09T21:08:52","date_gmt":"2024-04-09T21:08:52","guid":{"rendered":"https:\/\/cheveuxluxe.com\/index.php\/product\/babyliss-pro-brosse-ceramique-diametre-32mm\/"},"modified":"2024-04-13T13:44:46","modified_gmt":"2024-04-13T13:44:46","slug":"babyliss-pro-brosse-ceramique-diametre-32mm","status":"publish","type":"product","link":"https:\/\/cheveuxluxe.com\/index.php\/product\/babyliss-pro-brosse-ceramique-diametre-32mm\/","title":{"rendered":"Babyliss PRO Brosse C\u00e9ramique Diam\u00e8tre 32mm"},"content":{"rendered":"<div class=\"product-content_bottom\">\n<div class=\"pdp-info\">\n<div class=\"pdp-tabs tab-container\">\n<div class=\"tab js-tab\">\n<h3 class=\"tab-title pdp-tabs_title js-tab-mobile-title open\"><span>Points cl\u00e9s<\/span><\/h3>\n<div class=\"tab-description pdp-tabs_description js-tab-description open\" itemprop=\"description\">\n<ul>\n<li>Cordon professionnel 2,70 m<\/li>\n<li>Puissance de 700 W<\/li>\n<li>Diam\u00e8tre de 32 mm<\/li>\n<li>2 diff\u00e9rentes vitesses et temp\u00e9ratures<\/li>\n<\/ul>\n<\/div>\n<\/div>\n<div class=\"tab js-tab\">\n<h3 class=\"tab-title pdp-tabs_title js-tab-mobile-title\"><span>Description<\/span><\/h3>\n<div class=\"tab-description pdp-tabs_description js-tab-description\" itemprop=\"description\">\n<p>Pour ravir les clientes avec des brushings r\u00e9ussis, utilisez la brosse soufflante c\u00e9ramique de Babyliss !<\/p>\n<p>Avec sa technologie c\u00e9ramique, la chaleur se diffuse de fa\u00e7on homog\u00e8ne \u00e9cartant ainsi tout risque de surchauffe. 2 diff\u00e9rentes vitesses et temp\u00e9ratures sont possibles pour que la coiffure s\u2019adapte au souhait de la client\u00e8le.<\/p>\n<p>De plus, Babyliss simplifie la t\u00e2che avec des picots souples, une protection en \u00e9poxy aux extr\u00e9mit\u00e9s, une poign\u00e9e ergonomique pour une facilit\u00e9 de prise en main et un embout isolant.<\/p>\n<\/div>\n<\/div>\n<div class=\"tab js-tab\">\n<h3 class=\"tab-title pdp-tabs_title js-tab-mobile-title\"><span>Livraison et stock<\/span><\/h3>\n<div class=\"tab-description pdp-tabs_description js-tab-description\">\n<div class=\"pdp-delivery_info\">\n<div class=\"content-asset\">Livraison et d\u00e9laisRetours et remboursements<\/div>\n<\/div>\n<\/div>\n<\/div>\n<\/div>\n<\/div>\n<\/div>\n","protected":false},"excerpt":{"rendered":"<p>Points cl\u00e9s Cordon professionnel 2,70 m Puissance de 700 W Diam\u00e8tre de 32 mm 2&hellip;<\/p>\n","protected":false},"featured_media":27943,"comment_status":"open","ping_status":"closed","template":"","meta":[],"pwb-brand":[629],"product_cat":[453],"product_tag":[405,454,177],"class_list":{"0":"post-27944","1":"product","2":"type-product","3":"status-publish","4":"has-post-thumbnail","6":"pwb-brand-babyliss-pro","7":"product_cat-brosses-soufflantes","8":"product_tag-babyliss-pro","9":"product_tag-brosses-soufflantes","10":"product_tag-electro-et-materiel","12":"first","13":"instock","14":"taxable","15":"shipping-taxable","16":"purchasable","17":"product-type-simple","18":"layout-style-3","19":"col-md-4 col-sm-4 col-xs-6","20":"col-lg-3","21":"product-style-default"},"aioseo_notices":[],"brands":[{"id":629,"name":"BaByliss PRO","slug":"babyliss-pro"}],"_links":{"self":[{"href":"https:\/\/cheveuxluxe.com\/index.php\/wp-json\/wp\/v2\/product\/27944","targetHints":{"allow":["GET"]}}],"collection":[{"href":"https:\/\/cheveuxluxe.com\/index.php\/wp-json\/wp\/v2\/product"}],"about":[{"href":"https:\/\/cheveuxluxe.com\/index.php\/wp-json\/wp\/v2\/types\/product"}],"replies":[{"embeddable":true,"href":"https:\/\/cheveuxluxe.com\/index.php\/wp-json\/wp\/v2\/comments?post=27944"}],"version-history":[{"count":0,"href":"https:\/\/cheveuxluxe.com\/index.php\/wp-json\/wp\/v2\/product\/27944\/revisions"}],"wp:featuredmedia":[{"embeddable":true,"href":"https:\/\/cheveuxluxe.com\/index.php\/wp-json\/wp\/v2\/media\/27943"}],"wp:attachment":[{"href":"https:\/\/cheveuxluxe.com\/index.php\/wp-json\/wp\/v2\/media?parent=27944"}],"wp:term":[{"taxonomy":"pwb-brand","embeddable":true,"href":"https:\/\/cheveuxluxe.com\/index.php\/wp-json\/wp\/v2\/pwb-brand?post=27944"},{"taxonomy":"product_cat","embeddable":true,"href":"https:\/\/cheveuxluxe.com\/index.php\/wp-json\/wp\/v2\/product_cat?post=27944"},{"taxonomy":"product_tag","embeddable":true,"href":"https:\/\/cheveuxluxe.com\/index.php\/wp-json\/wp\/v2\/product_tag?post=27944"}],"curies":[{"name":"wp","href":"https:\/\/api.w.org\/{rel}","templated":true}]}}