{"id":27946,"date":"2024-04-09T21:08:52","date_gmt":"2024-04-09T21:08:52","guid":{"rendered":"https:\/\/cheveuxluxe.com\/index.php\/product\/jean-marin-mini-lampe-led-8w\/"},"modified":"2024-04-13T13:44:47","modified_gmt":"2024-04-13T13:44:47","slug":"jean-marin-mini-lampe-led-8w","status":"publish","type":"product","link":"https:\/\/cheveuxluxe.com\/index.php\/product\/jean-marin-mini-lampe-led-8w\/","title":{"rendered":"Jean Marin Mini lampe LED 8W"},"content":{"rendered":"<div class=\"product-content_bottom\">\n<div class=\"pdp-info\">\n<div class=\"pdp-tabs tab-container\">\n<div class=\"tab js-tab\">\n<h3 class=\"tab-title pdp-tabs_title js-tab-mobile-title open\"><span>Points cl\u00e9s<\/span><\/h3>\n<div class=\"tab-description pdp-tabs_description js-tab-description open\" itemprop=\"description\">\n<ul>\n<li> Pour vernis semi-permanent <\/li>\n<li>8 watts<\/li>\n<li>Minuteur 10, 30 et 60 secondes <\/li>\n<li>S\u00e9chage sur mesure <\/li>\n<\/ul>\n<\/div>\n<\/div>\n<div class=\"tab js-tab\">\n<h3 class=\"tab-title pdp-tabs_title js-tab-mobile-title\"><span>Description<\/span><\/h3>\n<div class=\"tab-description pdp-tabs_description js-tab-description\" itemprop=\"description\">Alliant innovation et expertise, la gamme Nails de Jean Marin vous promet des produits pens\u00e9s par des professionnels, pour les professionnels. Pour catalyser rapidement et efficacement , la marque de r\u00e9f\u00e9rence a con\u00e7u cette mini lampe LED 8W, sp\u00e9cialement destin\u00e9e aux vernis semi-permanents.La mini lampe LED de Jean Marin vous garantit un s\u00e9chage sur mesure gr\u00e2ce \u00e0 son minuteur 3 temps. Ainsi, pas de fausses notes : la dur\u00e9e d\u2019utilisation est r\u00e9glable et la lampe s\u2019arr\u00eate automatiquement, pour une tenue parfaite du vernis semi-permanent.Cette lampe affiche une tension de 100 V-240 V et de 50\/60 Hz pour une puissance de 12V et de 1250 mA. Avec son branchement sur secteur, aucun risque d\u2019un arr\u00eat intempestif de votre appareil en plein s\u00e9chage !<\/div>\n<\/div>\n<div class=\"tab js-tab\">\n<h3 class=\"tab-title pdp-tabs_title js-tab-mobile-title\"><span>Mode d&#8217;emploi<\/span><\/h3>\n<div class=\"tab-description pdp-tabs_description js-tab-description\">Cette lampe LED s\u2019utilise sur des vernis semi-permanents.Branchez la lampe LED Jean Marin sur le secteur. En vous servant du panneau de r\u00e9glage, ajustez le minuteur en fonction du temps de s\u00e9chage : 10, 30 ou 60 secondes. L&rsquo;\u00e9quipement s\u2019\u00e9teindra automatiquement.<\/div>\n<\/div>\n<div class=\"tab js-tab\">\n<h3 class=\"tab-title pdp-tabs_title js-tab-mobile-title\"><span>Livraison et stock<\/span><\/h3>\n<div class=\"tab-description pdp-tabs_description js-tab-description\">\n<div class=\"pdp-delivery_info\">\n<div class=\"content-asset\">Livraison et d\u00e9laisRetours et remboursements<\/div>\n<\/div>\n<\/div>\n<\/div>\n<\/div>\n<\/div>\n<\/div>\n","protected":false},"excerpt":{"rendered":"<p>Points cl\u00e9s Pour vernis semi-permanent 8 watts Minuteur 10, 30 et 60 secondes S\u00e9chage sur&hellip;<\/p>\n","protected":false},"featured_media":16999,"comment_status":"open","ping_status":"closed","template":"","meta":[],"pwb-brand":[683],"product_cat":[455],"product_tag":[177,456,194],"class_list":{"0":"post-27946","1":"product","2":"type-product","3":"status-publish","4":"has-post-thumbnail","6":"pwb-brand-jean-marin-nails","7":"product_cat-materiel-electrique-manucure","8":"product_tag-electro-et-materiel","9":"product_tag-jean-marin-nails","10":"product_tag-materiel-electrique-manucure","12":"first","13":"instock","14":"taxable","15":"shipping-taxable","16":"purchasable","17":"product-type-simple","18":"layout-style-3","19":"col-md-4 col-sm-4 col-xs-6","20":"col-lg-3","21":"product-style-default"},"aioseo_notices":[],"brands":[{"id":683,"name":"Jean Marin Nails","slug":"jean-marin-nails"}],"_links":{"self":[{"href":"https:\/\/cheveuxluxe.com\/index.php\/wp-json\/wp\/v2\/product\/27946","targetHints":{"allow":["GET"]}}],"collection":[{"href":"https:\/\/cheveuxluxe.com\/index.php\/wp-json\/wp\/v2\/product"}],"about":[{"href":"https:\/\/cheveuxluxe.com\/index.php\/wp-json\/wp\/v2\/types\/product"}],"replies":[{"embeddable":true,"href":"https:\/\/cheveuxluxe.com\/index.php\/wp-json\/wp\/v2\/comments?post=27946"}],"version-history":[{"count":0,"href":"https:\/\/cheveuxluxe.com\/index.php\/wp-json\/wp\/v2\/product\/27946\/revisions"}],"wp:featuredmedia":[{"embeddable":true,"href":"https:\/\/cheveuxluxe.com\/index.php\/wp-json\/wp\/v2\/media\/16999"}],"wp:attachment":[{"href":"https:\/\/cheveuxluxe.com\/index.php\/wp-json\/wp\/v2\/media?parent=27946"}],"wp:term":[{"taxonomy":"pwb-brand","embeddable":true,"href":"https:\/\/cheveuxluxe.com\/index.php\/wp-json\/wp\/v2\/pwb-brand?post=27946"},{"taxonomy":"product_cat","embeddable":true,"href":"https:\/\/cheveuxluxe.com\/index.php\/wp-json\/wp\/v2\/product_cat?post=27946"},{"taxonomy":"product_tag","embeddable":true,"href":"https:\/\/cheveuxluxe.com\/index.php\/wp-json\/wp\/v2\/product_tag?post=27946"}],"curies":[{"name":"wp","href":"https:\/\/api.w.org\/{rel}","templated":true}]}}