{"id":27953,"date":"2024-04-09T21:08:54","date_gmt":"2024-04-09T21:08:54","guid":{"rendered":"https:\/\/cheveuxluxe.com\/index.php\/product\/promed-ponceuse-a-ongles-professionnelle-promed-2020\/"},"modified":"2024-04-13T13:44:51","modified_gmt":"2024-04-13T13:44:51","slug":"promed-ponceuse-a-ongles-professionnelle-promed-2020","status":"publish","type":"product","link":"https:\/\/cheveuxluxe.com\/index.php\/product\/promed-ponceuse-a-ongles-professionnelle-promed-2020\/","title":{"rendered":"Promed Ponceuse \u00e0 ongles professionnelle Promed 2020"},"content":{"rendered":"<div class=\"product-content_bottom\">\n<div class=\"pdp-info\">\n<div class=\"pdp-tabs tab-container\">\n<div class=\"tab js-tab\">\n<h3 class=\"tab-title pdp-tabs_title js-tab-mobile-title open\"><span>Points cl\u00e9s<\/span><\/h3>\n<div class=\"tab-description pdp-tabs_description js-tab-description open\" itemprop=\"description\">\n<ul>\n<li> Usage professionnel<\/li>\n<li>Lime \u00e9lectrique <\/li>\n<li>20 000 T\/mn<\/li>\n<li>Ergonomique<\/li>\n<li>L\u00e9g\u00e8ret\u00e9 <\/li>\n<\/ul>\n<\/div>\n<\/div>\n<div class=\"tab js-tab\">\n<h3 class=\"tab-title pdp-tabs_title js-tab-mobile-title\"><span>Description<\/span><\/h3>\n<div class=\"tab-description pdp-tabs_description js-tab-description\" itemprop=\"description\">Tr\u00e8s performante, la Ponceuse \u00e0 ongles professionnelle Promed 2020 permet d&rsquo;ex\u00e9cuter de nombreux soins des ongles avec une grande facilit\u00e9 et une tr\u00e8s grande rapidit\u00e9. Ses caract\u00e9ristiques exclusives font d\u2019elle un appareil de pon\u00e7age de qualit\u00e9 qui ne vous fera jamais d\u00e9faut.Le poids l\u00e9ger de 150g permet une utilisation continue sans g\u00eane.La vitesse de rotation est r\u00e9glable de mani\u00e8re progressive jusqu&rsquo;\u00e0 20.000 tours par minutes et l&rsquo;appareil dispose d&rsquo;une p\u00e9dale (en option) qui permet de contr\u00f4ler la grande puissance du transformateur avec le bout du pied.Avec une poign\u00e9e refroidie par air et un manche ergonomique sans vibrations, le confort d&rsquo;utilisation est maximal. La fixation des embouts se fait tr\u00e8s simplement et permet de changer souvent de t\u00eates sans forcer.Investir dans cette lime \u00e9lectrique professionnelle vous permettra de vous d\u00e9marquez de votre concurrence tant son efficacit\u00e9 est grande. Votre salon de manucure deviendra vite une r\u00e9f\u00e9rence aupr\u00e8s de votre client\u00e8le.<\/div>\n<\/div>\n<div class=\"tab js-tab\">\n<h3 class=\"tab-title pdp-tabs_title js-tab-mobile-title\"><span>Mode d&#8217;emploi<\/span><\/h3>\n<div class=\"tab-description pdp-tabs_description js-tab-description\">Branchez la Ponceuse professionnelle Promed 2020 sur le courant \u00e9lectrique. Puis, utilisez l\u2019embout ad\u00e9quat selon l\u2019utilisation souhait\u00e9e. R\u00e9glez l\u2019appareil \u00e0 la vitesse d\u00e9sir\u00e9e et appuyez sur la p\u00e9dale pour faire fonctionner la ponceuse. Nettoyez et d\u00e9sinfectez les embouts apr\u00e8s chaque client pour \u00e9liminer les r\u00e9sidus de vernis, ongles ou solvants.<\/div>\n<\/div>\n<div class=\"tab js-tab\">\n<h3 class=\"tab-title pdp-tabs_title js-tab-mobile-title\"><span>Livraison et stock<\/span><\/h3>\n<div class=\"tab-description pdp-tabs_description js-tab-description\">\n<div class=\"pdp-delivery_info\">\n<div class=\"content-asset\">Livraison et d\u00e9laisRetours et remboursements<\/div>\n<\/div>\n<\/div>\n<\/div>\n<div class=\"tab js-tab\">\n<h3 class=\"tab-title pdp-tabs_title js-tab-mobile-title\"><span>Pr\u00e9cautions d&#8217;emploi<\/span><\/h3>\n<div class=\"tab-description pdp-tabs_description js-tab-description\">Les enfants ne doivent pas jouer avec l\u2019appareil.<br \/>Ne jamais laisser l\u2019appareil sans surveillance en pr\u00e9sence d\u2019enfants ou de personnes sans<br \/>exp\u00e9rience dans sa manipulation \u00e0 proximit\u00e9.<br \/>Uniquement utiliser l\u2019appareil dans le cadre des applications d\u00e9crites dans ce manuel.<br \/>Uniquement utiliser les embouts et accessoires recommand\u00e9s par le constructeur.<\/div>\n<\/div>\n<\/div>\n<\/div>\n<\/div>\n","protected":false},"excerpt":{"rendered":"<p>Points cl\u00e9s Usage professionnel Lime \u00e9lectrique 20 000 T\/mn Ergonomique L\u00e9g\u00e8ret\u00e9 Description Tr\u00e8s performante, la&hellip;<\/p>\n","protected":false},"featured_media":17010,"comment_status":"open","ping_status":"closed","template":"","meta":[],"pwb-brand":[684],"product_cat":[455],"product_tag":[177,194,457],"class_list":{"0":"post-27953","1":"product","2":"type-product","3":"status-publish","4":"has-post-thumbnail","6":"pwb-brand-promed","7":"product_cat-materiel-electrique-manucure","8":"product_tag-electro-et-materiel","9":"product_tag-materiel-electrique-manucure","10":"product_tag-promed","12":"first","13":"instock","14":"taxable","15":"shipping-taxable","16":"purchasable","17":"product-type-simple","18":"layout-style-3","19":"col-md-4 col-sm-4 col-xs-6","20":"col-lg-3","21":"product-has-gallery","22":"product-style-default"},"aioseo_notices":[],"brands":[{"id":684,"name":"Promed","slug":"promed"}],"_links":{"self":[{"href":"https:\/\/cheveuxluxe.com\/index.php\/wp-json\/wp\/v2\/product\/27953","targetHints":{"allow":["GET"]}}],"collection":[{"href":"https:\/\/cheveuxluxe.com\/index.php\/wp-json\/wp\/v2\/product"}],"about":[{"href":"https:\/\/cheveuxluxe.com\/index.php\/wp-json\/wp\/v2\/types\/product"}],"replies":[{"embeddable":true,"href":"https:\/\/cheveuxluxe.com\/index.php\/wp-json\/wp\/v2\/comments?post=27953"}],"version-history":[{"count":0,"href":"https:\/\/cheveuxluxe.com\/index.php\/wp-json\/wp\/v2\/product\/27953\/revisions"}],"wp:featuredmedia":[{"embeddable":true,"href":"https:\/\/cheveuxluxe.com\/index.php\/wp-json\/wp\/v2\/media\/17010"}],"wp:attachment":[{"href":"https:\/\/cheveuxluxe.com\/index.php\/wp-json\/wp\/v2\/media?parent=27953"}],"wp:term":[{"taxonomy":"pwb-brand","embeddable":true,"href":"https:\/\/cheveuxluxe.com\/index.php\/wp-json\/wp\/v2\/pwb-brand?post=27953"},{"taxonomy":"product_cat","embeddable":true,"href":"https:\/\/cheveuxluxe.com\/index.php\/wp-json\/wp\/v2\/product_cat?post=27953"},{"taxonomy":"product_tag","embeddable":true,"href":"https:\/\/cheveuxluxe.com\/index.php\/wp-json\/wp\/v2\/product_tag?post=27953"}],"curies":[{"name":"wp","href":"https:\/\/api.w.org\/{rel}","templated":true}]}}