{"id":27965,"date":"2024-04-09T21:09:09","date_gmt":"2024-04-09T21:09:09","guid":{"rendered":"https:\/\/cheveuxluxe.com\/index.php\/product\/geske-sonic-warm-cool-mask-9-in-1\/"},"modified":"2024-04-13T13:44:55","modified_gmt":"2024-04-13T13:44:55","slug":"geske-sonic-warm-cool-mask-9-in-1","status":"publish","type":"product","link":"https:\/\/cheveuxluxe.com\/index.php\/product\/geske-sonic-warm-cool-mask-9-in-1\/","title":{"rendered":"GESKE Sonic Warm &#038; Cool Mask | 9 in 1"},"content":{"rendered":"<div class=\"product-content_bottom\">\n<div class=\"pdp-info\">\n<div class=\"pdp-tabs tab-container\">\n<div class=\"tab js-tab\">\n<h3 class=\"tab-title pdp-tabs_title js-tab-mobile-title open\"><span>Points cl\u00e9s<\/span><\/h3>\n<div class=\"tab-description pdp-tabs_description js-tab-description open\" itemprop=\"description\">\n<ul>\n<li>Skin Scan &amp; Personal Routine Guide aliment\u00e9 par une technologie d\u2019intelligence artificielle de pointe pour vous assurer de tirer le meilleur parti de votre appareil<\/li>\n<li>SmartSonic Pulsation Technology qui d\u00e9loge les salissures et les r\u00e9sidus<\/li>\n<li>Cryo Deep Cooling Revitalizing Technology qui r\u00e9duit les poches et dynamise la peau<\/li>\n<li>Youthful Glow Massage Technology\u00a0: un miracle \u00e0 3\u00a0facettes qui lifte, raffermit et tonifie<\/li>\n<\/ul>\n<\/div>\n<\/div>\n<div class=\"tab js-tab\">\n<h3 class=\"tab-title pdp-tabs_title js-tab-mobile-title\"><span>Description<\/span><\/h3>\n<div class=\"tab-description pdp-tabs_description js-tab-description\" itemprop=\"description\">\n<p>Vous avez des journ\u00e9es agr\u00e9ables, des journ\u00e9es charg\u00e9es, des journ\u00e9es chaotiques, des journ\u00e9es aventureuses\u2026 votre peau aussi\u00a0! Selon la journ\u00e9e que votre peau a v\u00e9cue, elle peut avoir besoin d\u2019un suppl\u00e9ment d\u2019amour et de soins, ce qui est d\u00e9sormais simplifi\u00e9 gr\u00e2ce au SmartAppGuided\u2122 Sonic Warm &amp; Cool Mask | 9 in 1, prim\u00e9 au Cosmoprof Award 2022.<\/p>\n<p>Avec l\u2019application GESKE German Beauty Tech aliment\u00e9e par l\u2019IA, vous pouvez consulter les nombreuses Sessions vid\u00e9o d\u2019experts sur la fa\u00e7on de tirer le meilleur parti de votre masque. Besoin d\u2019avoir une peau douce et hydrat\u00e9e\u00a0? Chouchoutez votre peau avec une Session de Cryo Deep Cooling Mask. Le froid glacial ext\u00e9rieur s\u2019infiltre-t-il dans vos os\u00a0? Offrez-vous un chaleureux remontant avec une Session de Relaxing Deep Warming Mask. Il est temps de se d\u00e9tendre apr\u00e8s une journ\u00e9e longue et stressante\u00a0? Essayez la Session de Flawless Facial LED Sonic Massage pour un visage impeccable.<\/p>\n<p>Peu importe le probl\u00e8me de peau que vous essayez de traiter ou les Objectifs de peau que vous essayez d\u2019atteindre, le Sonic Warm &amp; Cool Mask | 9 in 1 s\u2019en occupe. Vous pouvez suivre les progr\u00e8s de votre peau en temps r\u00e9el tout en suivant votre Routine de soins de la peau personnalis\u00e9e sur l\u2019App GESKE German Beauty Tech. Le Sonic Warm &amp; Cool Mask | 9 in 1 s\u2019adresse aux zones suivantes de votre peau\u00a0:<\/p>\n<p>&#8211; Grain de la peau<br \/>&#8211; Ridules<br \/>&#8211; Cernes<br \/>&#8211; Peau grasse<br \/>&#8211; Impuret\u00e9s<br \/>&#8211; Poches sous les yeux<\/p>\n<p>Avec son design \u00e9l\u00e9gant et sexy, le Sonic Warm &amp; Cool Mask | 9 in 1 pr\u00e9sente les caract\u00e9ristiques et technologies innovantes suivantes, qui vous offriront une perfection \u00e9clatante\u00a0:<\/p>\n<p>&#8211; Pore-Opening Deep Warming Technology qui d\u00e9sincruste votre peau et la pr\u00e9pare pour votre routine<br \/>&#8211; Full Facial Hyper-Infusion Technology qui permet une absorption profonde des ingr\u00e9dients actifs des produits de soin de la peau<br \/>&#8211; Full-Spectrum LED Light Technology qui \u00e9met des lumi\u00e8res \u00e0 diff\u00e9rentes longueurs d\u2019onde pour stimuler la nutrition de la peau<br \/>&#8211; High Efficiency Depuffing System qui r\u00e9duit visiblement les poches, en particulier autour des yeux<br \/>&#8211; Eye-Nose Area Targeted Design pour un nettoyage et un massage pr\u00e9cis dans les zones difficiles d\u2019acc\u00e8s<\/p>\n<p>Oh, n\u2019oublions pas\u2026 Le Sonic Warm &amp; Cool Mask | 9 in 1 est dot\u00e9 du spectre complet des lumi\u00e8res LED, chaque couleur de LED apportant un b\u00e9n\u00e9fice particulier \u00e0 votre peau. Offrez \u00e0 votre peau une couleur diff\u00e9rente chaque jour\u00a0!<\/p>\n<p>Aliment\u00e9 par une technologie d\u2019IA de pointe, le puissant algorithme de l\u2019App GESKE German Beauty Tech analyse votre peau et vous recommande des appareils parfaitement adapt\u00e9s aux besoins de votre peau. D\u00e9finissez vos Objectifs de peau et suivez des milliers de Sessions de formation guid\u00e9es par vid\u00e9o afin de tirer le meilleur parti de votre appareil. Plongez dans l\u2019exp\u00e9rience in\u00e9dite d\u2019observer votre peau, en vous orientant vers une perfection visible gr\u00e2ce \u00e0 GESKE.<\/p>\n<p>Vous vous demandez probablement comment tout cela peut \u00eatre int\u00e9gr\u00e9 dans un seul appareil. Eh bien, ne vous contentez pas de croire GESKE sur parole\u00a0! Les pros de la mode du magazine ELLE ont \u00e9lu GESKE comme ELLE No.1 Beauty Innovation. Laissez la peau lisse et satin\u00e9e qui en r\u00e9sulte parler d\u2019elle-m\u00eame et procurez-vous votre Sonic Warm &amp; Cool Mask | 9 in 1 d\u00e8s maintenant\u00a0!<\/p>\n<\/div>\n<\/div>\n<div class=\"tab js-tab\">\n<h3 class=\"tab-title pdp-tabs_title js-tab-mobile-title\"><span>Livraison et stock<\/span><\/h3>\n<div class=\"tab-description pdp-tabs_description js-tab-description\">\n<div class=\"pdp-delivery_info\">\n<div class=\"content-asset\">Livraison et d\u00e9laisRetours et remboursements<\/div>\n<\/div>\n<\/div>\n<\/div>\n<\/div>\n<\/div>\n<\/div>\n","protected":false},"excerpt":{"rendered":"<p>Points cl\u00e9s Skin Scan &amp; Personal Routine Guide aliment\u00e9 par une technologie d\u2019intelligence artificielle de&hellip;<\/p>\n","protected":false},"featured_media":27960,"comment_status":"open","ping_status":"closed","template":"","meta":[],"pwb-brand":[685],"product_cat":[459],"product_tag":[177,461,460],"class_list":{"0":"post-27965","1":"product","2":"type-product","3":"status-publish","4":"has-post-thumbnail","6":"pwb-brand-geske","7":"product_cat-materiel-electrique-beaute","8":"product_tag-electro-et-materiel","9":"product_tag-geske","10":"product_tag-materiel-electrique-beaute","12":"first","13":"instock","14":"taxable","15":"shipping-taxable","16":"purchasable","17":"product-type-simple","18":"layout-style-3","19":"col-md-4 col-sm-4 col-xs-6","20":"col-lg-3","21":"product-has-gallery","22":"product-style-default"},"aioseo_notices":[],"brands":[{"id":685,"name":"GESKE","slug":"geske"}],"_links":{"self":[{"href":"https:\/\/cheveuxluxe.com\/index.php\/wp-json\/wp\/v2\/product\/27965","targetHints":{"allow":["GET"]}}],"collection":[{"href":"https:\/\/cheveuxluxe.com\/index.php\/wp-json\/wp\/v2\/product"}],"about":[{"href":"https:\/\/cheveuxluxe.com\/index.php\/wp-json\/wp\/v2\/types\/product"}],"replies":[{"embeddable":true,"href":"https:\/\/cheveuxluxe.com\/index.php\/wp-json\/wp\/v2\/comments?post=27965"}],"version-history":[{"count":0,"href":"https:\/\/cheveuxluxe.com\/index.php\/wp-json\/wp\/v2\/product\/27965\/revisions"}],"wp:featuredmedia":[{"embeddable":true,"href":"https:\/\/cheveuxluxe.com\/index.php\/wp-json\/wp\/v2\/media\/27960"}],"wp:attachment":[{"href":"https:\/\/cheveuxluxe.com\/index.php\/wp-json\/wp\/v2\/media?parent=27965"}],"wp:term":[{"taxonomy":"pwb-brand","embeddable":true,"href":"https:\/\/cheveuxluxe.com\/index.php\/wp-json\/wp\/v2\/pwb-brand?post=27965"},{"taxonomy":"product_cat","embeddable":true,"href":"https:\/\/cheveuxluxe.com\/index.php\/wp-json\/wp\/v2\/product_cat?post=27965"},{"taxonomy":"product_tag","embeddable":true,"href":"https:\/\/cheveuxluxe.com\/index.php\/wp-json\/wp\/v2\/product_tag?post=27965"}],"curies":[{"name":"wp","href":"https:\/\/api.w.org\/{rel}","templated":true}]}}