{"id":27972,"date":"2024-04-09T21:09:31","date_gmt":"2024-04-09T21:09:31","guid":{"rendered":"https:\/\/cheveuxluxe.com\/index.php\/product\/geske-hello-kitty-sonic-facial-brush-4-in-1\/"},"modified":"2024-04-13T13:44:56","modified_gmt":"2024-04-13T13:44:56","slug":"geske-hello-kitty-sonic-facial-brush-4-in-1","status":"publish","type":"product","link":"https:\/\/cheveuxluxe.com\/index.php\/product\/geske-hello-kitty-sonic-facial-brush-4-in-1\/","title":{"rendered":"GESKE Hello Kitty Sonic Facial Brush | 4 in 1"},"content":{"rendered":"<div class=\"product-content_bottom\">\n<div class=\"pdp-info\">\n<div class=\"pdp-tabs tab-container\">\n<div class=\"tab js-tab\">\n<h3 class=\"tab-title pdp-tabs_title js-tab-mobile-title open\"><span>Points cl\u00e9s<\/span><\/h3>\n<div class=\"tab-description pdp-tabs_description js-tab-description open\" itemprop=\"description\">\n<p>Y a-t-il quelque chose que la Sonic Facial Brush | 4 in 1 ne peut pas faire\u00a0?!<\/p>\n<p>Elle est \u00e9quip\u00e9e de\u00a0:<\/p>\n<ul>\n<li>Skin Scan &amp; Personal Routine Guide aliment\u00e9 par une technologie d\u2019intelligence artificielle de pointe pour vous assurer de tirer le meilleur parti de votre appareil<\/li>\n<li>SmartSonic Pulsation Technology qui d\u00e9loge les salissures et les r\u00e9sidus<\/li>\n<li>Ultra Hygienic Deep Cleansing Technology qui vous garantit une peau \u00e9clatante et sans imperfections<\/li>\n<li>Youthful Glow Massage Technology qui rend votre peau rajeunie et pr\u00eate \u00e0 affronter la journ\u00e9e<\/li>\n<\/ul>\n<\/div>\n<\/div>\n<div class=\"tab js-tab\">\n<h3 class=\"tab-title pdp-tabs_title js-tab-mobile-title\"><span>Description<\/span><\/h3>\n<div class=\"tab-description pdp-tabs_description js-tab-description\" itemprop=\"description\">\n<p>Une peau du visage parfaitement propre, hydrat\u00e9e et soigneusement mass\u00e9e, c\u2019est un cadeau que vous m\u00e9ritez chaque soir avant de vous coucher. R\u00e9alisez-le avec la SmartAppGuided\u2122 Sonic Facial Brush | 4 in 1 dans son adorable design Hello Kitty. Dot\u00e9e de puissantes technologies exclusives, la Sonic Facial Brush | 4 in 1 est l\u2019appareil \u00e0 dynamo de poche le plus mignon qui soit, et qui vous permet de nettoyer votre peau en profondeur, de la pr\u00e9parer \u00e0 absorber les ingr\u00e9dients des soins de la peau, de combattre les signes du vieillissement ou simplement de vous sentir bien repos\u00e9\u00b7e apr\u00e8s un d\u00e9licieux massage<\/p>\n<p>Cet appareil magique se concentre sur les zones suivantes de votre peau\u00a0:<\/p>\n<ul>\n<li>Hygi\u00e8ne<\/li>\n<li>Grain de la peau<\/li>\n<li>Peau grasse<\/li>\n<li>Impuret\u00e9s<\/li>\n<li>Massage<\/li>\n<li>Des Sessions vid\u00e9o guid\u00e9es d\u2019experts sur l\u2019App GESKE German Beauty Tech vous montrent \u00e0 quel point la Sonic Facial Brush | 4 in 1 est un master essentiel en mati\u00e8re de nettoyage et de massage.<\/li>\n<\/ul>\n<p>Aliment\u00e9 par une technologie d\u2019IA de pointe, le puissant algorithme de l\u2019App GESKE German Beauty Tech analyse votre peau et vous recommande des appareils parfaitement adapt\u00e9s aux besoins de votre peau. D\u00e9finissez vos Objectifs de peau et suivez des milliers de Sessions de formation guid\u00e9es par vid\u00e9o afin de tirer le meilleur parti de votre appareil. Plongez dans l\u2019exp\u00e9rience in\u00e9dite d\u2019observer votre peau, en vous orientant vers une perfection visible gr\u00e2ce \u00e0 GESKE<\/p>\n<p>Tous ces avantages dans un seul appareil compact\u00a0? Eh bien oui\u00a0! Les pros de la mode du magazine ELLE en sont \u00e9galement convaincus. \u00c9tant donn\u00e9 que GESKE German Beauty Tech a \u00e9t\u00e9 \u00e9lue par le magazine ELLE comme ELLE No.1 Beauty Innovation, vous pouvez \u00eatre s\u00fbr\u00b7e qu\u2019il suffit d\u00e9sormais de quelques Sessions avec votre Sonic Facial Brush | 4 in 1 pour vous sentir pr\u00eat\u00b7e pour la journ\u00e9e (ou la nuit\u00a0!).<\/p>\n<\/div>\n<\/div>\n<div class=\"tab js-tab\">\n<h3 class=\"tab-title pdp-tabs_title js-tab-mobile-title\"><span>Livraison et stock<\/span><\/h3>\n<div class=\"tab-description pdp-tabs_description js-tab-description\">\n<div class=\"pdp-delivery_info\">\n<div class=\"content-asset\">Livraison et d\u00e9laisRetours et remboursements<\/div>\n<\/div>\n<\/div>\n<\/div>\n<\/div>\n<\/div>\n<\/div>\n","protected":false},"excerpt":{"rendered":"<p>Points cl\u00e9s Y a-t-il quelque chose que la Sonic Facial Brush | 4 in 1&hellip;<\/p>\n","protected":false},"featured_media":27966,"comment_status":"open","ping_status":"closed","template":"","meta":[],"pwb-brand":[685],"product_cat":[459],"product_tag":[177,461,460],"class_list":{"0":"post-27972","1":"product","2":"type-product","3":"status-publish","4":"has-post-thumbnail","6":"pwb-brand-geske","7":"product_cat-materiel-electrique-beaute","8":"product_tag-electro-et-materiel","9":"product_tag-geske","10":"product_tag-materiel-electrique-beaute","12":"first","13":"instock","14":"taxable","15":"shipping-taxable","16":"purchasable","17":"product-type-simple","18":"layout-style-3","19":"col-md-4 col-sm-4 col-xs-6","20":"col-lg-3","21":"product-has-gallery","22":"product-style-default"},"aioseo_notices":[],"brands":[{"id":685,"name":"GESKE","slug":"geske"}],"_links":{"self":[{"href":"https:\/\/cheveuxluxe.com\/index.php\/wp-json\/wp\/v2\/product\/27972","targetHints":{"allow":["GET"]}}],"collection":[{"href":"https:\/\/cheveuxluxe.com\/index.php\/wp-json\/wp\/v2\/product"}],"about":[{"href":"https:\/\/cheveuxluxe.com\/index.php\/wp-json\/wp\/v2\/types\/product"}],"replies":[{"embeddable":true,"href":"https:\/\/cheveuxluxe.com\/index.php\/wp-json\/wp\/v2\/comments?post=27972"}],"version-history":[{"count":0,"href":"https:\/\/cheveuxluxe.com\/index.php\/wp-json\/wp\/v2\/product\/27972\/revisions"}],"wp:featuredmedia":[{"embeddable":true,"href":"https:\/\/cheveuxluxe.com\/index.php\/wp-json\/wp\/v2\/media\/27966"}],"wp:attachment":[{"href":"https:\/\/cheveuxluxe.com\/index.php\/wp-json\/wp\/v2\/media?parent=27972"}],"wp:term":[{"taxonomy":"pwb-brand","embeddable":true,"href":"https:\/\/cheveuxluxe.com\/index.php\/wp-json\/wp\/v2\/pwb-brand?post=27972"},{"taxonomy":"product_cat","embeddable":true,"href":"https:\/\/cheveuxluxe.com\/index.php\/wp-json\/wp\/v2\/product_cat?post=27972"},{"taxonomy":"product_tag","embeddable":true,"href":"https:\/\/cheveuxluxe.com\/index.php\/wp-json\/wp\/v2\/product_tag?post=27972"}],"curies":[{"name":"wp","href":"https:\/\/api.w.org\/{rel}","templated":true}]}}