{"id":27999,"date":"2024-04-09T21:10:42","date_gmt":"2024-04-09T21:10:42","guid":{"rendered":"https:\/\/cheveuxluxe.com\/index.php\/product\/geske-micro-current-face-life-pen-i-6-in-1\/"},"modified":"2024-04-13T13:45:01","modified_gmt":"2024-04-13T13:45:01","slug":"geske-micro-current-face-life-pen-i-6-in-1","status":"publish","type":"product","link":"https:\/\/cheveuxluxe.com\/index.php\/product\/geske-micro-current-face-life-pen-i-6-in-1\/","title":{"rendered":"GESKE Micro Current Face Life Pen I 6 in 1"},"content":{"rendered":"<div class=\"product-content_bottom\">\n<div class=\"pdp-info\">\n<div class=\"pdp-tabs tab-container\">\n<div class=\"tab js-tab\">\n<h3 class=\"tab-title pdp-tabs_title js-tab-mobile-title open\"><span>Points cl\u00e9s<\/span><\/h3>\n<div class=\"tab-description pdp-tabs_description js-tab-description open\" itemprop=\"description\">\n<p>Les Sessions vid\u00e9o d\u2019experts sur l\u2019App GESKE German Beauty Tech vous guident sur la fa\u00e7on de tirer le meilleur parti de votre appareil, qui est \u00e9quip\u00e9 de :<\/p>\n<p>-Skin Scan &amp; Personal Routine Guide aliment\u00e9 par une technologie d\u2019intelligence artificielle de pointe pour vous assurer de tirer le meilleur parti de votre appareil<br \/>&#8211; MicroCurrent Face-Lift Technology qui exerce plus de 65\u00a0muscles faciaux pour combattre les signes de l\u2019\u00e2ge<br \/>&#8211; SmartSonic Pulsation Technology qui d\u00e9loge les salissures et les r\u00e9sidus<br \/>&#8211; Ultra-Gentle Contouring &amp; Firming Spheres pour raffermir les contours de votre visage et d\u00e9clencher les processus de gu\u00e9rison naturels de la peau<br \/>&#8211; Anti-Aging Massage Technology pour vous rajeunir tout en combattant les ridules<br \/>&#8211; Low-Voltage Current pour garantir une utilisation s\u00fbre du produit<\/p>\n<\/div>\n<\/div>\n<div class=\"tab js-tab\">\n<h3 class=\"tab-title pdp-tabs_title js-tab-mobile-title\"><span>Description<\/span><\/h3>\n<div class=\"tab-description pdp-tabs_description js-tab-description\" itemprop=\"description\">\n<p>Consulter un dermatologue peut sembler chronophage et peser sur votre budget. Et vous ne pouvez pas vous emp\u00eacher de vous demander si tous ces efforts vous permettront d\u2019obtenir les r\u00e9sultats que vous d\u00e9sirez ? Absolument pas, cela peut \u00eatre r\u00e9alis\u00e9 dans le confort douillet de votre maison ou m\u00eame en d\u00e9placement gr\u00e2ce au SmartAppGuided\u2122 MicroCurrent Face-Lift Pen | 6 in 1.<\/p>\n<p>En plus d\u2019\u00eatre un accessoire de beaut\u00e9 qui tient dans votre sac \u00e0 main, votre MicroCurrent Face-Lift Pen | 6 in 1 est un miracle qui combat les signes de l\u2019\u00e2ge et raffermit, tonifie et lifte votre peau en quelques minutes.<\/p>\n<p>Alors, \u00eates-vous pr\u00eat\u00b7e \u00e0 dire adieu aux longues visites chez le dermatologue\u00a0? Le MicroCurrent Face-Lift Pen | 6 in 1 se concentre sur les zones suivantes de votre peau\u00a0:<\/p>\n<p>&#8211; Ridules<br \/>&#8211; Tonification de la peau<br \/>&#8211; \u00c9clat de la peau<br \/>&#8211; Massage<\/p>\n<p>Aliment\u00e9 par une technologie d\u2019IA de pointe, le puissant algorithme de l\u2019App GESKE German Beauty Tech analyse votre peau et vous recommande des appareils parfaitement adapt\u00e9s aux besoins de votre peau. D\u00e9finissez vos Objectifs de peau et suivez des milliers de Sessions de formation guid\u00e9es par vid\u00e9o afin de tirer le meilleur parti de votre appareil. Plongez dans l\u2019exp\u00e9rience in\u00e9dite d\u2019observer votre peau, en vous orientant vers une perfection visible gr\u00e2ce \u00e0 GESKE.<\/p>\n<p>Cela vous semble trop beau pour \u00eatre vrai\u00a0? Demandez simplement aux experts en beaut\u00e9 du magazine ELLE, qui ont \u00e9lu GESKE comme ELLE No.1 Beauty Innovation. Votre visage a besoin d\u2019un coup de fouet\u00a0? Prenez simplement votre MicroCurrent Face-Lift Pen | 6 in 1 et le tour est jou\u00e9\u00a0!<\/p>\n<\/div>\n<\/div>\n<div class=\"tab js-tab\">\n<h3 class=\"tab-title pdp-tabs_title js-tab-mobile-title\"><span>Livraison et stock<\/span><\/h3>\n<div class=\"tab-description pdp-tabs_description js-tab-description\">\n<div class=\"pdp-delivery_info\">\n<div class=\"content-asset\">Livraison et d\u00e9laisRetours et remboursements<\/div>\n<\/div>\n<\/div>\n<\/div>\n<\/div>\n<\/div>\n<\/div>\n","protected":false},"excerpt":{"rendered":"<p>Points cl\u00e9s Les Sessions vid\u00e9o d\u2019experts sur l\u2019App GESKE German Beauty Tech vous guident sur&hellip;<\/p>\n","protected":false},"featured_media":27993,"comment_status":"open","ping_status":"closed","template":"","meta":[],"pwb-brand":[685],"product_cat":[459],"product_tag":[177,461,460],"class_list":{"0":"post-27999","1":"product","2":"type-product","3":"status-publish","4":"has-post-thumbnail","6":"pwb-brand-geske","7":"product_cat-materiel-electrique-beaute","8":"product_tag-electro-et-materiel","9":"product_tag-geske","10":"product_tag-materiel-electrique-beaute","12":"first","13":"instock","14":"taxable","15":"shipping-taxable","16":"purchasable","17":"product-type-simple","18":"layout-style-3","19":"col-md-4 col-sm-4 col-xs-6","20":"col-lg-3","21":"product-has-gallery","22":"product-style-default"},"aioseo_notices":[],"brands":[{"id":685,"name":"GESKE","slug":"geske"}],"_links":{"self":[{"href":"https:\/\/cheveuxluxe.com\/index.php\/wp-json\/wp\/v2\/product\/27999","targetHints":{"allow":["GET"]}}],"collection":[{"href":"https:\/\/cheveuxluxe.com\/index.php\/wp-json\/wp\/v2\/product"}],"about":[{"href":"https:\/\/cheveuxluxe.com\/index.php\/wp-json\/wp\/v2\/types\/product"}],"replies":[{"embeddable":true,"href":"https:\/\/cheveuxluxe.com\/index.php\/wp-json\/wp\/v2\/comments?post=27999"}],"version-history":[{"count":0,"href":"https:\/\/cheveuxluxe.com\/index.php\/wp-json\/wp\/v2\/product\/27999\/revisions"}],"wp:featuredmedia":[{"embeddable":true,"href":"https:\/\/cheveuxluxe.com\/index.php\/wp-json\/wp\/v2\/media\/27993"}],"wp:attachment":[{"href":"https:\/\/cheveuxluxe.com\/index.php\/wp-json\/wp\/v2\/media?parent=27999"}],"wp:term":[{"taxonomy":"pwb-brand","embeddable":true,"href":"https:\/\/cheveuxluxe.com\/index.php\/wp-json\/wp\/v2\/pwb-brand?post=27999"},{"taxonomy":"product_cat","embeddable":true,"href":"https:\/\/cheveuxluxe.com\/index.php\/wp-json\/wp\/v2\/product_cat?post=27999"},{"taxonomy":"product_tag","embeddable":true,"href":"https:\/\/cheveuxluxe.com\/index.php\/wp-json\/wp\/v2\/product_tag?post=27999"}],"curies":[{"name":"wp","href":"https:\/\/api.w.org\/{rel}","templated":true}]}}