{"id":28012,"date":"2024-04-09T21:11:14","date_gmt":"2024-04-09T21:11:14","guid":{"rendered":"https:\/\/cheveuxluxe.com\/index.php\/product\/geske-sonic-facial-body-roller-4-in-1\/"},"modified":"2024-04-13T13:45:03","modified_gmt":"2024-04-13T13:45:03","slug":"geske-sonic-facial-body-roller-4-in-1","status":"publish","type":"product","link":"https:\/\/cheveuxluxe.com\/index.php\/product\/geske-sonic-facial-body-roller-4-in-1\/","title":{"rendered":"GESKE Sonic Facial &#038; Body Roller | 4 in 1"},"content":{"rendered":"<div class=\"product-content_bottom\">\n<div class=\"pdp-info\">\n<div class=\"pdp-tabs tab-container\">\n<div class=\"tab js-tab\">\n<h3 class=\"tab-title pdp-tabs_title js-tab-mobile-title open\"><span>Points cl\u00e9s<\/span><\/h3>\n<div class=\"tab-description pdp-tabs_description js-tab-description open\" itemprop=\"description\">\n<p>Dites adieu aux rendez-vous co\u00fbteux au spa et prenez les commandes en offrant \u00e0 votre peau un \u00e9clat de jeunesse en la rajeunissant et en la massant avec le Sonic Facial &amp; Body Roller | 4 in 1, \u00e9quip\u00e9 de\u00a0:<\/p>\n<p>&#8211; Skin Scan &amp; Personal Routine Guide aliment\u00e9 par une technologie d\u2019intelligence artificielle de pointe pour vous assurer de tirer le meilleur parti de votre appareil<br \/>&#8211; SmartSonic Pulsation Technology qui d\u00e9loge les salissures et les r\u00e9sidus<br \/>&#8211; 3D Contouring &amp; Firming Waves qui soulagent les tensions musculaires et r\u00e9duisent les poches<br \/>&#8211; Smoothing &amp; Tightening Skin Massage pour dynamiser et \u00e9claircir la peau<\/p>\n<\/div>\n<\/div>\n<div class=\"tab js-tab\">\n<h3 class=\"tab-title pdp-tabs_title js-tab-mobile-title\"><span>Description<\/span><\/h3>\n<div class=\"tab-description pdp-tabs_description js-tab-description\" itemprop=\"description\">\n<p>Vous \u00eates \u00e9puis\u00e9\u00b7e apr\u00e8s une longue journ\u00e9e\u00a0? Vous n\u2019avez pas envie de sortir avec vos amis\u00a0? Vous avez besoin d\u2019un regain de confiance avant d\u2019enfiler ce maillot de bain\u00a0? GESKE a la solution id\u00e9ale pour vous. D\u00e9tendez-vous ou rechargez vos batteries en d\u00e9placement avec le SmartAppGuided\u2122 Sonic Facial &amp; Body Roller | 4 in 1.<\/p>\n<p>Id\u00e9al pour un massage relaxant, une stimulation cutan\u00e9e et un effet raffermissant, le Sonic Facial &amp; Body Roller | 4 in 1 se concentre sur les aspects suivants de votre peau\u00a0:<\/p>\n<p>&#8211; Grain de la peau<br \/>&#8211; Tonification de la peau<br \/>&#8211; Massage<\/p>\n<p>Aliment\u00e9 par une technologie d\u2019IA de pointe, le puissant algorithme de l\u2019App GESKE German Beauty Tech analyse votre peau et vous recommande des appareils parfaitement adapt\u00e9s aux besoins de votre peau. D\u00e9finissez vos Objectifs de peau et suivez des milliers de Sessions de formation guid\u00e9es par vid\u00e9o afin de tirer le meilleur parti de votre appareil. Plongez dans l\u2019exp\u00e9rience in\u00e9dite d\u2019observer votre peau, en vous orientant vers une perfection visible gr\u00e2ce \u00e0 GESKE.<\/p>\n<p>Faites envie \u00e0 tout le monde en affichant une peau souple, lisse et rafra\u00eechie apr\u00e8s un massage revigorant avec votre Sonic Facial &amp; Body Roller | 4 in 1. Cela vous semble trop beau pour \u00eatre vrai\u00a0? GESKE a obtenu la reconnaissance des pros de la mode du magazine ELLE, qui l\u2019ont d\u00e9sign\u00e9e comme Elle No.1 Beauty Innovation. Obtenez cet \u00e9clat et ce glamour gr\u00e2ce au Sonic Facial &amp; Body Roller | 4 in 1.<\/p>\n<\/div>\n<\/div>\n<div class=\"tab js-tab\">\n<h3 class=\"tab-title pdp-tabs_title js-tab-mobile-title\"><span>Livraison et stock<\/span><\/h3>\n<div class=\"tab-description pdp-tabs_description js-tab-description\">\n<div class=\"pdp-delivery_info\">\n<div class=\"content-asset\">Livraison et d\u00e9laisRetours et remboursements<\/div>\n<\/div>\n<\/div>\n<\/div>\n<\/div>\n<\/div>\n<\/div>\n","protected":false},"excerpt":{"rendered":"<p>Points cl\u00e9s Dites adieu aux rendez-vous co\u00fbteux au spa et prenez les commandes en offrant&hellip;<\/p>\n","protected":false},"featured_media":28006,"comment_status":"open","ping_status":"closed","template":"","meta":[],"pwb-brand":[685],"product_cat":[459],"product_tag":[177,461,460],"class_list":{"0":"post-28012","1":"product","2":"type-product","3":"status-publish","4":"has-post-thumbnail","6":"pwb-brand-geske","7":"product_cat-materiel-electrique-beaute","8":"product_tag-electro-et-materiel","9":"product_tag-geske","10":"product_tag-materiel-electrique-beaute","12":"first","13":"instock","14":"taxable","15":"shipping-taxable","16":"purchasable","17":"product-type-simple","18":"layout-style-3","19":"col-md-4 col-sm-4 col-xs-6","20":"col-lg-3","21":"product-has-gallery","22":"product-style-default"},"aioseo_notices":[],"brands":[{"id":685,"name":"GESKE","slug":"geske"}],"_links":{"self":[{"href":"https:\/\/cheveuxluxe.com\/index.php\/wp-json\/wp\/v2\/product\/28012","targetHints":{"allow":["GET"]}}],"collection":[{"href":"https:\/\/cheveuxluxe.com\/index.php\/wp-json\/wp\/v2\/product"}],"about":[{"href":"https:\/\/cheveuxluxe.com\/index.php\/wp-json\/wp\/v2\/types\/product"}],"replies":[{"embeddable":true,"href":"https:\/\/cheveuxluxe.com\/index.php\/wp-json\/wp\/v2\/comments?post=28012"}],"version-history":[{"count":0,"href":"https:\/\/cheveuxluxe.com\/index.php\/wp-json\/wp\/v2\/product\/28012\/revisions"}],"wp:featuredmedia":[{"embeddable":true,"href":"https:\/\/cheveuxluxe.com\/index.php\/wp-json\/wp\/v2\/media\/28006"}],"wp:attachment":[{"href":"https:\/\/cheveuxluxe.com\/index.php\/wp-json\/wp\/v2\/media?parent=28012"}],"wp:term":[{"taxonomy":"pwb-brand","embeddable":true,"href":"https:\/\/cheveuxluxe.com\/index.php\/wp-json\/wp\/v2\/pwb-brand?post=28012"},{"taxonomy":"product_cat","embeddable":true,"href":"https:\/\/cheveuxluxe.com\/index.php\/wp-json\/wp\/v2\/product_cat?post=28012"},{"taxonomy":"product_tag","embeddable":true,"href":"https:\/\/cheveuxluxe.com\/index.php\/wp-json\/wp\/v2\/product_tag?post=28012"}],"curies":[{"name":"wp","href":"https:\/\/api.w.org\/{rel}","templated":true}]}}