{"id":28054,"date":"2024-04-09T21:15:34","date_gmt":"2024-04-09T21:15:34","guid":{"rendered":"https:\/\/cheveuxluxe.com\/index.php\/product\/sibel-valise-tabouret-rollercoaster-rose-gold\/"},"modified":"2024-04-13T13:53:09","modified_gmt":"2024-04-13T13:53:09","slug":"sibel-valise-tabouret-rollercoaster-rose-gold","status":"publish","type":"product","link":"https:\/\/cheveuxluxe.com\/index.php\/product\/sibel-valise-tabouret-rollercoaster-rose-gold\/","title":{"rendered":"Sibel Valise-tabouret Rollercoaster Rose Gold"},"content":{"rendered":"<div class=\"product-content_bottom\">\n<div class=\"pdp-info\">\n<div class=\"pdp-tabs tab-container\">\n<div class=\"tab js-tab\">\n<h3 class=\"tab-title pdp-tabs_title js-tab-mobile-title open\"><span>Points cl\u00e9s<\/span><\/h3>\n<div class=\"tab-description pdp-tabs_description js-tab-description open\" itemprop=\"description\">\n<ul>\n<li>Tabouret, valise et table de service 3 en 1<\/li>\n<li> Les roues anti-cheveux permettent un mouvement silencieux<\/li>\n<li>Stockez les outils dans une valise<\/li>\n<li>Utilisez une table de service pour la coloration<\/li>\n<\/ul>\n<\/div>\n<\/div>\n<div class=\"tab js-tab\">\n<h3 class=\"tab-title pdp-tabs_title js-tab-mobile-title\"><span>Description<\/span><\/h3>\n<div class=\"tab-description pdp-tabs_description js-tab-description\" itemprop=\"description\">Plus de mal de dos pour les coiffeurs \u00e0 domicile ! Ce tabouret tout-en-un avec roues anti-cheveux vous permet de graviter en silence tout en rangeant vos outils pour un transport facile. Dot\u00e9 d&rsquo;une gamme de solutions de rangement astucieuses, le tabouret permet de ranger vos outils en toute s\u00e9curit\u00e9, tandis que le plateau plat offre une table de service sur laquelle on peut placer du mat\u00e9riel de coloration. Avec le chariot Rollercoaster, enlever les cheveux de vos roues appartient au pass\u00e9\u00a0! Le premier tabouret sans entretien, garanti. Dans une \u00e9l\u00e9gante combinaison de couleurs or rose et noire.<\/p>\n<p>Hauteur\u00a0: 61\u00a0cm. Largeur : 38\u00a0cm. Profondeur : 32\u00a0cm<br \/>Poids\u00a0: 7,4\u00a0kg<\/div>\n<\/div>\n<div class=\"tab js-tab\">\n<h3 class=\"tab-title pdp-tabs_title js-tab-mobile-title\"><span>Livraison et stock<\/span><\/h3>\n<div class=\"tab-description pdp-tabs_description js-tab-description\">\n<div class=\"pdp-delivery_info\">\n<div class=\"content-asset\">Livraison et d\u00e9laisRetours et remboursements<\/div>\n<\/div>\n<\/div>\n<\/div>\n<\/div>\n<\/div>\n<\/div>\n","protected":false},"excerpt":{"rendered":"<p>Points cl\u00e9s Tabouret, valise et table de service 3 en 1 Les roues anti-cheveux permettent&hellip;<\/p>\n","protected":false},"featured_media":17222,"comment_status":"open","ping_status":"closed","template":"","meta":[],"pwb-brand":[652],"product_cat":[557],"product_tag":[200,168,342],"class_list":{"0":"post-28054","1":"product","2":"type-product","3":"status-publish","4":"has-post-thumbnail","6":"pwb-brand-sibel","7":"product_cat-coiffure-et-beaute-a-domicile","8":"product_tag-coiffure-et-beaute-a-domicile","9":"product_tag-equipement-de-salon","10":"product_tag-sibel","12":"first","13":"instock","14":"taxable","15":"shipping-taxable","16":"purchasable","17":"product-type-simple","18":"layout-style-3","19":"col-md-4 col-sm-4 col-xs-6","20":"col-lg-3","21":"product-has-gallery","22":"product-style-default"},"aioseo_notices":[],"brands":[{"id":652,"name":"Sibel","slug":"sibel"}],"_links":{"self":[{"href":"https:\/\/cheveuxluxe.com\/index.php\/wp-json\/wp\/v2\/product\/28054","targetHints":{"allow":["GET"]}}],"collection":[{"href":"https:\/\/cheveuxluxe.com\/index.php\/wp-json\/wp\/v2\/product"}],"about":[{"href":"https:\/\/cheveuxluxe.com\/index.php\/wp-json\/wp\/v2\/types\/product"}],"replies":[{"embeddable":true,"href":"https:\/\/cheveuxluxe.com\/index.php\/wp-json\/wp\/v2\/comments?post=28054"}],"version-history":[{"count":0,"href":"https:\/\/cheveuxluxe.com\/index.php\/wp-json\/wp\/v2\/product\/28054\/revisions"}],"wp:featuredmedia":[{"embeddable":true,"href":"https:\/\/cheveuxluxe.com\/index.php\/wp-json\/wp\/v2\/media\/17222"}],"wp:attachment":[{"href":"https:\/\/cheveuxluxe.com\/index.php\/wp-json\/wp\/v2\/media?parent=28054"}],"wp:term":[{"taxonomy":"pwb-brand","embeddable":true,"href":"https:\/\/cheveuxluxe.com\/index.php\/wp-json\/wp\/v2\/pwb-brand?post=28054"},{"taxonomy":"product_cat","embeddable":true,"href":"https:\/\/cheveuxluxe.com\/index.php\/wp-json\/wp\/v2\/product_cat?post=28054"},{"taxonomy":"product_tag","embeddable":true,"href":"https:\/\/cheveuxluxe.com\/index.php\/wp-json\/wp\/v2\/product_tag?post=28054"}],"curies":[{"name":"wp","href":"https:\/\/api.w.org\/{rel}","templated":true}]}}