{"id":28056,"date":"2024-04-09T21:15:37","date_gmt":"2024-04-09T21:15:37","guid":{"rendered":"https:\/\/cheveuxluxe.com\/index.php\/product\/olivia-garden-expert-blowout-speedy-35mm\/"},"modified":"2024-04-13T13:46:00","modified_gmt":"2024-04-13T13:46:00","slug":"olivia-garden-expert-blowout-speedy-35mm","status":"publish","type":"product","link":"https:\/\/cheveuxluxe.com\/index.php\/product\/olivia-garden-expert-blowout-speedy-35mm\/","title":{"rendered":"Olivia Garden Expert Blowout Speedy 35mm"},"content":{"rendered":"<div class=\"product-content_bottom\">\n<div class=\"pdp-info\">\n<div class=\"pdp-tabs tab-container\">\n<div class=\"tab js-tab\">\n<h3 class=\"tab-title pdp-tabs_title js-tab-mobile-title open\"><span>Points cl\u00e9s<\/span><\/h3>\n<div class=\"tab-description pdp-tabs_description js-tab-description open\" itemprop=\"description\">\n<ul>\n<li>S\u00e9chage ultra rapide<\/li>\n<li>Donne brillance et volume aux cheveux<\/li>\n<li>R\u00e9duisez les frisottis avec la technologie Ceramic+Ion<\/li>\n<li>Canon long efficace\u00a0: Style plus rapide, temps de s\u00e9chage r\u00e9duit de 20%<\/li>\n<\/ul>\n<p>\u00a0<\/p>\n<\/div>\n<\/div>\n<div class=\"tab js-tab\">\n<h3 class=\"tab-title pdp-tabs_title js-tab-mobile-title\"><span>Description<\/span><\/h3>\n<div class=\"tab-description pdp-tabs_description js-tab-description\" itemprop=\"description\">Parce que le temps c\u2019est de l\u2019argent ! Avec l\u2019Expert Blowout Speed blanc &amp; gris, vous saurez pourquoi ! Gagnez du temps avec vos clients et obtenez un r\u00e9sultat de s\u00e9chage parfait plus rapidement avec cette brosse \u00e0 cheveux Blowout. Le canon plus long vous aidera \u00e0 r\u00e9duire le temps de s\u00e9chage de 25%. Petit plus, l\u2019Expert Blowout Speed est parfait pour cr\u00e9er de superbes brushings droits ou ondul\u00e9s gr\u00e2ce \u00e0 ses poils ondul\u00e9s!<\/div>\n<\/div>\n<div class=\"tab js-tab\">\n<h3 class=\"tab-title pdp-tabs_title js-tab-mobile-title\"><span>Livraison et stock<\/span><\/h3>\n<div class=\"tab-description pdp-tabs_description js-tab-description\">\n<div class=\"pdp-delivery_info\">\n<div class=\"content-asset\">Livraison et d\u00e9laisRetours et remboursements<\/div>\n<\/div>\n<\/div>\n<\/div>\n<\/div>\n<\/div>\n<\/div>\n","protected":false},"excerpt":{"rendered":"<p>Points cl\u00e9s S\u00e9chage ultra rapide Donne brillance et volume aux cheveux R\u00e9duisez les frisottis avec&hellip;<\/p>\n","protected":false},"featured_media":28055,"comment_status":"open","ping_status":"closed","template":"","meta":[],"pwb-brand":[689],"product_cat":[503],"product_tag":[168,169,484],"class_list":{"0":"post-28056","1":"product","2":"type-product","3":"status-publish","4":"has-post-thumbnail","6":"pwb-brand-olivia-garden","7":"product_cat-materiel-de-coiffure-equipement-de-salon-22","8":"product_tag-equipement-de-salon","9":"product_tag-materiel-de-coiffure","10":"product_tag-olivia-garden","12":"first","13":"instock","14":"taxable","15":"shipping-taxable","16":"purchasable","17":"product-type-simple","18":"layout-style-3","19":"col-md-4 col-sm-4 col-xs-6","20":"col-lg-3","21":"product-style-default"},"aioseo_notices":[],"brands":[{"id":689,"name":"Olivia Garden","slug":"olivia-garden"}],"_links":{"self":[{"href":"https:\/\/cheveuxluxe.com\/index.php\/wp-json\/wp\/v2\/product\/28056","targetHints":{"allow":["GET"]}}],"collection":[{"href":"https:\/\/cheveuxluxe.com\/index.php\/wp-json\/wp\/v2\/product"}],"about":[{"href":"https:\/\/cheveuxluxe.com\/index.php\/wp-json\/wp\/v2\/types\/product"}],"replies":[{"embeddable":true,"href":"https:\/\/cheveuxluxe.com\/index.php\/wp-json\/wp\/v2\/comments?post=28056"}],"version-history":[{"count":0,"href":"https:\/\/cheveuxluxe.com\/index.php\/wp-json\/wp\/v2\/product\/28056\/revisions"}],"wp:featuredmedia":[{"embeddable":true,"href":"https:\/\/cheveuxluxe.com\/index.php\/wp-json\/wp\/v2\/media\/28055"}],"wp:attachment":[{"href":"https:\/\/cheveuxluxe.com\/index.php\/wp-json\/wp\/v2\/media?parent=28056"}],"wp:term":[{"taxonomy":"pwb-brand","embeddable":true,"href":"https:\/\/cheveuxluxe.com\/index.php\/wp-json\/wp\/v2\/pwb-brand?post=28056"},{"taxonomy":"product_cat","embeddable":true,"href":"https:\/\/cheveuxluxe.com\/index.php\/wp-json\/wp\/v2\/product_cat?post=28056"},{"taxonomy":"product_tag","embeddable":true,"href":"https:\/\/cheveuxluxe.com\/index.php\/wp-json\/wp\/v2\/product_tag?post=28056"}],"curies":[{"name":"wp","href":"https:\/\/api.w.org\/{rel}","templated":true}]}}