{"id":28067,"date":"2024-04-09T21:16:09","date_gmt":"2024-04-09T21:16:09","guid":{"rendered":"https:\/\/cheveuxluxe.com\/index.php\/product\/framar-rouleau-feuilles-gaufre-mercury-in-retrograde\/"},"modified":"2024-04-13T13:46:04","modified_gmt":"2024-04-13T13:46:04","slug":"framar-rouleau-feuilles-gaufre-mercury-in-retrograde","status":"publish","type":"product","link":"https:\/\/cheveuxluxe.com\/index.php\/product\/framar-rouleau-feuilles-gaufre-mercury-in-retrograde\/","title":{"rendered":"Framar Rouleau Feuilles Gaufr\u00e9 Mercury In Retrograde"},"content":{"rendered":"<div class=\"product-content_bottom\">\n<div class=\"pdp-info\">\n<div class=\"pdp-tabs tab-container\">\n<div class=\"tab js-tab\">\n<h3 class=\"tab-title pdp-tabs_title js-tab-mobile-title open\"><span>Points cl\u00e9s<\/span><\/h3>\n<div class=\"tab-description pdp-tabs_description js-tab-description open\" itemprop=\"description\">\n<ul>\n<li>Gaufr\u00e9<\/li>\n<li>Couper le papier d&rsquo;aluminium \u00e0 la longueur d\u00e9sir\u00e9e<\/li>\n<li>Id\u00e9al pour les cheveux longs et minimise les d\u00e9chets<\/li>\n<li>La texture en relief accroche les cheveux pour que vous puissiez passer \u00e0 travers n&rsquo;importe quel service<\/li>\n<li>Feuille de poids moyen<\/li>\n<li>320 pieds de longueur<\/li>\n<\/ul>\n<\/div>\n<\/div>\n<div class=\"tab js-tab\">\n<h3 class=\"tab-title pdp-tabs_title js-tab-mobile-title\"><span>Description<\/span><\/h3>\n<div class=\"tab-description pdp-tabs_description js-tab-description\" itemprop=\"description\">Laissez le bon temps rouler! Notre feuille moyenne antid\u00e9rapante en argent classique. Couper le papier d&rsquo;aluminium \u00e0 la longueur d\u00e9sir\u00e9e. Id\u00e9al pour les cheveux longs et minimise les d\u00e9chets. La texture en relief adh\u00e8re aux cheveux pour que vous puissiez passer \u00e0 travers n&rsquo;importe quel service. Feuille de poids moyen. 320 pieds de longueur. Livr\u00e9 dans sa propre bo\u00eete distributrice avec lame pour couper le papier d&rsquo;aluminium.<\/div>\n<\/div>\n<div class=\"tab js-tab\">\n<h3 class=\"tab-title pdp-tabs_title js-tab-mobile-title\"><span>Ingr\u00e9dients<\/span><\/h3>\n<div class=\"tab-description pdp-tabs_description js-tab-description\">aluminio<\/div>\n<\/div>\n<div class=\"tab js-tab\">\n<h3 class=\"tab-title pdp-tabs_title js-tab-mobile-title\"><span>Livraison et stock<\/span><\/h3>\n<div class=\"tab-description pdp-tabs_description js-tab-description\">\n<div class=\"pdp-delivery_info\">\n<div class=\"content-asset\">Livraison et d\u00e9laisRetours et remboursements<\/div>\n<\/div>\n<\/div>\n<\/div>\n<\/div>\n<\/div>\n<\/div>\n","protected":false},"excerpt":{"rendered":"<p>Points cl\u00e9s Gaufr\u00e9 Couper le papier d&rsquo;aluminium \u00e0 la longueur d\u00e9sir\u00e9e Id\u00e9al pour les cheveux&hellip;<\/p>\n","protected":false},"featured_media":28062,"comment_status":"open","ping_status":"closed","template":"","meta":[],"pwb-brand":[690],"product_cat":[503],"product_tag":[168,486,169],"class_list":{"0":"post-28067","1":"product","2":"type-product","3":"status-publish","4":"has-post-thumbnail","6":"pwb-brand-framar","7":"product_cat-materiel-de-coiffure-equipement-de-salon-22","8":"product_tag-equipement-de-salon","9":"product_tag-framar","10":"product_tag-materiel-de-coiffure","12":"first","13":"instock","14":"taxable","15":"shipping-taxable","16":"purchasable","17":"product-type-simple","18":"layout-style-3","19":"col-md-4 col-sm-4 col-xs-6","20":"col-lg-3","21":"product-has-gallery","22":"product-style-default"},"aioseo_notices":[],"brands":[{"id":690,"name":"Framar","slug":"framar"}],"_links":{"self":[{"href":"https:\/\/cheveuxluxe.com\/index.php\/wp-json\/wp\/v2\/product\/28067","targetHints":{"allow":["GET"]}}],"collection":[{"href":"https:\/\/cheveuxluxe.com\/index.php\/wp-json\/wp\/v2\/product"}],"about":[{"href":"https:\/\/cheveuxluxe.com\/index.php\/wp-json\/wp\/v2\/types\/product"}],"replies":[{"embeddable":true,"href":"https:\/\/cheveuxluxe.com\/index.php\/wp-json\/wp\/v2\/comments?post=28067"}],"version-history":[{"count":0,"href":"https:\/\/cheveuxluxe.com\/index.php\/wp-json\/wp\/v2\/product\/28067\/revisions"}],"wp:featuredmedia":[{"embeddable":true,"href":"https:\/\/cheveuxluxe.com\/index.php\/wp-json\/wp\/v2\/media\/28062"}],"wp:attachment":[{"href":"https:\/\/cheveuxluxe.com\/index.php\/wp-json\/wp\/v2\/media?parent=28067"}],"wp:term":[{"taxonomy":"pwb-brand","embeddable":true,"href":"https:\/\/cheveuxluxe.com\/index.php\/wp-json\/wp\/v2\/pwb-brand?post=28067"},{"taxonomy":"product_cat","embeddable":true,"href":"https:\/\/cheveuxluxe.com\/index.php\/wp-json\/wp\/v2\/product_cat?post=28067"},{"taxonomy":"product_tag","embeddable":true,"href":"https:\/\/cheveuxluxe.com\/index.php\/wp-json\/wp\/v2\/product_tag?post=28067"}],"curies":[{"name":"wp","href":"https:\/\/api.w.org\/{rel}","templated":true}]}}