{"id":28068,"date":"2024-04-09T21:16:10","date_gmt":"2024-04-09T21:16:10","guid":{"rendered":"https:\/\/cheveuxluxe.com\/index.php\/product\/vitalitys-ensemble-reshape-soft-1-permanente-pour-cheveux-sains-200ml\/"},"modified":"2024-04-13T14:15:35","modified_gmt":"2024-04-13T14:15:35","slug":"vitalitys-ensemble-reshape-soft-1-permanente-pour-cheveux-sains-200ml","status":"publish","type":"product","link":"https:\/\/cheveuxluxe.com\/index.php\/product\/vitalitys-ensemble-reshape-soft-1-permanente-pour-cheveux-sains-200ml\/","title":{"rendered":"Vitality&rsquo;s Ensemble Reshape Soft 1 Permanente pour Cheveux Sains 200ml"},"content":{"rendered":"<div class=\"product-content_bottom\">\n<div class=\"pdp-info\">\n<div class=\"pdp-tabs tab-container\">\n<div class=\"tab js-tab\">\n<h3 class=\"tab-title pdp-tabs_title js-tab-mobile-title open\"><span>Points cl\u00e9s<\/span><\/h3>\n<div class=\"tab-description pdp-tabs_description js-tab-description open\" itemprop=\"description\">\n<ul>\n<li>Syst\u00e8me cosmetique ondulant pour cheveux naturels et peu trait\u00e9s<\/li>\n<\/ul>\n<\/div>\n<\/div>\n<div class=\"tab js-tab\">\n<h3 class=\"tab-title pdp-tabs_title js-tab-mobile-title\"><span>Description<\/span><\/h3>\n<div class=\"tab-description pdp-tabs_description js-tab-description\" itemprop=\"description\">Mis au point sp\u00e9cialement pour cr\u00e9er des boucles d\u00e9finies et structur\u00e9es. Soft est le produit id\u00e9al pour des volumes soutenus et durables. Son odeur caract\u00e9ristique est att\u00e9nu\u00e9e par un parfum sp\u00e9cialement con\u00e7u pour limiter sa persistance Sans thioglycolates ni ammoniaque, dans le plein respect du cheveu.<\/p>\n<p>La datte contenue dans la formule poss\u00e8de des propri\u00e9t\u00e9s hydratantes et assouplissantes. Connue pour son pouvoir \u00e9mollient, elle contribue \u00e0 prot\u00e9ger les cheveux en exer\u00e7ant une action restructurante. Riche en antioxydants, elle est id\u00e9ale pour la sant\u00e9et la vitalit\u00e9 des cheveux. La technologie renforce et d\u00e9m\u00eale les cheveux en leur donnant corps et souplesse.<\/p><\/div>\n<\/div>\n<div class=\"tab js-tab\">\n<h3 class=\"tab-title pdp-tabs_title js-tab-mobile-title\"><span>Mode d&#8217;emploi<\/span><\/h3>\n<div class=\"tab-description pdp-tabs_description js-tab-description\">Laver les cheveux avec Essential Shampoo pH 7.5 afin de faciliter l\u2019ouverture des \u00e9cailles.<br \/>Essorer l\u2019exc\u00e8s d\u2019eau avec une serviette.<br \/>Proc\u00e9der \u00e0 l\u2019enroulement souhait\u00e9 puis saturer chaque bigoudi flexible.<br \/>Temps de pose: Cheveux naturels et trait\u00e9s 5-20 MN<br \/>Au terme du temps de pose, rincer abondamment.<br \/>Appliquer soigneusement le Neutralisant sur chaque bigoudi.<br \/>Laisser agir 5 minutes Conserver 15 ml de produit.<br \/>D\u00e9rouler d\u00e9licatement tous les bigoudis et Rincer \u00e0 l\u2019eau ti\u00e8de.<br \/>Appliquer le reste de liquide Neutralisant sur l\u2019ensemble de la chevelure.<br \/>Laisser agir 5 minutes.<\/div>\n<\/div>\n<div class=\"tab js-tab\">\n<h3 class=\"tab-title pdp-tabs_title js-tab-mobile-title\"><span>Ingr\u00e9dients<\/span><\/h3>\n<div class=\"tab-description pdp-tabs_description js-tab-description\">WAVING LIQUID: AQUA (WATER) CYSTEAMINE HCL.ETHANOLAMIN, POLYSORBATE 20, LAUDIRMONIUM, HYDROXYPROPYL, HYDROLYZED KERATIN, PHOENIX DACTYLIFERA (DATE) FRUIT EXTRACT, GLYCERIN,, COCAMIDOPROPYL, BETAINE, PEG-12, DIMETHICONE, PEG-40 HYDROGENATEDCASTOR OIL, EDTA, CYCLODEXTRIN, TRIDECETH-9, LIMONENE, LINALOOL, HEXYLCINNAMAL.CITRA.PARFUM (FRAGRANCE)<\/p>\n<p>NEUTRALIZER: AQUA (WATER), HYDROGEN PEROXIDE, POLYQUATERNIUM-7. CITRIC ACID, COCAMIDOPROPYL BETAINE, ACETANILID, STYRENE\/VP COPOLYMER, POLYSORBATE-20, LIMONENE, PARFUM (FRAGRANCE)<\/p><\/div>\n<\/div>\n<div class=\"tab js-tab\">\n<h3 class=\"tab-title pdp-tabs_title js-tab-mobile-title\"><span>Livraison et stock<\/span><\/h3>\n<div class=\"tab-description pdp-tabs_description js-tab-description\">\n<div class=\"pdp-delivery_info\">\n<div class=\"content-asset\">Livraison et d\u00e9laisRetours et remboursements<\/div>\n<\/div>\n<\/div>\n<\/div>\n<div class=\"tab js-tab\">\n<h3 class=\"tab-title pdp-tabs_title js-tab-mobile-title\"><span>Pr\u00e9cautions d&#8217;emploi<\/span><\/h3>\n<div class=\"tab-description pdp-tabs_description js-tab-description\">\u00c9viter le contact avec les yeux.<br \/>En cas de contact avece les yeux, laver imm\u00e9diatement et abondamment avec de l&rsquo;eau et consuler un sp\u00e9cialiste, porter des gants appropri\u00e9s.<br \/>Suivre le mode d&#8217;emploi.<br \/>Conserver hors de port\u00e9e des enfants.<br \/>Le neutralisant contient du peroxide d&rsquo;hydrog\u00e8ne.<br \/>Reserv\u00e9 aux professionnels.<\/div>\n<\/div>\n<\/div>\n<\/div>\n<\/div>\n","protected":false},"excerpt":{"rendered":"<p>Points cl\u00e9s Syst\u00e8me cosmetique ondulant pour cheveux naturels et peu trait\u00e9s Description Mis au point&hellip;<\/p>\n","protected":false},"featured_media":20416,"comment_status":"open","ping_status":"closed","template":"","meta":[],"pwb-brand":[651],"product_cat":[601],"product_tag":[127,156,333],"class_list":{"0":"post-28068","1":"product","2":"type-product","3":"status-publish","4":"has-post-thumbnail","6":"pwb-brand-vitalitys","7":"product_cat-traitements-boucles-lissages","8":"product_tag-shampooing-et-coiffure","9":"product_tag-traitements-boucles-lissages","10":"product_tag-vitalitys","12":"first","13":"instock","14":"taxable","15":"shipping-taxable","16":"purchasable","17":"product-type-simple","18":"layout-style-3","19":"col-md-4 col-sm-4 col-xs-6","20":"col-lg-3","21":"product-has-gallery","22":"product-style-default"},"aioseo_notices":[],"brands":[{"id":651,"name":"Vitality's","slug":"vitalitys"}],"_links":{"self":[{"href":"https:\/\/cheveuxluxe.com\/index.php\/wp-json\/wp\/v2\/product\/28068","targetHints":{"allow":["GET"]}}],"collection":[{"href":"https:\/\/cheveuxluxe.com\/index.php\/wp-json\/wp\/v2\/product"}],"about":[{"href":"https:\/\/cheveuxluxe.com\/index.php\/wp-json\/wp\/v2\/types\/product"}],"replies":[{"embeddable":true,"href":"https:\/\/cheveuxluxe.com\/index.php\/wp-json\/wp\/v2\/comments?post=28068"}],"version-history":[{"count":0,"href":"https:\/\/cheveuxluxe.com\/index.php\/wp-json\/wp\/v2\/product\/28068\/revisions"}],"wp:featuredmedia":[{"embeddable":true,"href":"https:\/\/cheveuxluxe.com\/index.php\/wp-json\/wp\/v2\/media\/20416"}],"wp:attachment":[{"href":"https:\/\/cheveuxluxe.com\/index.php\/wp-json\/wp\/v2\/media?parent=28068"}],"wp:term":[{"taxonomy":"pwb-brand","embeddable":true,"href":"https:\/\/cheveuxluxe.com\/index.php\/wp-json\/wp\/v2\/pwb-brand?post=28068"},{"taxonomy":"product_cat","embeddable":true,"href":"https:\/\/cheveuxluxe.com\/index.php\/wp-json\/wp\/v2\/product_cat?post=28068"},{"taxonomy":"product_tag","embeddable":true,"href":"https:\/\/cheveuxluxe.com\/index.php\/wp-json\/wp\/v2\/product_tag?post=28068"}],"curies":[{"name":"wp","href":"https:\/\/api.w.org\/{rel}","templated":true}]}}