{"id":28078,"date":"2024-04-09T21:16:28","date_gmt":"2024-04-09T21:16:28","guid":{"rendered":"https:\/\/cheveuxluxe.com\/index.php\/product\/barnum-brosse-graphite\/"},"modified":"2024-04-13T14:17:22","modified_gmt":"2024-04-13T14:17:22","slug":"barnum-brosse-graphite","status":"publish","type":"product","link":"https:\/\/cheveuxluxe.com\/index.php\/product\/barnum-brosse-graphite\/","title":{"rendered":"Barnum Brosse Graphite"},"content":{"rendered":"<div class=\"product-content_bottom\">\n<div class=\"pdp-info\">\n<div class=\"pdp-tabs tab-container\">\n<div class=\"tab js-tab\">\n<h3 class=\"tab-title pdp-tabs_title js-tab-mobile-title open\"><span>Points cl\u00e9s<\/span><\/h3>\n<div class=\"tab-description pdp-tabs_description js-tab-description open\" itemprop=\"description\">\n<ul>\n<li> Ergonomique<\/li>\n<li>L\u00e9g\u00e8re<\/li>\n<li>S\u00e9chage rapide<\/li>\n<li>Antistatique <\/li>\n<\/ul>\n<\/div>\n<\/div>\n<div class=\"tab js-tab\">\n<h3 class=\"tab-title pdp-tabs_title js-tab-mobile-title\"><span>Description<\/span><\/h3>\n<div class=\"tab-description pdp-tabs_description js-tab-description\" itemprop=\"description\">Incontournable pour sublimer vos coupes, le brushing est la touche finale qui enchantera vos clientes ! Pour r\u00e9aliser ces coiffures, craquez pour cette brosse extr\u00eamement l\u00e9g\u00e8re \u00e9quip\u00e9e d\u2019un manche ergonomique \u201cSoft Touch\u201d : avec Barnum\u00ae, adieu douleurs au bras !Sa technologie \u201cAdvanced Graphite\u201d assure un brushing 100% antistatique. Son tube thermique hexagonal optimise la circulation du flux d\u2019air chaud sur la chevelure, pour un temps de s\u00e9chage plus court. Enfin, sa technologie nanoargent garantit une action antibact\u00e9rienne, pour des cheveux sains.Son plus ? La forme unique des soies de la brosse Graphite de Barnum\u00ae, qui booste le volume de vos coiffures. R\u00e9sultat : des cheveux lisses, hauts en volume et une coiffure impeccable pour toute la journ\u00e9e.Disponible en 8 diam\u00e8tres, la brosse Graphite de Barnum\u00ae s\u2019adapte \u00e0 tous les types de cheveux et \u00e0 toutes les inspirations.<\/div>\n<\/div>\n<div class=\"tab js-tab\">\n<h3 class=\"tab-title pdp-tabs_title js-tab-mobile-title\"><span>Mode d&#8217;emploi<\/span><\/h3>\n<div class=\"tab-description pdp-tabs_description js-tab-description\">Sur cheveux humides et peign\u00e9s, pr\u00e9s\u00e9chez d\u2019abord les cheveux puis proc\u00e9dez au brushing m\u00e8che \u00e0 m\u00e8che. Orientez la brosse selon le mouvement souhait\u00e9\u2026 et admirez le r\u00e9sultat !<\/div>\n<\/div>\n<div class=\"tab js-tab\">\n<h3 class=\"tab-title pdp-tabs_title js-tab-mobile-title\"><span>Livraison et stock<\/span><\/h3>\n<div class=\"tab-description pdp-tabs_description js-tab-description\">\n<div class=\"pdp-delivery_info\">\n<div class=\"content-asset\">Livraison et d\u00e9laisRetours et remboursements<\/div>\n<\/div>\n<\/div>\n<\/div>\n<\/div>\n<\/div>\n<\/div>\n","protected":false},"excerpt":{"rendered":"<p>Points cl\u00e9s Ergonomique L\u00e9g\u00e8re S\u00e9chage rapide Antistatique Description Incontournable pour sublimer vos coupes, le brushing&hellip;<\/p>\n","protected":false},"featured_media":28076,"comment_status":"open","ping_status":"closed","template":"","meta":[],"pwb-brand":[633],"product_cat":[605],"product_tag":[420,606,127],"class_list":{"0":"post-28078","1":"product","2":"type-product","3":"status-publish","4":"has-post-thumbnail","6":"pwb-brand-barnum","7":"product_cat-essentiels-de-cheveux","8":"product_tag-barnum","9":"product_tag-essentiels-de-cheveux","10":"product_tag-shampooing-et-coiffure","12":"first","13":"instock","14":"taxable","15":"shipping-taxable","16":"purchasable","17":"product-type-simple","18":"layout-style-3","19":"col-md-4 col-sm-4 col-xs-6","20":"col-lg-3","21":"product-has-gallery","22":"product-style-default"},"aioseo_notices":[],"brands":[{"id":633,"name":"Barnum","slug":"barnum"}],"_links":{"self":[{"href":"https:\/\/cheveuxluxe.com\/index.php\/wp-json\/wp\/v2\/product\/28078","targetHints":{"allow":["GET"]}}],"collection":[{"href":"https:\/\/cheveuxluxe.com\/index.php\/wp-json\/wp\/v2\/product"}],"about":[{"href":"https:\/\/cheveuxluxe.com\/index.php\/wp-json\/wp\/v2\/types\/product"}],"replies":[{"embeddable":true,"href":"https:\/\/cheveuxluxe.com\/index.php\/wp-json\/wp\/v2\/comments?post=28078"}],"version-history":[{"count":0,"href":"https:\/\/cheveuxluxe.com\/index.php\/wp-json\/wp\/v2\/product\/28078\/revisions"}],"wp:featuredmedia":[{"embeddable":true,"href":"https:\/\/cheveuxluxe.com\/index.php\/wp-json\/wp\/v2\/media\/28076"}],"wp:attachment":[{"href":"https:\/\/cheveuxluxe.com\/index.php\/wp-json\/wp\/v2\/media?parent=28078"}],"wp:term":[{"taxonomy":"pwb-brand","embeddable":true,"href":"https:\/\/cheveuxluxe.com\/index.php\/wp-json\/wp\/v2\/pwb-brand?post=28078"},{"taxonomy":"product_cat","embeddable":true,"href":"https:\/\/cheveuxluxe.com\/index.php\/wp-json\/wp\/v2\/product_cat?post=28078"},{"taxonomy":"product_tag","embeddable":true,"href":"https:\/\/cheveuxluxe.com\/index.php\/wp-json\/wp\/v2\/product_tag?post=28078"}],"curies":[{"name":"wp","href":"https:\/\/api.w.org\/{rel}","templated":true}]}}