{"id":28157,"date":"2024-04-09T21:19:54","date_gmt":"2024-04-09T21:19:54","guid":{"rendered":"https:\/\/cheveuxluxe.com\/index.php\/product\/olivia-garden-expert-blowout-shine-15mm\/"},"modified":"2024-04-13T13:46:46","modified_gmt":"2024-04-13T13:46:46","slug":"olivia-garden-expert-blowout-shine-15mm","status":"publish","type":"product","link":"https:\/\/cheveuxluxe.com\/index.php\/product\/olivia-garden-expert-blowout-shine-15mm\/","title":{"rendered":"Olivia Garden Expert Blowout Shine 15mm"},"content":{"rendered":"<div class=\"product-content_bottom\">\n<div class=\"pdp-info\">\n<div class=\"pdp-tabs tab-container\">\n<div class=\"tab js-tab\">\n<h3 class=\"tab-title pdp-tabs_title js-tab-mobile-title open\"><span>Points cl\u00e9s<\/span><\/h3>\n<div class=\"tab-description pdp-tabs_description js-tab-description open\" itemprop=\"description\">\n<ul>\n<li>Antistatique, maniable<\/li>\n<li>S\u00e9chage plus rapide<\/li>\n<li>Donne brillance et volume aux cheveux<\/li>\n<li>R\u00e9duisez les frisottis avec la technologie Ceramic+Ion<\/li>\n<\/ul>\n<\/div>\n<\/div>\n<div class=\"tab js-tab\">\n<h3 class=\"tab-title pdp-tabs_title js-tab-mobile-title\"><span>Description<\/span><\/h3>\n<div class=\"tab-description pdp-tabs_description js-tab-description\" itemprop=\"description\">Faites sourire vos clients avec la brosse \u00e0 cheveux blanche et grise Expert Blowout Shine d\u2019Olivia Garden. Cette brosse \u00e0 cheveux en c\u00e9ramique a tout ce dont vous avez besoin pour obtenir des cheveux lisses et sains pour vos clients. Obtenez des cheveux \u00e9clatants ultra-brillants \u00e0 chaque fois avec cette brosse \u00e0 tourmaline qui emp\u00eache les cheveux de se dess\u00e9cher et combat les frisottis g\u00eanants. Le style est un jeu d\u2019enfant, car le canon recouvert de c\u00e9ramique r\u00e9partit la chaleur de mani\u00e8re uniforme lorsque vous travaillez. Vous aurez la bonne brosse ronde pour n\u2019importe quel travail car cette brosse \u00e0 cheveux en c\u00e9ramique ionique est disponible dans des tailles diff\u00e9rentes. Cr\u00e9ez vos looks en toute confiance gr\u00e2ce \u00e0 la conception facile \u00e0 saisir. Ce n\u2019est pas juste une autre brosse thermique, c\u2019est la brosse \u00e0 cheveux Expert Blowout Shine qui rend votre travail facile, ajoutant cette touche suppl\u00e9mentaire \u00e0 n\u2019importe quel look que vous cr\u00e9ez.<\/div>\n<\/div>\n<div class=\"tab js-tab\">\n<h3 class=\"tab-title pdp-tabs_title js-tab-mobile-title\"><span>Livraison et stock<\/span><\/h3>\n<div class=\"tab-description pdp-tabs_description js-tab-description\">\n<div class=\"pdp-delivery_info\">\n<div class=\"content-asset\">Livraison et d\u00e9laisRetours et remboursements<\/div>\n<\/div>\n<\/div>\n<\/div>\n<\/div>\n<\/div>\n<\/div>\n","protected":false},"excerpt":{"rendered":"<p>Points cl\u00e9s Antistatique, maniable S\u00e9chage plus rapide Donne brillance et volume aux cheveux R\u00e9duisez les&hellip;<\/p>\n","protected":false},"featured_media":28156,"comment_status":"open","ping_status":"closed","template":"","meta":[],"pwb-brand":[689],"product_cat":[503],"product_tag":[168,169,484],"class_list":{"0":"post-28157","1":"product","2":"type-product","3":"status-publish","4":"has-post-thumbnail","6":"pwb-brand-olivia-garden","7":"product_cat-materiel-de-coiffure-equipement-de-salon-22","8":"product_tag-equipement-de-salon","9":"product_tag-materiel-de-coiffure","10":"product_tag-olivia-garden","12":"first","13":"instock","14":"taxable","15":"shipping-taxable","16":"purchasable","17":"product-type-simple","18":"layout-style-3","19":"col-md-4 col-sm-4 col-xs-6","20":"col-lg-3","21":"product-style-default"},"aioseo_notices":[],"brands":[{"id":689,"name":"Olivia Garden","slug":"olivia-garden"}],"_links":{"self":[{"href":"https:\/\/cheveuxluxe.com\/index.php\/wp-json\/wp\/v2\/product\/28157","targetHints":{"allow":["GET"]}}],"collection":[{"href":"https:\/\/cheveuxluxe.com\/index.php\/wp-json\/wp\/v2\/product"}],"about":[{"href":"https:\/\/cheveuxluxe.com\/index.php\/wp-json\/wp\/v2\/types\/product"}],"replies":[{"embeddable":true,"href":"https:\/\/cheveuxluxe.com\/index.php\/wp-json\/wp\/v2\/comments?post=28157"}],"version-history":[{"count":0,"href":"https:\/\/cheveuxluxe.com\/index.php\/wp-json\/wp\/v2\/product\/28157\/revisions"}],"wp:featuredmedia":[{"embeddable":true,"href":"https:\/\/cheveuxluxe.com\/index.php\/wp-json\/wp\/v2\/media\/28156"}],"wp:attachment":[{"href":"https:\/\/cheveuxluxe.com\/index.php\/wp-json\/wp\/v2\/media?parent=28157"}],"wp:term":[{"taxonomy":"pwb-brand","embeddable":true,"href":"https:\/\/cheveuxluxe.com\/index.php\/wp-json\/wp\/v2\/pwb-brand?post=28157"},{"taxonomy":"product_cat","embeddable":true,"href":"https:\/\/cheveuxluxe.com\/index.php\/wp-json\/wp\/v2\/product_cat?post=28157"},{"taxonomy":"product_tag","embeddable":true,"href":"https:\/\/cheveuxluxe.com\/index.php\/wp-json\/wp\/v2\/product_tag?post=28157"}],"curies":[{"name":"wp","href":"https:\/\/api.w.org\/{rel}","templated":true}]}}