{"id":28163,"date":"2024-04-09T21:20:01","date_gmt":"2024-04-09T21:20:01","guid":{"rendered":"https:\/\/cheveuxluxe.com\/index.php\/product\/hercules-peigne-de-coupe-sagemann-1637-8-5-480-8-5\/"},"modified":"2024-04-13T14:24:11","modified_gmt":"2024-04-13T14:24:11","slug":"hercules-peigne-de-coupe-sagemann-1637-8-5-480-8-5","status":"publish","type":"product","link":"https:\/\/cheveuxluxe.com\/index.php\/product\/hercules-peigne-de-coupe-sagemann-1637-8-5-480-8-5\/","title":{"rendered":"Hercules Peigne de coupe S\u00e4gemann 1637\/8.5-480\/8.5"},"content":{"rendered":"<div class=\"product-content_bottom\">\n<div class=\"pdp-info\">\n<div class=\"pdp-tabs tab-container\">\n<div class=\"tab js-tab\">\n<h3 class=\"tab-title pdp-tabs_title js-tab-mobile-title open\"><span>Points cl\u00e9s<\/span><\/h3>\n<div class=\"tab-description pdp-tabs_description js-tab-description open\" itemprop=\"description\">\n<ul>\n<li> Peigne de coupe<\/li>\n<li>100% \u00e9bonite<\/li>\n<li>R\u00e9sistant<\/li>\n<li>Deux dentures <\/li>\n<\/ul>\n<\/div>\n<\/div>\n<div class=\"tab js-tab\">\n<h3 class=\"tab-title pdp-tabs_title js-tab-mobile-title\"><span>Description<\/span><\/h3>\n<div class=\"tab-description pdp-tabs_description js-tab-description\" itemprop=\"description\">Compagnon indispensable du quotidien des professionnels de la coiffure, ce peigne est ergonomique et flexible tout en vous assurant des mouvements stables et pr\u00e9cis. Compos\u00e9 \u00e0 100% d\u2019\u00e9bonite, ce peigne de coupe de la gamme S\u00e4gemann d\u2019Hercules\u00ae r\u00e9siste \u00e0 la chaleur et aux produits chimiques.Extra large avec ses 17,8 centim\u00e8tres de longueur, ce peigne est aussi dot\u00e9 de deux dentures, fines et larges. Couper les cheveux de vos clients n\u2019a jamais \u00e9t\u00e9 aussi agr\u00e9able !<\/div>\n<\/div>\n<div class=\"tab js-tab\">\n<h3 class=\"tab-title pdp-tabs_title js-tab-mobile-title\"><span>Mode d&#8217;emploi<\/span><\/h3>\n<div class=\"tab-description pdp-tabs_description js-tab-description\">Une fois les cheveux lav\u00e9s et pr\u00e9-s\u00e9ch\u00e9s, d\u00e9m\u00ealez \u00e0 l\u2019aide de votre peigne de coupe 1637\/8.5-480\/8.5 d\u2019Hercules\u00ae, puis laissez place \u00e0 votre inspiration !Le conseil de pro : nettoyez chaque jour vos peignes et vos brosses en les laissant tremper dans de l\u2019eau savonneuse, puis frottez-les avec un peu de shampooing avant de les rincer.<\/div>\n<\/div>\n<div class=\"tab js-tab\">\n<h3 class=\"tab-title pdp-tabs_title js-tab-mobile-title\"><span>Ingr\u00e9dients<\/span><\/h3>\n<div class=\"tab-description pdp-tabs_description js-tab-description\">Naturkautschuk<\/div>\n<\/div>\n<div class=\"tab js-tab\">\n<h3 class=\"tab-title pdp-tabs_title js-tab-mobile-title\"><span>Livraison et stock<\/span><\/h3>\n<div class=\"tab-description pdp-tabs_description js-tab-description\">\n<div class=\"pdp-delivery_info\">\n<div class=\"content-asset\">Livraison et d\u00e9laisRetours et remboursements<\/div>\n<\/div>\n<\/div>\n<\/div>\n<\/div>\n<\/div>\n<\/div>\n","protected":false},"excerpt":{"rendered":"<p>Points cl\u00e9s Peigne de coupe 100% \u00e9bonite R\u00e9sistant Deux dentures Description Compagnon indispensable du quotidien&hellip;<\/p>\n","protected":false},"featured_media":17173,"comment_status":"open","ping_status":"closed","template":"","meta":[],"pwb-brand":[675],"product_cat":[612],"product_tag":[613,430,127],"class_list":{"0":"post-28163","1":"product","2":"type-product","3":"status-publish","4":"has-post-thumbnail","6":"pwb-brand-hercules","7":"product_cat-essentiels-coiffure-pour-etudiants","8":"product_tag-essentiels-coiffure-pour-etudiants","9":"product_tag-hercules","10":"product_tag-shampooing-et-coiffure","12":"first","13":"instock","14":"taxable","15":"shipping-taxable","16":"purchasable","17":"product-type-simple","18":"layout-style-3","19":"col-md-4 col-sm-4 col-xs-6","20":"col-lg-3","21":"product-style-default"},"aioseo_notices":[],"brands":[{"id":675,"name":"Hercules","slug":"hercules"}],"_links":{"self":[{"href":"https:\/\/cheveuxluxe.com\/index.php\/wp-json\/wp\/v2\/product\/28163","targetHints":{"allow":["GET"]}}],"collection":[{"href":"https:\/\/cheveuxluxe.com\/index.php\/wp-json\/wp\/v2\/product"}],"about":[{"href":"https:\/\/cheveuxluxe.com\/index.php\/wp-json\/wp\/v2\/types\/product"}],"replies":[{"embeddable":true,"href":"https:\/\/cheveuxluxe.com\/index.php\/wp-json\/wp\/v2\/comments?post=28163"}],"version-history":[{"count":0,"href":"https:\/\/cheveuxluxe.com\/index.php\/wp-json\/wp\/v2\/product\/28163\/revisions"}],"wp:featuredmedia":[{"embeddable":true,"href":"https:\/\/cheveuxluxe.com\/index.php\/wp-json\/wp\/v2\/media\/17173"}],"wp:attachment":[{"href":"https:\/\/cheveuxluxe.com\/index.php\/wp-json\/wp\/v2\/media?parent=28163"}],"wp:term":[{"taxonomy":"pwb-brand","embeddable":true,"href":"https:\/\/cheveuxluxe.com\/index.php\/wp-json\/wp\/v2\/pwb-brand?post=28163"},{"taxonomy":"product_cat","embeddable":true,"href":"https:\/\/cheveuxluxe.com\/index.php\/wp-json\/wp\/v2\/product_cat?post=28163"},{"taxonomy":"product_tag","embeddable":true,"href":"https:\/\/cheveuxluxe.com\/index.php\/wp-json\/wp\/v2\/product_tag?post=28163"}],"curies":[{"name":"wp","href":"https:\/\/api.w.org\/{rel}","templated":true}]}}