{"id":28175,"date":"2024-04-09T21:20:35","date_gmt":"2024-04-09T21:20:35","guid":{"rendered":"https:\/\/cheveuxluxe.com\/index.php\/product\/barnum-brosse-magnesium\/"},"modified":"2024-04-13T14:17:20","modified_gmt":"2024-04-13T14:17:20","slug":"barnum-brosse-magnesium","status":"publish","type":"product","link":"https:\/\/cheveuxluxe.com\/index.php\/product\/barnum-brosse-magnesium\/","title":{"rendered":"Barnum Brosse Magnesium"},"content":{"rendered":"<div class=\"product-content_bottom\">\n<div class=\"pdp-info\">\n<div class=\"pdp-tabs tab-container\">\n<div class=\"tab js-tab\">\n<h3 class=\"tab-title pdp-tabs_title js-tab-mobile-title open\"><span>Points cl\u00e9s<\/span><\/h3>\n<div class=\"tab-description pdp-tabs_description js-tab-description open\" itemprop=\"description\">\n<ul>\n<li> Volume extr\u00eame<\/li>\n<li>Antibact\u00e9rienne<\/li>\n<li>Anti \u00e9lectricit\u00e9 statique <\/li>\n<li>Ergonomique <\/li>\n<\/ul>\n<\/div>\n<\/div>\n<div class=\"tab js-tab\">\n<h3 class=\"tab-title pdp-tabs_title js-tab-mobile-title\"><span>Description<\/span><\/h3>\n<div class=\"tab-description pdp-tabs_description js-tab-description\" itemprop=\"description\">La brosse thermique Magn\u00e9sium de Barnum est votre alli\u00e9e du quotidien pour apporter la touche finale \u00e0 vos coiffures : gr\u00e2ce \u00e0 cette brosse, vous sublimerez votre travail en un tour de main et enchanterez celles qui r\u00eavent d\u2019un maximum de volume !Son secret ? La technologie \u201cAdvanced Magnesium\u201d et son double barillet recouvert de magn\u00e9sium, qui optimisent \u00e0 la fois la r\u00e9tention et la circulation de la chaleur. \u00c0 la cl\u00e9, un temps de s\u00e9chage plus court.Sa technique unique de poils touffet\u00e9s (60% de poils de sanglier, 40% de poils de nylon) facilite le coiffage de toutes les chevelures, et neutralise l\u2019\u00e9lectricit\u00e9 statique.On aime : son manche ergonomique \u201cSoft Touch\u201d et la l\u00e9g\u00e8ret\u00e9 de cette brosse ultra-maniable !<\/div>\n<\/div>\n<div class=\"tab js-tab\">\n<h3 class=\"tab-title pdp-tabs_title js-tab-mobile-title\"><span>Mode d&#8217;emploi<\/span><\/h3>\n<div class=\"tab-description pdp-tabs_description js-tab-description\">Sur cheveux humides et s\u00e9ch\u00e9s \u00e0 la serviette, r\u00e9alisez votre brushing m\u00e8che apr\u00e8s m\u00e8che, en commen\u00e7ant par la nuque.Une fois votre coiffure finalis\u00e9e, passez le s\u00e8che-cheveux en mode air froid pour resserrer les \u00e9cailles des cheveux et fixer votre brushing.<\/div>\n<\/div>\n<div class=\"tab js-tab\">\n<h3 class=\"tab-title pdp-tabs_title js-tab-mobile-title\"><span>Livraison et stock<\/span><\/h3>\n<div class=\"tab-description pdp-tabs_description js-tab-description\">\n<div class=\"pdp-delivery_info\">\n<div class=\"content-asset\">Livraison et d\u00e9laisRetours et remboursements<\/div>\n<\/div>\n<\/div>\n<\/div>\n<\/div>\n<\/div>\n<\/div>\n","protected":false},"excerpt":{"rendered":"<p>Points cl\u00e9s Volume extr\u00eame Antibact\u00e9rienne Anti \u00e9lectricit\u00e9 statique Ergonomique Description La brosse thermique Magn\u00e9sium de&hellip;<\/p>\n","protected":false},"featured_media":28173,"comment_status":"open","ping_status":"closed","template":"","meta":[],"pwb-brand":[633],"product_cat":[605],"product_tag":[420,606,127],"class_list":{"0":"post-28175","1":"product","2":"type-product","3":"status-publish","4":"has-post-thumbnail","6":"pwb-brand-barnum","7":"product_cat-essentiels-de-cheveux","8":"product_tag-barnum","9":"product_tag-essentiels-de-cheveux","10":"product_tag-shampooing-et-coiffure","12":"first","13":"instock","14":"taxable","15":"shipping-taxable","16":"purchasable","17":"product-type-simple","18":"layout-style-3","19":"col-md-4 col-sm-4 col-xs-6","20":"col-lg-3","21":"product-has-gallery","22":"product-style-default"},"aioseo_notices":[],"brands":[{"id":633,"name":"Barnum","slug":"barnum"}],"_links":{"self":[{"href":"https:\/\/cheveuxluxe.com\/index.php\/wp-json\/wp\/v2\/product\/28175","targetHints":{"allow":["GET"]}}],"collection":[{"href":"https:\/\/cheveuxluxe.com\/index.php\/wp-json\/wp\/v2\/product"}],"about":[{"href":"https:\/\/cheveuxluxe.com\/index.php\/wp-json\/wp\/v2\/types\/product"}],"replies":[{"embeddable":true,"href":"https:\/\/cheveuxluxe.com\/index.php\/wp-json\/wp\/v2\/comments?post=28175"}],"version-history":[{"count":0,"href":"https:\/\/cheveuxluxe.com\/index.php\/wp-json\/wp\/v2\/product\/28175\/revisions"}],"wp:featuredmedia":[{"embeddable":true,"href":"https:\/\/cheveuxluxe.com\/index.php\/wp-json\/wp\/v2\/media\/28173"}],"wp:attachment":[{"href":"https:\/\/cheveuxluxe.com\/index.php\/wp-json\/wp\/v2\/media?parent=28175"}],"wp:term":[{"taxonomy":"pwb-brand","embeddable":true,"href":"https:\/\/cheveuxluxe.com\/index.php\/wp-json\/wp\/v2\/pwb-brand?post=28175"},{"taxonomy":"product_cat","embeddable":true,"href":"https:\/\/cheveuxluxe.com\/index.php\/wp-json\/wp\/v2\/product_cat?post=28175"},{"taxonomy":"product_tag","embeddable":true,"href":"https:\/\/cheveuxluxe.com\/index.php\/wp-json\/wp\/v2\/product_tag?post=28175"}],"curies":[{"name":"wp","href":"https:\/\/api.w.org\/{rel}","templated":true}]}}