{"id":28176,"date":"2024-04-09T21:20:40","date_gmt":"2024-04-09T21:20:40","guid":{"rendered":"https:\/\/cheveuxluxe.com\/index.php\/product\/termix-col-de-coupe\/"},"modified":"2024-04-13T14:22:34","modified_gmt":"2024-04-13T14:22:34","slug":"termix-col-de-coupe","status":"publish","type":"product","link":"https:\/\/cheveuxluxe.com\/index.php\/product\/termix-col-de-coupe\/","title":{"rendered":"Termix Col de coupe"},"content":{"rendered":"<div class=\"product-content_bottom\">\n<div class=\"pdp-info\">\n<div class=\"pdp-tabs tab-container\">\n<div class=\"tab js-tab\">\n<h3 class=\"tab-title pdp-tabs_title js-tab-mobile-title open\"><span>Points cl\u00e9s<\/span><\/h3>\n<div class=\"tab-description pdp-tabs_description js-tab-description open\" itemprop=\"description\">\n<ul>\n<li> Fabriqu\u00e9 en Espagne<\/li>\n<li>Fixation magn\u00e9tique<\/li>\n<li>Infroissable<\/li>\n<li>Toutes morphologies <\/li>\n<\/ul>\n<\/div>\n<\/div>\n<div class=\"tab js-tab\">\n<h3 class=\"tab-title pdp-tabs_title js-tab-mobile-title\"><span>Description<\/span><\/h3>\n<div class=\"tab-description pdp-tabs_description js-tab-description\" itemprop=\"description\">Tous les coiffeurs appr\u00e9cient le col Termix\u00ae parce qu\u2019il offre une protection tr\u00e8s efficace ! Cet accessoire permet \u00e9galement de travailler sur une base nette et lisse : vous vous donnez tous les moyens de r\u00e9aliser des coupes \u00e0 la hauteur de vos exigences.Cet accessoire trouvera vite sa place dans votre panoplie et s\u2019y installera durablement. Ses atouts?? Son rev\u00eatement, un m\u00e9lange d\u00e9perlant aussi esth\u00e9tique que facile \u00e0 entretenir, et sa fixation magn\u00e9tique, qui s\u2019adapte au cou de tous vos clients?!En utilisant les produits Termix\u00ae, vous travaillez avec une marque innovante et leader dans la fabrication d\u2019accessoires destin\u00e9s aux professionnels de la coiffure. Une marque qui cr\u00e9e des produits imagin\u00e9s sp\u00e9cialement pour vous?!<\/div>\n<\/div>\n<div class=\"tab js-tab\">\n<h3 class=\"tab-title pdp-tabs_title js-tab-mobile-title\"><span>Mode d&#8217;emploi<\/span><\/h3>\n<div class=\"tab-description pdp-tabs_description js-tab-description\">Selon vos habitudes, posez le col de coupe au-dessus de la cape et\/ou d\u2019une serviette. Adaptez-le au diam\u00e8tre du cou de votre client : le col de coupe va rester parfaitement en place gr\u00e2ce \u00e0 sa fixation magn\u00e9tique.Apr\u00e8s utilisation, nettoyez avec un chiffon doux et un produit adapt\u00e9. Facile d\u2019entretien, ce produit Termix\u00ae est con\u00e7u dans une mati\u00e8re qui ne se froisse pas.<\/div>\n<\/div>\n<div class=\"tab js-tab\">\n<h3 class=\"tab-title pdp-tabs_title js-tab-mobile-title\"><span>Livraison et stock<\/span><\/h3>\n<div class=\"tab-description pdp-tabs_description js-tab-description\">\n<div class=\"pdp-delivery_info\">\n<div class=\"content-asset\">Livraison et d\u00e9laisRetours et remboursements<\/div>\n<\/div>\n<\/div>\n<\/div>\n<\/div>\n<\/div>\n<\/div>\n","protected":false},"excerpt":{"rendered":"<p>Points cl\u00e9s Fabriqu\u00e9 en Espagne Fixation magn\u00e9tique Infroissable Toutes morphologies Description Tous les coiffeurs appr\u00e9cient&hellip;<\/p>\n","protected":false},"featured_media":17167,"comment_status":"open","ping_status":"closed","template":"","meta":[],"pwb-brand":[],"product_cat":[612],"product_tag":[613,127],"class_list":{"0":"post-28176","1":"product","2":"type-product","3":"status-publish","4":"has-post-thumbnail","6":"product_cat-essentiels-coiffure-pour-etudiants","7":"product_tag-essentiels-coiffure-pour-etudiants","8":"product_tag-shampooing-et-coiffure","10":"first","11":"instock","12":"taxable","13":"shipping-taxable","14":"purchasable","15":"product-type-simple","16":"layout-style-3","17":"col-md-4 col-sm-4 col-xs-6","18":"col-lg-3","19":"product-style-default"},"aioseo_notices":[],"brands":[],"_links":{"self":[{"href":"https:\/\/cheveuxluxe.com\/index.php\/wp-json\/wp\/v2\/product\/28176","targetHints":{"allow":["GET"]}}],"collection":[{"href":"https:\/\/cheveuxluxe.com\/index.php\/wp-json\/wp\/v2\/product"}],"about":[{"href":"https:\/\/cheveuxluxe.com\/index.php\/wp-json\/wp\/v2\/types\/product"}],"replies":[{"embeddable":true,"href":"https:\/\/cheveuxluxe.com\/index.php\/wp-json\/wp\/v2\/comments?post=28176"}],"version-history":[{"count":0,"href":"https:\/\/cheveuxluxe.com\/index.php\/wp-json\/wp\/v2\/product\/28176\/revisions"}],"wp:featuredmedia":[{"embeddable":true,"href":"https:\/\/cheveuxluxe.com\/index.php\/wp-json\/wp\/v2\/media\/17167"}],"wp:attachment":[{"href":"https:\/\/cheveuxluxe.com\/index.php\/wp-json\/wp\/v2\/media?parent=28176"}],"wp:term":[{"taxonomy":"pwb-brand","embeddable":true,"href":"https:\/\/cheveuxluxe.com\/index.php\/wp-json\/wp\/v2\/pwb-brand?post=28176"},{"taxonomy":"product_cat","embeddable":true,"href":"https:\/\/cheveuxluxe.com\/index.php\/wp-json\/wp\/v2\/product_cat?post=28176"},{"taxonomy":"product_tag","embeddable":true,"href":"https:\/\/cheveuxluxe.com\/index.php\/wp-json\/wp\/v2\/product_tag?post=28176"}],"curies":[{"name":"wp","href":"https:\/\/api.w.org\/{rel}","templated":true}]}}