{"id":28177,"date":"2024-04-09T21:20:41","date_gmt":"2024-04-09T21:20:41","guid":{"rendered":"https:\/\/cheveuxluxe.com\/index.php\/product\/anne-marie-beauliet-bac-shampooing-gonflable\/"},"modified":"2024-04-13T14:17:25","modified_gmt":"2024-04-13T14:17:25","slug":"anne-marie-beauliet-bac-shampooing-gonflable","status":"publish","type":"product","link":"https:\/\/cheveuxluxe.com\/index.php\/product\/anne-marie-beauliet-bac-shampooing-gonflable\/","title":{"rendered":"Anne Marie Beauliet Bac shampooing gonflable"},"content":{"rendered":"<div class=\"product-content_bottom\">\n<div class=\"pdp-info\">\n<div class=\"pdp-tabs tab-container\">\n<div class=\"tab js-tab\">\n<h3 class=\"tab-title pdp-tabs_title js-tab-mobile-title open\"><span>Points cl\u00e9s<\/span><\/h3>\n<div class=\"tab-description pdp-tabs_description js-tab-description open\" itemprop=\"description\">\n<ul>\n<li> \u00c0 domicile<\/li>\n<li>Ergonomique<\/li>\n<li>Gonflable<\/li>\n<li>Transport facile <\/li>\n<\/ul>\n<\/div>\n<\/div>\n<div class=\"tab js-tab\">\n<h3 class=\"tab-title pdp-tabs_title js-tab-mobile-title\"><span>Description<\/span><\/h3>\n<div class=\"tab-description pdp-tabs_description js-tab-description\" itemprop=\"description\">Le bac shampooing gonflable est le produit phare de la marque Anne-Marie Beauliet\u00ae?! Une innovation qui vous permet de vous adapter \u00e0 toutes les situations : un si\u00e8ge et un lavabo suffisent pour proposer une prestation presque comme au salon?!Gr\u00e2ce \u00e0 lui, vous ma\u00eetrisez vos coupes et vos couleurs de A \u00e0 Z, m\u00eame \u00e0 domicile : l\u2019eau de rin\u00e7age s\u2019\u00e9coule facilement, sans \u00e9clabousser et sans g\u00eaner votre travail. Et vos clients peuvent se relaxer : le shampooing reste le moment de d\u00e9tente que tout le monde appr\u00e9cie?!Pour vous, c\u2019est la garantie de pouvoir pratiquer votre m\u00e9tier dans les meilleures conditions. Pour vos clients, c\u2019est le confort professionnel sans avoir \u00e0 se d\u00e9placer en salon?!<\/div>\n<\/div>\n<div class=\"tab js-tab\">\n<h3 class=\"tab-title pdp-tabs_title js-tab-mobile-title\"><span>Mode d&#8217;emploi<\/span><\/h3>\n<div class=\"tab-description pdp-tabs_description js-tab-description\">Pour gonfler votre bac, pincez la valve et soufflez l\u00e9g\u00e8rement. Placez une serviette sur les \u00e9paules et fixez le bac autour du cou \u00e0 l\u2019aide du Velcro.Pour parer \u00e0 toutes les \u00e9ventualit\u00e9s, vous pouvez compl\u00e9ter votre mat\u00e9riel avec une douchette.<\/div>\n<\/div>\n<div class=\"tab js-tab\">\n<h3 class=\"tab-title pdp-tabs_title js-tab-mobile-title\"><span>Livraison et stock<\/span><\/h3>\n<div class=\"tab-description pdp-tabs_description js-tab-description\">\n<div class=\"pdp-delivery_info\">\n<div class=\"content-asset\">Livraison et d\u00e9laisRetours et remboursements<\/div>\n<\/div>\n<\/div>\n<\/div>\n<\/div>\n<\/div>\n<\/div>\n","protected":false},"excerpt":{"rendered":"<p>Points cl\u00e9s \u00c0 domicile Ergonomique Gonflable Transport facile Description Le bac shampooing gonflable est le&hellip;<\/p>\n","protected":false},"featured_media":17339,"comment_status":"open","ping_status":"closed","template":"","meta":[],"pwb-brand":[],"product_cat":[605],"product_tag":[606,127],"class_list":{"0":"post-28177","1":"product","2":"type-product","3":"status-publish","4":"has-post-thumbnail","6":"product_cat-essentiels-de-cheveux","7":"product_tag-essentiels-de-cheveux","8":"product_tag-shampooing-et-coiffure","10":"first","11":"instock","12":"taxable","13":"shipping-taxable","14":"purchasable","15":"product-type-simple","16":"layout-style-3","17":"col-md-4 col-sm-4 col-xs-6","18":"col-lg-3","19":"product-style-default"},"aioseo_notices":[],"brands":[],"_links":{"self":[{"href":"https:\/\/cheveuxluxe.com\/index.php\/wp-json\/wp\/v2\/product\/28177","targetHints":{"allow":["GET"]}}],"collection":[{"href":"https:\/\/cheveuxluxe.com\/index.php\/wp-json\/wp\/v2\/product"}],"about":[{"href":"https:\/\/cheveuxluxe.com\/index.php\/wp-json\/wp\/v2\/types\/product"}],"replies":[{"embeddable":true,"href":"https:\/\/cheveuxluxe.com\/index.php\/wp-json\/wp\/v2\/comments?post=28177"}],"version-history":[{"count":0,"href":"https:\/\/cheveuxluxe.com\/index.php\/wp-json\/wp\/v2\/product\/28177\/revisions"}],"wp:featuredmedia":[{"embeddable":true,"href":"https:\/\/cheveuxluxe.com\/index.php\/wp-json\/wp\/v2\/media\/17339"}],"wp:attachment":[{"href":"https:\/\/cheveuxluxe.com\/index.php\/wp-json\/wp\/v2\/media?parent=28177"}],"wp:term":[{"taxonomy":"pwb-brand","embeddable":true,"href":"https:\/\/cheveuxluxe.com\/index.php\/wp-json\/wp\/v2\/pwb-brand?post=28177"},{"taxonomy":"product_cat","embeddable":true,"href":"https:\/\/cheveuxluxe.com\/index.php\/wp-json\/wp\/v2\/product_cat?post=28177"},{"taxonomy":"product_tag","embeddable":true,"href":"https:\/\/cheveuxluxe.com\/index.php\/wp-json\/wp\/v2\/product_tag?post=28177"}],"curies":[{"name":"wp","href":"https:\/\/api.w.org\/{rel}","templated":true}]}}