{"id":28206,"date":"2024-04-09T21:21:26","date_gmt":"2024-04-09T21:21:26","guid":{"rendered":"https:\/\/cheveuxluxe.com\/index.php\/product\/sibel-cape-a-teinture-history\/"},"modified":"2024-04-13T13:47:11","modified_gmt":"2024-04-13T13:47:11","slug":"sibel-cape-a-teinture-history","status":"publish","type":"product","link":"https:\/\/cheveuxluxe.com\/index.php\/product\/sibel-cape-a-teinture-history\/","title":{"rendered":"Sibel Cape \u00e0 Teinture History"},"content":{"rendered":"<div class=\"product-content_bottom\">\n<div class=\"pdp-info\">\n<div class=\"pdp-tabs tab-container\">\n<div class=\"tab js-tab\">\n<h3 class=\"tab-title pdp-tabs_title js-tab-mobile-title open\"><span>Points cl\u00e9s<\/span><\/h3>\n<div class=\"tab-description pdp-tabs_description js-tab-description open\" itemprop=\"description\">\n<ul>\n<li> Imperm\u00e9able<\/li>\n<li>Fermeture par crochets<\/li>\n<li>Durable<\/li>\n<li>Couvrant<\/li>\n<li>Fentes devant <\/li>\n<\/ul>\n<\/div>\n<\/div>\n<div class=\"tab js-tab\">\n<h3 class=\"tab-title pdp-tabs_title js-tab-mobile-title\"><span>Description<\/span><\/h3>\n<div class=\"tab-description pdp-tabs_description js-tab-description\" itemprop=\"description\">La protection des v\u00eatements est indispensable. La Cape \u00e0 Teinture History de Sibel est imperm\u00e9able et durable dans le temps.La cape se compose de tissu polyester d\u00e9perlant, aucun risque que les v\u00eatements soient t\u00e2ch\u00e9s par des produits colorants ou de permanente, ou mouill\u00e9s par une \u00e9claboussure impr\u00e9vue au bac \u00e0 shampoing. Ses dimensions de 125 cm de large pour 113 cm de long pr\u00e9viennent \u00e9galement tout incident.Autre atout de la cape, sa long\u00e9vit\u00e9 d\u2019utilisation. Fini le scratch qui d\u00e9chire le textile au fil du temps. Cette cape se ferme derri\u00e8re le cou au moyen de crochets.Le confort n\u2019est pas oubli\u00e9 puisque des fentes sont ouvertes sur le devant de la cape, afin de lib\u00e9rer les mains du client qui peut ainsi s\u2019occuper.<\/div>\n<\/div>\n<div class=\"tab js-tab\">\n<h3 class=\"tab-title pdp-tabs_title js-tab-mobile-title\"><span>Mode d&#8217;emploi<\/span><\/h3>\n<div class=\"tab-description pdp-tabs_description js-tab-description\">D\u00e9plier la Cape \u00e0 Teinture History de Sibel.Passez-la sur le client et attachez-la avec les crochets pr\u00e9vus \u00e0 cet effet.\u00c9vitez toujours plus les incidents de couleurs en achetant la Cape \u00e0 Teinture History extra longue de Sibel, \u00e9galement d\u00e9perlante, qui descend sous le genou et se ferme par boutons pression.<\/div>\n<\/div>\n<div class=\"tab js-tab\">\n<h3 class=\"tab-title pdp-tabs_title js-tab-mobile-title\"><span>Livraison et stock<\/span><\/h3>\n<div class=\"tab-description pdp-tabs_description js-tab-description\">\n<div class=\"pdp-delivery_info\">\n<div class=\"content-asset\">Livraison et d\u00e9laisRetours et remboursements<\/div>\n<\/div>\n<\/div>\n<\/div>\n<\/div>\n<\/div>\n<\/div>\n","protected":false},"excerpt":{"rendered":"<p>Points cl\u00e9s Imperm\u00e9able Fermeture par crochets Durable Couvrant Fentes devant Description La protection des v\u00eatements&hellip;<\/p>\n","protected":false},"featured_media":20138,"comment_status":"open","ping_status":"closed","template":"","meta":[],"pwb-brand":[652],"product_cat":[503],"product_tag":[168,169,342],"class_list":{"0":"post-28206","1":"product","2":"type-product","3":"status-publish","4":"has-post-thumbnail","6":"pwb-brand-sibel","7":"product_cat-materiel-de-coiffure-equipement-de-salon-22","8":"product_tag-equipement-de-salon","9":"product_tag-materiel-de-coiffure","10":"product_tag-sibel","12":"first","13":"instock","14":"taxable","15":"shipping-taxable","16":"purchasable","17":"product-type-simple","18":"layout-style-3","19":"col-md-4 col-sm-4 col-xs-6","20":"col-lg-3","21":"product-style-default"},"aioseo_notices":[],"brands":[{"id":652,"name":"Sibel","slug":"sibel"}],"_links":{"self":[{"href":"https:\/\/cheveuxluxe.com\/index.php\/wp-json\/wp\/v2\/product\/28206","targetHints":{"allow":["GET"]}}],"collection":[{"href":"https:\/\/cheveuxluxe.com\/index.php\/wp-json\/wp\/v2\/product"}],"about":[{"href":"https:\/\/cheveuxluxe.com\/index.php\/wp-json\/wp\/v2\/types\/product"}],"replies":[{"embeddable":true,"href":"https:\/\/cheveuxluxe.com\/index.php\/wp-json\/wp\/v2\/comments?post=28206"}],"version-history":[{"count":0,"href":"https:\/\/cheveuxluxe.com\/index.php\/wp-json\/wp\/v2\/product\/28206\/revisions"}],"wp:featuredmedia":[{"embeddable":true,"href":"https:\/\/cheveuxluxe.com\/index.php\/wp-json\/wp\/v2\/media\/20138"}],"wp:attachment":[{"href":"https:\/\/cheveuxluxe.com\/index.php\/wp-json\/wp\/v2\/media?parent=28206"}],"wp:term":[{"taxonomy":"pwb-brand","embeddable":true,"href":"https:\/\/cheveuxluxe.com\/index.php\/wp-json\/wp\/v2\/pwb-brand?post=28206"},{"taxonomy":"product_cat","embeddable":true,"href":"https:\/\/cheveuxluxe.com\/index.php\/wp-json\/wp\/v2\/product_cat?post=28206"},{"taxonomy":"product_tag","embeddable":true,"href":"https:\/\/cheveuxluxe.com\/index.php\/wp-json\/wp\/v2\/product_tag?post=28206"}],"curies":[{"name":"wp","href":"https:\/\/api.w.org\/{rel}","templated":true}]}}