{"id":28207,"date":"2024-04-09T21:21:26","date_gmt":"2024-04-09T21:21:26","guid":{"rendered":"https:\/\/cheveuxluxe.com\/index.php\/product\/barnum-brosse-a-demeler\/"},"modified":"2024-04-13T14:17:22","modified_gmt":"2024-04-13T14:17:22","slug":"barnum-brosse-a-demeler","status":"publish","type":"product","link":"https:\/\/cheveuxluxe.com\/index.php\/product\/barnum-brosse-a-demeler\/","title":{"rendered":"Barnum Brosse \u00e0 D\u00e9m\u00ealer"},"content":{"rendered":"<div class=\"product-content_bottom\">\n<div class=\"pdp-info\">\n<div class=\"pdp-tabs tab-container\">\n<div class=\"tab js-tab\">\n<h3 class=\"tab-title pdp-tabs_title js-tab-mobile-title open\"><span>Points cl\u00e9s<\/span><\/h3>\n<div class=\"tab-description pdp-tabs_description js-tab-description open\" itemprop=\"description\">\n<ul>\n<li>Brosse d\u00e9m\u00ealante professionnelle \u00e0 utiliser sur cheveux secs ou mouill\u00e9s<\/li>\n<li>100 % antistatique<\/li>\n<li>Convient pour le styling et le brushing<\/li>\n<li>Technologie double empoilage pour un d\u00e9m\u00ealage des cheveux et un massage d\u00e9licat du cuir chevelu<\/li>\n<li>Poils en nylon ultraflexibles avec picots qui n\u2019accrochent pas<\/li>\n<li>Design ergonomique concave qui \u00e9pouse la forme du cr\u00e2ne<\/li>\n<\/ul>\n<\/div>\n<\/div>\n<div class=\"tab js-tab\">\n<h3 class=\"tab-title pdp-tabs_title js-tab-mobile-title\"><span>Livraison et stock<\/span><\/h3>\n<div class=\"tab-description pdp-tabs_description js-tab-description\">\n<div class=\"pdp-delivery_info\">\n<div class=\"content-asset\">Livraison et d\u00e9laisRetours et remboursements<\/div>\n<\/div>\n<\/div>\n<\/div>\n<\/div>\n<\/div>\n<\/div>\n","protected":false},"excerpt":{"rendered":"<p>Points cl\u00e9s Brosse d\u00e9m\u00ealante professionnelle \u00e0 utiliser sur cheveux secs ou mouill\u00e9s 100 % antistatique&hellip;<\/p>\n","protected":false},"featured_media":17405,"comment_status":"open","ping_status":"closed","template":"","meta":[],"pwb-brand":[633],"product_cat":[605],"product_tag":[420,606,127],"class_list":{"0":"post-28207","1":"product","2":"type-product","3":"status-publish","4":"has-post-thumbnail","6":"pwb-brand-barnum","7":"product_cat-essentiels-de-cheveux","8":"product_tag-barnum","9":"product_tag-essentiels-de-cheveux","10":"product_tag-shampooing-et-coiffure","12":"first","13":"instock","14":"taxable","15":"shipping-taxable","16":"purchasable","17":"product-type-simple","18":"layout-style-3","19":"col-md-4 col-sm-4 col-xs-6","20":"col-lg-3","21":"product-has-gallery","22":"product-style-default"},"aioseo_notices":[],"brands":[{"id":633,"name":"Barnum","slug":"barnum"}],"_links":{"self":[{"href":"https:\/\/cheveuxluxe.com\/index.php\/wp-json\/wp\/v2\/product\/28207","targetHints":{"allow":["GET"]}}],"collection":[{"href":"https:\/\/cheveuxluxe.com\/index.php\/wp-json\/wp\/v2\/product"}],"about":[{"href":"https:\/\/cheveuxluxe.com\/index.php\/wp-json\/wp\/v2\/types\/product"}],"replies":[{"embeddable":true,"href":"https:\/\/cheveuxluxe.com\/index.php\/wp-json\/wp\/v2\/comments?post=28207"}],"version-history":[{"count":0,"href":"https:\/\/cheveuxluxe.com\/index.php\/wp-json\/wp\/v2\/product\/28207\/revisions"}],"wp:featuredmedia":[{"embeddable":true,"href":"https:\/\/cheveuxluxe.com\/index.php\/wp-json\/wp\/v2\/media\/17405"}],"wp:attachment":[{"href":"https:\/\/cheveuxluxe.com\/index.php\/wp-json\/wp\/v2\/media?parent=28207"}],"wp:term":[{"taxonomy":"pwb-brand","embeddable":true,"href":"https:\/\/cheveuxluxe.com\/index.php\/wp-json\/wp\/v2\/pwb-brand?post=28207"},{"taxonomy":"product_cat","embeddable":true,"href":"https:\/\/cheveuxluxe.com\/index.php\/wp-json\/wp\/v2\/product_cat?post=28207"},{"taxonomy":"product_tag","embeddable":true,"href":"https:\/\/cheveuxluxe.com\/index.php\/wp-json\/wp\/v2\/product_tag?post=28207"}],"curies":[{"name":"wp","href":"https:\/\/api.w.org\/{rel}","templated":true}]}}