{"id":28211,"date":"2024-04-09T21:21:28","date_gmt":"2024-04-09T21:21:28","guid":{"rendered":"https:\/\/cheveuxluxe.com\/index.php\/product\/s-pro-ed-trousse-de-toilette-voyage-noir\/"},"modified":"2024-04-13T13:52:04","modified_gmt":"2024-04-13T13:52:04","slug":"s-pro-ed-trousse-de-toilette-voyage-noir","status":"publish","type":"product","link":"https:\/\/cheveuxluxe.com\/index.php\/product\/s-pro-ed-trousse-de-toilette-voyage-noir\/","title":{"rendered":"S-PRO ED Trousse de Toilette Voyage Noir"},"content":{"rendered":"<div class=\"product-content_bottom\">\n<div class=\"pdp-info\">\n<div class=\"pdp-tabs tab-container\">\n<div class=\"tab js-tab\">\n<h3 class=\"tab-title pdp-tabs_title js-tab-mobile-title open\"><span>Points cl\u00e9s<\/span><\/h3>\n<div class=\"tab-description pdp-tabs_description js-tab-description open\" itemprop=\"description\">\n<ul>\n<li>Mati\u00e8re imperm\u00e9able<\/li>\n<li>Compartiment pour ranger des flacons de 100ml maximum<\/li>\n<li>Plusieurs filets int\u00e9rieurs pour les produits plus petits<\/li>\n<li>Espace suppl\u00e9mentaire pour les accessoires<\/li>\n<li>Crochet int\u00e9rieur \u00e0 usage multiple<\/li>\n<\/ul>\n<\/div>\n<\/div>\n<div class=\"tab js-tab\">\n<h3 class=\"tab-title pdp-tabs_title js-tab-mobile-title\"><span>Description<\/span><\/h3>\n<div class=\"tab-description pdp-tabs_description js-tab-description\" itemprop=\"description\">Caract\u00e9ristiques:<br \/>Mati\u00e8re imperm\u00e9able<br \/>Compartiment pour ranger des flacons de 100ml maximum<br \/>Plusieurs filets int\u00e9rieurs pour les produits plus petits<br \/>Espace suppl\u00e9mentaire pour les accessoires<br \/>Crochet int\u00e9rieur \u00e0 usage multiple<br \/>Dimensions: H: 34cm L: 14cm P: 19cm<\/div>\n<\/div>\n<div class=\"tab js-tab\">\n<h3 class=\"tab-title pdp-tabs_title js-tab-mobile-title\"><span>Livraison et stock<\/span><\/h3>\n<div class=\"tab-description pdp-tabs_description js-tab-description\">\n<div class=\"pdp-delivery_info\">\n<div class=\"content-asset\">Livraison et d\u00e9laisRetours et remboursements<\/div>\n<\/div>\n<\/div>\n<\/div>\n<\/div>\n<\/div>\n<\/div>\n","protected":false},"excerpt":{"rendered":"<p>Points cl\u00e9s Mati\u00e8re imperm\u00e9able Compartiment pour ranger des flacons de 100ml maximum Plusieurs filets int\u00e9rieurs&hellip;<\/p>\n","protected":false},"featured_media":17218,"comment_status":"open","ping_status":"closed","template":"","meta":[],"pwb-brand":[653],"product_cat":[541],"product_tag":[168,347,542],"class_list":{"0":"post-28211","1":"product","2":"type-product","3":"status-publish","4":"has-post-thumbnail","6":"pwb-brand-s-pro","7":"product_cat-sacs-et-valise","8":"product_tag-equipement-de-salon","9":"product_tag-s-pro","10":"product_tag-sacs-et-valise","12":"first","13":"instock","14":"taxable","15":"shipping-taxable","16":"purchasable","17":"product-type-simple","18":"layout-style-3","19":"col-md-4 col-sm-4 col-xs-6","20":"col-lg-3","21":"product-has-gallery","22":"product-style-default"},"aioseo_notices":[],"brands":[{"id":653,"name":"S-PRO","slug":"s-pro"}],"_links":{"self":[{"href":"https:\/\/cheveuxluxe.com\/index.php\/wp-json\/wp\/v2\/product\/28211","targetHints":{"allow":["GET"]}}],"collection":[{"href":"https:\/\/cheveuxluxe.com\/index.php\/wp-json\/wp\/v2\/product"}],"about":[{"href":"https:\/\/cheveuxluxe.com\/index.php\/wp-json\/wp\/v2\/types\/product"}],"replies":[{"embeddable":true,"href":"https:\/\/cheveuxluxe.com\/index.php\/wp-json\/wp\/v2\/comments?post=28211"}],"version-history":[{"count":0,"href":"https:\/\/cheveuxluxe.com\/index.php\/wp-json\/wp\/v2\/product\/28211\/revisions"}],"wp:featuredmedia":[{"embeddable":true,"href":"https:\/\/cheveuxluxe.com\/index.php\/wp-json\/wp\/v2\/media\/17218"}],"wp:attachment":[{"href":"https:\/\/cheveuxluxe.com\/index.php\/wp-json\/wp\/v2\/media?parent=28211"}],"wp:term":[{"taxonomy":"pwb-brand","embeddable":true,"href":"https:\/\/cheveuxluxe.com\/index.php\/wp-json\/wp\/v2\/pwb-brand?post=28211"},{"taxonomy":"product_cat","embeddable":true,"href":"https:\/\/cheveuxluxe.com\/index.php\/wp-json\/wp\/v2\/product_cat?post=28211"},{"taxonomy":"product_tag","embeddable":true,"href":"https:\/\/cheveuxluxe.com\/index.php\/wp-json\/wp\/v2\/product_tag?post=28211"}],"curies":[{"name":"wp","href":"https:\/\/api.w.org\/{rel}","templated":true}]}}