{"id":28217,"date":"2024-04-09T21:21:32","date_gmt":"2024-04-09T21:21:32","guid":{"rendered":"https:\/\/cheveuxluxe.com\/index.php\/product\/hercules-peigne-13620\/"},"modified":"2024-04-13T14:16:55","modified_gmt":"2024-04-13T14:16:55","slug":"hercules-peigne-13620","status":"publish","type":"product","link":"https:\/\/cheveuxluxe.com\/index.php\/product\/hercules-peigne-13620\/","title":{"rendered":"Hercules Peigne 13620"},"content":{"rendered":"<div class=\"product-content_bottom\">\n<div class=\"pdp-info\">\n<div class=\"pdp-tabs tab-container\">\n<div class=\"tab js-tab\">\n<h3 class=\"tab-title pdp-tabs_title js-tab-mobile-title open\"><span>Points cl\u00e9s<\/span><\/h3>\n<div class=\"tab-description pdp-tabs_description js-tab-description open\" itemprop=\"description\">\n<ul>\n<li> R\u00e9sistant aux produits chimiques <\/li>\n<li>Pointe aiguille<\/li>\n<li>Antistatique<\/li>\n<li>R\u00e9sistant \u00e0 la chaleur<\/li>\n<li>\u00c9bonite <\/li>\n<\/ul>\n<\/div>\n<\/div>\n<div class=\"tab js-tab\">\n<h3 class=\"tab-title pdp-tabs_title js-tab-mobile-title\"><span>Description<\/span><\/h3>\n<div class=\"tab-description pdp-tabs_description js-tab-description\" itemprop=\"description\">Ce peigne de qualit\u00e9 professionnelle a tout pour faciliter votre travail de structure et de texture lors de la coiffure.Il est sp\u00e9cialement con\u00e7u pour d\u00e9m\u00ealer efficacement les cheveux en vue de la coiffure, gr\u00e2ce \u00e0 une conception sans accroc. Il offre un bon \u00e9quilibre entre souplesse et rigidit\u00e9 pour glisser \u00e0 travers la chevelure de fa\u00e7on efficace. Doux pour les cheveux et pour le cuir chevelu, il est appr\u00e9ci\u00e9 des clients.Son design \u00e0 larges dents courtes le rend particuli\u00e8rement pratique pour travailler en d\u00e9tail la structure de la coiffure, ainsi que jouer sur la texture. Gr\u00e2ce \u00e0 sa fabrication en \u00e9bonite, le Peigne 13620 de Hercules est r\u00e9sistant \u00e0 la chaleur et aux produits chimiques\u00a0: il s\u2019utilise donc tr\u00e8s bien avec des sprays ou cr\u00e8mes coiffantes ainsi qu\u2019avec le s\u00e8che-cheveux. Fait \u00e0 la main en Allemagne, ce peigne est con\u00e7u pour durer. Il est \u00e9galement antistatique.<\/div>\n<\/div>\n<div class=\"tab js-tab\">\n<h3 class=\"tab-title pdp-tabs_title js-tab-mobile-title\"><span>Mode d&#8217;emploi<\/span><\/h3>\n<div class=\"tab-description pdp-tabs_description js-tab-description\">Utilisez le Peigne 13620 de Hercules pour structurer la coiffure et cr\u00e9er des effets de texture lors du styling.Nettoyez le peigne avec de l\u2019eau savonneuse apr\u00e8s chaque utilisation.D\u00e9sinfectez tous vos peignes de fa\u00e7on r\u00e9guli\u00e8re en utilisant un spray d\u00e9sinfectant, de l\u2019eau de javel dilu\u00e9e dans l\u2019eau, ou du vinaigre dilu\u00e9.<\/div>\n<\/div>\n<div class=\"tab js-tab\">\n<h3 class=\"tab-title pdp-tabs_title js-tab-mobile-title\"><span>Ingr\u00e9dients<\/span><\/h3>\n<div class=\"tab-description pdp-tabs_description js-tab-description\">Naturkautschuk<\/div>\n<\/div>\n<div class=\"tab js-tab\">\n<h3 class=\"tab-title pdp-tabs_title js-tab-mobile-title\"><span>Livraison et stock<\/span><\/h3>\n<div class=\"tab-description pdp-tabs_description js-tab-description\">\n<div class=\"pdp-delivery_info\">\n<div class=\"content-asset\">Livraison et d\u00e9laisRetours et remboursements<\/div>\n<\/div>\n<\/div>\n<\/div>\n<\/div>\n<\/div>\n<\/div>\n","protected":false},"excerpt":{"rendered":"<p>Points cl\u00e9s R\u00e9sistant aux produits chimiques Pointe aiguille Antistatique R\u00e9sistant \u00e0 la chaleur \u00c9bonite Description&hellip;<\/p>\n","protected":false},"featured_media":17584,"comment_status":"open","ping_status":"closed","template":"","meta":[],"pwb-brand":[675],"product_cat":[605],"product_tag":[606,430,127],"class_list":{"0":"post-28217","1":"product","2":"type-product","3":"status-publish","4":"has-post-thumbnail","6":"pwb-brand-hercules","7":"product_cat-essentiels-de-cheveux","8":"product_tag-essentiels-de-cheveux","9":"product_tag-hercules","10":"product_tag-shampooing-et-coiffure","12":"first","13":"instock","14":"taxable","15":"shipping-taxable","16":"purchasable","17":"product-type-simple","18":"layout-style-3","19":"col-md-4 col-sm-4 col-xs-6","20":"col-lg-3","21":"product-style-default"},"aioseo_notices":[],"brands":[{"id":675,"name":"Hercules","slug":"hercules"}],"_links":{"self":[{"href":"https:\/\/cheveuxluxe.com\/index.php\/wp-json\/wp\/v2\/product\/28217","targetHints":{"allow":["GET"]}}],"collection":[{"href":"https:\/\/cheveuxluxe.com\/index.php\/wp-json\/wp\/v2\/product"}],"about":[{"href":"https:\/\/cheveuxluxe.com\/index.php\/wp-json\/wp\/v2\/types\/product"}],"replies":[{"embeddable":true,"href":"https:\/\/cheveuxluxe.com\/index.php\/wp-json\/wp\/v2\/comments?post=28217"}],"version-history":[{"count":0,"href":"https:\/\/cheveuxluxe.com\/index.php\/wp-json\/wp\/v2\/product\/28217\/revisions"}],"wp:featuredmedia":[{"embeddable":true,"href":"https:\/\/cheveuxluxe.com\/index.php\/wp-json\/wp\/v2\/media\/17584"}],"wp:attachment":[{"href":"https:\/\/cheveuxluxe.com\/index.php\/wp-json\/wp\/v2\/media?parent=28217"}],"wp:term":[{"taxonomy":"pwb-brand","embeddable":true,"href":"https:\/\/cheveuxluxe.com\/index.php\/wp-json\/wp\/v2\/pwb-brand?post=28217"},{"taxonomy":"product_cat","embeddable":true,"href":"https:\/\/cheveuxluxe.com\/index.php\/wp-json\/wp\/v2\/product_cat?post=28217"},{"taxonomy":"product_tag","embeddable":true,"href":"https:\/\/cheveuxluxe.com\/index.php\/wp-json\/wp\/v2\/product_tag?post=28217"}],"curies":[{"name":"wp","href":"https:\/\/api.w.org\/{rel}","templated":true}]}}