{"id":28225,"date":"2024-04-09T21:21:34","date_gmt":"2024-04-09T21:21:34","guid":{"rendered":"https:\/\/cheveuxluxe.com\/index.php\/product\/sibel-brosse-classic-78\/"},"modified":"2024-04-13T14:23:22","modified_gmt":"2024-04-13T14:23:22","slug":"sibel-brosse-classic-78","status":"publish","type":"product","link":"https:\/\/cheveuxluxe.com\/index.php\/product\/sibel-brosse-classic-78\/","title":{"rendered":"Sibel Brosse Classic 78"},"content":{"rendered":"<div class=\"product-content_bottom\">\n<div class=\"pdp-info\">\n<div class=\"pdp-tabs tab-container\">\n<div class=\"tab js-tab\">\n<h3 class=\"tab-title pdp-tabs_title js-tab-mobile-title open\"><span>Points cl\u00e9s<\/span><\/h3>\n<div class=\"tab-description pdp-tabs_description js-tab-description open\" itemprop=\"description\">\n<ul>\n<li> Brosse dot\u00e9e d\u2019un pic<\/li>\n<li>Brosse qui s\u00e9pare les m\u00e8ches<\/li>\n<li>Poils de sanglier<\/li>\n<li>Coiffer\/cr\u00eaper<\/li>\n<li>Brosse cheveux longs <\/li>\n<\/ul>\n<\/div>\n<\/div>\n<div class=\"tab js-tab\">\n<h3 class=\"tab-title pdp-tabs_title js-tab-mobile-title\"><span>Description<\/span><\/h3>\n<div class=\"tab-description pdp-tabs_description js-tab-description\" itemprop=\"description\">La brosse Classic 78 de Sibel d\u00e9m\u00eale en douceur les cheveux longs et mi-longs, sur lesquels elle facilite \u00e9galement le cr\u00eapage.La composition naturelle \u00e0 base de poils de sanglier de la brosse lui permet de prendre soin de la fibre capillaire, dont elle resserre les \u00e9cailles lors de son passage. Liss\u00e9s, les cheveux captent la lumi\u00e8re et sont aussi souples que resplendissants. Cr\u00eap\u00e9s, ils gagnent en volume tout en brillant de tout leur \u00e9clat.Cette brosse deux en un est \u00e9galement dot\u00e9e d\u2019un pic, qui en fait une pr\u00e9cieuse alli\u00e9e aussi bien pendant le brushing qu\u2019\u00e0 l\u2019occasion du cr\u00eapage, pour coiffer\/cr\u00eaper les m\u00e8ches et les s\u00e9parer en un seul geste.Efficace et facile \u00e0 manipuler gr\u00e2ce \u00e0 son poids plume, la brosse donne de l\u2019ampleur aux chevelures les plus plates, sans les agresser.<\/div>\n<\/div>\n<div class=\"tab js-tab\">\n<h3 class=\"tab-title pdp-tabs_title js-tab-mobile-title\"><span>Mode d&#8217;emploi<\/span><\/h3>\n<div class=\"tab-description pdp-tabs_description js-tab-description\">\u2013\u00a0Commencez par d\u00e9m\u00ealer les cheveux \u00e0 l\u2019aide de la brosse Classic 78 de Sibel.\u2013\u00a0Servez-vous du manche pour s\u00e9parer les m\u00e8ches que vous souhaitez cr\u00eaper.\u2013\u00a0Passez ensuite la brosse sur chaque m\u00e8che, de la pointe vers la racine.\u2013\u00a0Recommencez autant de fois que n\u00e9cessaire pour obtenir le r\u00e9sultat souhait\u00e9, mais \u00e9vitez les mouvements d\u2019aller-retour qui compromettraient la qualit\u00e9 du cr\u00eapage et ab\u00eemeraient la fibre du cheveu.<\/div>\n<\/div>\n<div class=\"tab js-tab\">\n<h3 class=\"tab-title pdp-tabs_title js-tab-mobile-title\"><span>Livraison et stock<\/span><\/h3>\n<div class=\"tab-description pdp-tabs_description js-tab-description\">\n<div class=\"pdp-delivery_info\">\n<div class=\"content-asset\">Livraison et d\u00e9laisRetours et remboursements<\/div>\n<\/div>\n<\/div>\n<\/div>\n<div class=\"tab js-tab\">\n<h3 class=\"tab-title pdp-tabs_title js-tab-mobile-title\"><span>Pr\u00e9cautions d&#8217;emploi<\/span><\/h3>\n<div class=\"tab-description pdp-tabs_description js-tab-description\">Conserver hors de la port\u00e9e des enfants.<\/div>\n<\/div>\n<\/div>\n<\/div>\n<\/div>\n","protected":false},"excerpt":{"rendered":"<p>Points cl\u00e9s Brosse dot\u00e9e d\u2019un pic Brosse qui s\u00e9pare les m\u00e8ches Poils de sanglier Coiffer\/cr\u00eaper&hellip;<\/p>\n","protected":false},"featured_media":17360,"comment_status":"open","ping_status":"closed","template":"","meta":[],"pwb-brand":[652],"product_cat":[612],"product_tag":[613,127,342],"class_list":{"0":"post-28225","1":"product","2":"type-product","3":"status-publish","4":"has-post-thumbnail","6":"pwb-brand-sibel","7":"product_cat-essentiels-coiffure-pour-etudiants","8":"product_tag-essentiels-coiffure-pour-etudiants","9":"product_tag-shampooing-et-coiffure","10":"product_tag-sibel","12":"first","13":"instock","14":"taxable","15":"shipping-taxable","16":"purchasable","17":"product-type-simple","18":"layout-style-3","19":"col-md-4 col-sm-4 col-xs-6","20":"col-lg-3","21":"product-style-default"},"aioseo_notices":[],"brands":[{"id":652,"name":"Sibel","slug":"sibel"}],"_links":{"self":[{"href":"https:\/\/cheveuxluxe.com\/index.php\/wp-json\/wp\/v2\/product\/28225","targetHints":{"allow":["GET"]}}],"collection":[{"href":"https:\/\/cheveuxluxe.com\/index.php\/wp-json\/wp\/v2\/product"}],"about":[{"href":"https:\/\/cheveuxluxe.com\/index.php\/wp-json\/wp\/v2\/types\/product"}],"replies":[{"embeddable":true,"href":"https:\/\/cheveuxluxe.com\/index.php\/wp-json\/wp\/v2\/comments?post=28225"}],"version-history":[{"count":0,"href":"https:\/\/cheveuxluxe.com\/index.php\/wp-json\/wp\/v2\/product\/28225\/revisions"}],"wp:featuredmedia":[{"embeddable":true,"href":"https:\/\/cheveuxluxe.com\/index.php\/wp-json\/wp\/v2\/media\/17360"}],"wp:attachment":[{"href":"https:\/\/cheveuxluxe.com\/index.php\/wp-json\/wp\/v2\/media?parent=28225"}],"wp:term":[{"taxonomy":"pwb-brand","embeddable":true,"href":"https:\/\/cheveuxluxe.com\/index.php\/wp-json\/wp\/v2\/pwb-brand?post=28225"},{"taxonomy":"product_cat","embeddable":true,"href":"https:\/\/cheveuxluxe.com\/index.php\/wp-json\/wp\/v2\/product_cat?post=28225"},{"taxonomy":"product_tag","embeddable":true,"href":"https:\/\/cheveuxluxe.com\/index.php\/wp-json\/wp\/v2\/product_tag?post=28225"}],"curies":[{"name":"wp","href":"https:\/\/api.w.org\/{rel}","templated":true}]}}