{"id":28240,"date":"2024-04-09T21:21:46","date_gmt":"2024-04-09T21:21:46","guid":{"rendered":"https:\/\/cheveuxluxe.com\/index.php\/product\/triumph-master-peigne-fuchsia\/"},"modified":"2024-04-13T14:22:32","modified_gmt":"2024-04-13T14:22:32","slug":"triumph-master-peigne-fuchsia","status":"publish","type":"product","link":"https:\/\/cheveuxluxe.com\/index.php\/product\/triumph-master-peigne-fuchsia\/","title":{"rendered":"Triumph Master Peigne Fuchsia"},"content":{"rendered":"<div class=\"product-content_bottom\">\n<div class=\"pdp-info\">\n<div class=\"pdp-tabs tab-container\">\n<div class=\"tab js-tab\">\n<h3 class=\"tab-title pdp-tabs_title js-tab-mobile-title open\"><span>Points cl\u00e9s<\/span><\/h3>\n<div class=\"tab-description pdp-tabs_description js-tab-description open\" itemprop=\"description\">\n<ul>\n<li> Peigne de coupe multi-usage<\/li>\n<li>Mise en plis<\/li>\n<li>Ergonomique<\/li>\n<li>Thermoplastique r\u00e9sistant<\/li>\n<li>Lissage de pr\u00e9cision <\/li>\n<\/ul>\n<\/div>\n<\/div>\n<div class=\"tab js-tab\">\n<h3 class=\"tab-title pdp-tabs_title js-tab-mobile-title\"><span>Description<\/span><\/h3>\n<div class=\"tab-description pdp-tabs_description js-tab-description\" itemprop=\"description\">Sign\u00e9 Triumph Master, le peigne de coupe 250 fuchsia est multi-usage. Il permet de d\u00e9m\u00ealer et de coiffer les cheveux, mais aide aussi lors de la r\u00e9alisation des coupes. Il est compos\u00e9 de deux parties\u00a0: les dents de la premi\u00e8re partie sont espac\u00e9es, tandis que celles de la deuxi\u00e8me sont beaucoup plus resserr\u00e9es, pour un d\u00e9m\u00ealage et un lissage de pr\u00e9cision.Ce peigne est con\u00e7u en thermoplastique r\u00e9sistant \u00e0 la chaleur et aux produits chimiques. Il est id\u00e9al pour la coupe, le s\u00e9chage et la mise en plis. Suffisamment souple, il ne risque pas de casser et prot\u00e8ge le cuir chevelu. Ergonomique, il est agr\u00e9able \u00e0 utiliser et permet de travailler avec pr\u00e9cision et rapidit\u00e9. Sa couleur fuchsia le rend facilement reconnaissable.Les peignes Triumph Master par Hercules S\u00e4gemann sont des accessoires professionnels destin\u00e9s aux coiffeurs. Ils sont fabriqu\u00e9s en Allemagne pour une qualit\u00e9 optimale.<\/div>\n<\/div>\n<div class=\"tab js-tab\">\n<h3 class=\"tab-title pdp-tabs_title js-tab-mobile-title\"><span>Mode d&#8217;emploi<\/span><\/h3>\n<div class=\"tab-description pdp-tabs_description js-tab-description\">Ce peigne peut \u00eatre utilis\u00e9 sur cheveux secs ou mouill\u00e9s.\u2013\u00a0S\u00e9parez une m\u00e8che de cheveux et d\u00e9m\u00ealez d\u00e9licatement.\u2013\u00a0Pour la coupe, faites glisser le peigne jusqu\u2019\u00e0 la longueur d\u00e9sir\u00e9e, puis proc\u00e9dez \u00e0 la coupe en prenant appui dessus.D\u00e9couvrez \u00e9galement les autres produits de la gamme Triumph Master, dont les peignes \u00e0 queue et fourchette.<\/div>\n<\/div>\n<div class=\"tab js-tab\">\n<h3 class=\"tab-title pdp-tabs_title js-tab-mobile-title\"><span>Ingr\u00e9dients<\/span><\/h3>\n<div class=\"tab-description pdp-tabs_description js-tab-description\">Polycarbonat<\/div>\n<\/div>\n<div class=\"tab js-tab\">\n<h3 class=\"tab-title pdp-tabs_title js-tab-mobile-title\"><span>Livraison et stock<\/span><\/h3>\n<div class=\"tab-description pdp-tabs_description js-tab-description\">\n<div class=\"pdp-delivery_info\">\n<div class=\"content-asset\">Livraison et d\u00e9laisRetours et remboursements<\/div>\n<\/div>\n<\/div>\n<\/div>\n<\/div>\n<\/div>\n<\/div>\n","protected":false},"excerpt":{"rendered":"<p>Points cl\u00e9s Peigne de coupe multi-usage Mise en plis Ergonomique Thermoplastique r\u00e9sistant Lissage de pr\u00e9cision&hellip;<\/p>\n","protected":false},"featured_media":28239,"comment_status":"open","ping_status":"closed","template":"","meta":[],"pwb-brand":[693],"product_cat":[612],"product_tag":[613,127,518],"class_list":{"0":"post-28240","1":"product","2":"type-product","3":"status-publish","4":"has-post-thumbnail","6":"pwb-brand-triumph-master","7":"product_cat-essentiels-coiffure-pour-etudiants","8":"product_tag-essentiels-coiffure-pour-etudiants","9":"product_tag-shampooing-et-coiffure","10":"product_tag-triumph-master","12":"first","13":"instock","14":"taxable","15":"shipping-taxable","16":"purchasable","17":"product-type-simple","18":"layout-style-3","19":"col-md-4 col-sm-4 col-xs-6","20":"col-lg-3","21":"product-style-default"},"aioseo_notices":[],"brands":[{"id":693,"name":"Triumph Master","slug":"triumph-master"}],"_links":{"self":[{"href":"https:\/\/cheveuxluxe.com\/index.php\/wp-json\/wp\/v2\/product\/28240","targetHints":{"allow":["GET"]}}],"collection":[{"href":"https:\/\/cheveuxluxe.com\/index.php\/wp-json\/wp\/v2\/product"}],"about":[{"href":"https:\/\/cheveuxluxe.com\/index.php\/wp-json\/wp\/v2\/types\/product"}],"replies":[{"embeddable":true,"href":"https:\/\/cheveuxluxe.com\/index.php\/wp-json\/wp\/v2\/comments?post=28240"}],"version-history":[{"count":0,"href":"https:\/\/cheveuxluxe.com\/index.php\/wp-json\/wp\/v2\/product\/28240\/revisions"}],"wp:featuredmedia":[{"embeddable":true,"href":"https:\/\/cheveuxluxe.com\/index.php\/wp-json\/wp\/v2\/media\/28239"}],"wp:attachment":[{"href":"https:\/\/cheveuxluxe.com\/index.php\/wp-json\/wp\/v2\/media?parent=28240"}],"wp:term":[{"taxonomy":"pwb-brand","embeddable":true,"href":"https:\/\/cheveuxluxe.com\/index.php\/wp-json\/wp\/v2\/pwb-brand?post=28240"},{"taxonomy":"product_cat","embeddable":true,"href":"https:\/\/cheveuxluxe.com\/index.php\/wp-json\/wp\/v2\/product_cat?post=28240"},{"taxonomy":"product_tag","embeddable":true,"href":"https:\/\/cheveuxluxe.com\/index.php\/wp-json\/wp\/v2\/product_tag?post=28240"}],"curies":[{"name":"wp","href":"https:\/\/api.w.org\/{rel}","templated":true}]}}