{"id":28247,"date":"2024-04-09T21:21:54","date_gmt":"2024-04-09T21:21:54","guid":{"rendered":"https:\/\/cheveuxluxe.com\/index.php\/product\/olivia-garden-essential-care-brush-flex-matte-black-medium-hair\/"},"modified":"2024-04-13T13:47:34","modified_gmt":"2024-04-13T13:47:34","slug":"olivia-garden-essential-care-brush-flex-matte-black-medium-hair","status":"publish","type":"product","link":"https:\/\/cheveuxluxe.com\/index.php\/product\/olivia-garden-essential-care-brush-flex-matte-black-medium-hair\/","title":{"rendered":"Olivia Garden Essential Care Brush Flex Matte Black &#8211; Medium Hair"},"content":{"rendered":"<div class=\"product-content_bottom\">\n<div class=\"pdp-info\">\n<div class=\"pdp-tabs tab-container\">\n<div class=\"tab js-tab\">\n<h3 class=\"tab-title pdp-tabs_title js-tab-mobile-title open\"><span>Points cl\u00e9s<\/span><\/h3>\n<div class=\"tab-description pdp-tabs_description js-tab-description open\" itemprop=\"description\">\n<ul>\n<li>C\u00e2lins au cuir chevelu<\/li>\n<li>D\u00e9m\u00ealage flexible et sans douleur<\/li>\n<li>N\u0153uds liss\u00e9s\u00a0: Pas de casse<\/li>\n<li>D\u00e9m\u00ealage doux et sans traction<\/li>\n<\/ul>\n<\/div>\n<\/div>\n<div class=\"tab js-tab\">\n<h3 class=\"tab-title pdp-tabs_title js-tab-mobile-title\"><span>Description<\/span><\/h3>\n<div class=\"tab-description pdp-tabs_description js-tab-description\" itemprop=\"description\">La brosse \u00e0 cheveux Essential Care Flex est la brosse parfaite pour d\u00e9m\u00ealer les cheveux fins. Gr\u00e2ce \u00e0 ses poils optimis\u00e9s, les cheveux seront d\u00e9m\u00eal\u00e9s sans douleur. De plus, sa forme flexible et incurv\u00e9e est parfaite pour atteindre plus de cheveux en une seule fois tout en fournissant de bons soins capillaires. Ses poils et sa forme font de cette brosse la brosse parfaite pour prendre soin des cheveux fins !<\/div>\n<\/div>\n<div class=\"tab js-tab\">\n<h3 class=\"tab-title pdp-tabs_title js-tab-mobile-title\"><span>Livraison et stock<\/span><\/h3>\n<div class=\"tab-description pdp-tabs_description js-tab-description\">\n<div class=\"pdp-delivery_info\">\n<div class=\"content-asset\">Livraison et d\u00e9laisRetours et remboursements<\/div>\n<\/div>\n<\/div>\n<\/div>\n<\/div>\n<\/div>\n<\/div>\n","protected":false},"excerpt":{"rendered":"<p>Points cl\u00e9s C\u00e2lins au cuir chevelu D\u00e9m\u00ealage flexible et sans douleur N\u0153uds liss\u00e9s\u00a0: Pas de&hellip;<\/p>\n","protected":false},"featured_media":28244,"comment_status":"open","ping_status":"closed","template":"","meta":[],"pwb-brand":[689],"product_cat":[503],"product_tag":[168,169,484],"class_list":{"0":"post-28247","1":"product","2":"type-product","3":"status-publish","4":"has-post-thumbnail","6":"pwb-brand-olivia-garden","7":"product_cat-materiel-de-coiffure-equipement-de-salon-22","8":"product_tag-equipement-de-salon","9":"product_tag-materiel-de-coiffure","10":"product_tag-olivia-garden","12":"first","13":"instock","14":"taxable","15":"shipping-taxable","16":"purchasable","17":"product-type-simple","18":"layout-style-3","19":"col-md-4 col-sm-4 col-xs-6","20":"col-lg-3","21":"product-has-gallery","22":"product-style-default"},"aioseo_notices":[],"brands":[{"id":689,"name":"Olivia Garden","slug":"olivia-garden"}],"_links":{"self":[{"href":"https:\/\/cheveuxluxe.com\/index.php\/wp-json\/wp\/v2\/product\/28247","targetHints":{"allow":["GET"]}}],"collection":[{"href":"https:\/\/cheveuxluxe.com\/index.php\/wp-json\/wp\/v2\/product"}],"about":[{"href":"https:\/\/cheveuxluxe.com\/index.php\/wp-json\/wp\/v2\/types\/product"}],"replies":[{"embeddable":true,"href":"https:\/\/cheveuxluxe.com\/index.php\/wp-json\/wp\/v2\/comments?post=28247"}],"version-history":[{"count":0,"href":"https:\/\/cheveuxluxe.com\/index.php\/wp-json\/wp\/v2\/product\/28247\/revisions"}],"wp:featuredmedia":[{"embeddable":true,"href":"https:\/\/cheveuxluxe.com\/index.php\/wp-json\/wp\/v2\/media\/28244"}],"wp:attachment":[{"href":"https:\/\/cheveuxluxe.com\/index.php\/wp-json\/wp\/v2\/media?parent=28247"}],"wp:term":[{"taxonomy":"pwb-brand","embeddable":true,"href":"https:\/\/cheveuxluxe.com\/index.php\/wp-json\/wp\/v2\/pwb-brand?post=28247"},{"taxonomy":"product_cat","embeddable":true,"href":"https:\/\/cheveuxluxe.com\/index.php\/wp-json\/wp\/v2\/product_cat?post=28247"},{"taxonomy":"product_tag","embeddable":true,"href":"https:\/\/cheveuxluxe.com\/index.php\/wp-json\/wp\/v2\/product_tag?post=28247"}],"curies":[{"name":"wp","href":"https:\/\/api.w.org\/{rel}","templated":true}]}}